{"id":4760,"date":"2014-02-19T11:59:01","date_gmt":"2014-02-19T15:59:01","guid":{"rendered":"https:\/\/www.iqqaumavara.com\/en\/%e1%91%ae%e1%93%87%e1%90%85%e1%94%ad%e1%91%8e%e1%92%8d%e1%91%a6-%e1%91%90%e1%93%82%e1%93%af%e1%93%af%e1%92%aa%e1%94%aa%e1%91%a6\/"},"modified":"2014-02-19T11:59:01","modified_gmt":"2014-02-19T15:59:01","slug":"%e1%91%ae%e1%93%87%e1%90%85%e1%94%ad%e1%91%8e%e1%92%8d%e1%91%a6-%e1%91%90%e1%93%82%e1%93%af%e1%93%af%e1%92%aa%e1%94%aa%e1%91%a6","status":"publish","type":"page","link":"https:\/\/iqqaumavara.com\/en\/iu\/%e1%91%ae%e1%93%87%e1%90%85%e1%94%ad%e1%91%8e%e1%92%8d%e1%91%a6-%e1%91%90%e1%93%82%e1%93%af%e1%93%af%e1%92%aa%e1%94%aa%e1%91%a6\/","title":{"rendered":"\u146e\u14c7\u1405\u152d\u144e\u148d\u1466 \u1450\u14c2\u14ef\u14ef\u14aa\u152a\u1466"},"content":{"rendered":"<p><center><a href=\"http:\/\/www.makivik.org\/building-nunavik\/ungaluk-program-safer-communities\/\" target=\"_blank\" rel=\"noopener\"><strong>Makivik Corporation and the Ungaluk program<\/strong><\/a><br \/>\n<strong><a href=\"http:\/\/www.onf.ca\/\" target=\"_blank\" rel=\"noopener\">National Film Board of Canada<\/a> &#8211; <a href=\"http:\/\/www.onf.ca\/unikkausivut\" target=\"_blank\" rel=\"noopener\">Unikkausivut : Sharing our stories<\/a><\/strong><\/p>\n<p><a href=\"http:\/\/www.productionsducerf-volant.ca\/\" target=\"_blank\" rel=\"noopener\"><strong>Les Productions du Cerf-Volant Inc.<\/strong><\/a><\/p>\n<p><a href=\"https:\/\/www.aadnc-aandc.gc.ca\/\" target=\"_blank\" rel=\"noopener\"><strong>Aboriginal Affairs and Northern Development Canada- Government of Canada<\/strong><\/a><\/p>\n<p><a href=\"http:\/\/www.mineraglan.ca\" target=\"_blank\" rel=\"noopener\"><strong>Raglan Mine<\/strong><\/a><\/p>\n<p><a href=\"http:\/\/www.autochtones.gouv.qc.ca\/index.asp\" target=\"_blank\" rel=\"noopener\"><strong>Secr\u00e9tariat aux affaires autochtones \u2013Gouvernement du Qu\u00e9bec<\/strong><\/a><\/p>\n<p><a href=\"http:\/\/www.gov.nu.ca\/\" target=\"_blank\" rel=\"noopener\"><strong>Government of Nunavut<\/strong> <\/a><\/p>\n<p><a href=\"http:\/\/www.airinuit.com\/\" target=\"_blank\" rel=\"noopener\"><strong>Air Inuit<\/strong><\/a><\/p>\n<p><a href=\"http:\/\/www.firstair.ca\" target=\"_blank\" rel=\"noopener\"><strong>First Air<\/strong><\/a><\/p>\n<p><a href=\"http:\/\/www.grisefiord.ca\/eng\/index.html\" target=\"_blank\" rel=\"noopener\"><strong>Hamlet of Grise Fiord<\/strong><\/a><\/p>\n<p><a href=\"http:\/\/www.krg.ca\/\" target=\"_blank\" rel=\"noopener\"><strong>Kativik Regional Government<\/strong><\/a><\/p>\n<p><strong><a href=\"http:\/\/www.fcnq.ca\/webconcepteur\/web\/fcnq\" target=\"_blank\" rel=\"noopener\">La F\u00e9d\u00e9ration des coop\u00e9ratives du Nouveau-Qu\u00e9bec<\/a><\/strong><\/p>\n<p><a href=\"http:\/\/www.southcampinn.com\/\" target=\"_blank\" rel=\"noopener\"><strong>South Camp Inn<\/strong><\/a><\/center><\/p>\n","protected":false},"excerpt":{"rendered":"<p>Makivik Corporation and the Ungaluk program National Film Board of Canada &#8211; Unikkausivut : Sharing our stories Les Productions du Cerf-Volant Inc. Aboriginal Affairs and Northern Development Canada- Government of Canada Raglan Mine Secr\u00e9tariat aux affaires autochtones \u2013Gouvernement du Qu\u00e9bec Government of Nunavut Air Inuit First Air Hamlet of Grise Fiord Kativik Regional Government La [&hellip;]<\/p>\n","protected":false},"author":6,"featured_media":0,"parent":0,"menu_order":0,"comment_status":"open","ping_status":"open","template":"page-fullwidth.php","meta":{"ngg_post_thumbnail":0,"footnotes":""},"class_list":["post-4760","page","type-page","status-publish","hentry"],"jetpack_shortlink":"https:\/\/wp.me\/P2YleB-1eM","jetpack_sharing_enabled":true,"_links":{"self":[{"href":"https:\/\/iqqaumavara.com\/en\/iu\/wp-json\/wp\/v2\/pages\/4760","targetHints":{"allow":["GET"]}}],"collection":[{"href":"https:\/\/iqqaumavara.com\/en\/iu\/wp-json\/wp\/v2\/pages"}],"about":[{"href":"https:\/\/iqqaumavara.com\/en\/iu\/wp-json\/wp\/v2\/types\/page"}],"author":[{"embeddable":true,"href":"https:\/\/iqqaumavara.com\/en\/iu\/wp-json\/wp\/v2\/users\/6"}],"replies":[{"embeddable":true,"href":"https:\/\/iqqaumavara.com\/en\/iu\/wp-json\/wp\/v2\/comments?post=4760"}],"version-history":[{"count":0,"href":"https:\/\/iqqaumavara.com\/en\/iu\/wp-json\/wp\/v2\/pages\/4760\/revisions"}],"wp:attachment":[{"href":"https:\/\/iqqaumavara.com\/en\/iu\/wp-json\/wp\/v2\/media?parent=4760"}],"curies":[{"name":"wp","href":"https:\/\/api.w.org\/{rel}","templated":true}]}}