{"id":4752,"date":"2014-02-19T11:54:17","date_gmt":"2014-02-19T15:54:17","guid":{"rendered":"https:\/\/www.iqqaumavara.com\/en\/%e1%90%b1%e1%93%87%e1%93%b1%e1%96%83%e1%91%8e%e1%92%8c%e1%91%a6%e1%91%90%e1%91%a6\/"},"modified":"2014-02-19T11:54:17","modified_gmt":"2014-02-19T15:54:17","slug":"%e1%90%b1%e1%93%87%e1%93%b1%e1%96%83%e1%91%8e%e1%92%8c%e1%91%a6%e1%91%90%e1%91%a6","status":"publish","type":"page","link":"https:\/\/iqqaumavara.com\/en\/iu\/%e1%90%b1%e1%93%87%e1%93%b1%e1%96%83%e1%91%8e%e1%92%8c%e1%91%a6%e1%91%90%e1%91%a6\/","title":{"rendered":"\u1431\u14c7\u14f1\u1583\u144e\u148c\u1466\u1450\u1466"},"content":{"rendered":"<p><center><\/p>\n<h2>IQQAUMAVARA<\/h2>\n<h3>A co-production of<br \/>\nMakivik Corporation<br \/>\nand<br \/>\nThe National Film Board of Canada<\/h3>\n<p><strong>Producers<\/strong><br \/>\nMarquise Lepage<br \/>\nJean-Fran\u00e7ois Arteau<br \/>\nFran\u00e7ois Dorval<br \/>\nJohanne Bergeron (ONF)<\/p>\n<p><strong>Associate Producers<\/strong><br \/>\nLes Productions du\u00a0 Cerf-Volant<br \/>\n\u00c9vang\u00e9line De Pas<br \/>\nGenevi\u00e8ve Thibert<\/p>\n<p><strong>Original Idea<\/strong><br \/>\nMarquise Lepage<br \/>\nMartha Flaherty<\/p>\n<h3>CREATIVE TEAM<\/h3>\n<p><strong>Site Design and Directing<\/strong><br \/>\nMarquise Lepage<br \/>\n\u00c9vang\u00e9line De Pas<br \/>\nGenevi\u00e8ve Thibert<\/p>\n<p><strong>Production Coordinators<\/strong><br \/>\n\u00c9vang\u00e9line De Pas<br \/>\nMarquise Lepage<\/p>\n<p><strong>Cinematography<\/strong><br \/>\n\u00c9vang\u00e9line De Pas<br \/>\nGenevi\u00e8ve Thibert<\/p>\n<p><strong>Production Sound<\/strong><br \/>\nGenevi\u00e8ve Thibert<br \/>\n\u00c9vang\u00e9line De Pas<\/p>\n<p><strong>Editing<\/strong><br \/>\nGenevieve Thibert<\/p>\n<p><strong>Original Score<\/strong><br \/>\nGuillaume Roux<\/p>\n<p><strong>Throat Singing<\/strong><br \/>\nLarissa Flaherty<br \/>\nKaren Flaherty<\/p>\n<p><strong>Production Translators<\/strong><br \/>\nMartha Flaherty<br \/>\nSarah Idlout<br \/>\nEleanore Arreak<\/p>\n<p><strong>Coordination Services in the Communities<\/strong><br \/>\nMartha Flaherty<br \/>\nSarah Idlout<br \/>\nCharlie Nowkawalk<br \/>\nElizabeth Allakariallak<br \/>\nEleanore Arreak<br \/>\nLouisa Sudlovenick Gillespie<\/p>\n<p><strong>Training<\/strong><br \/>\nGenevi\u00e8ve Thibert<br \/>\n\u00c9vang\u00e9line De Pas<br \/>\nMarquise Lepage<\/p>\n<p><strong>Interns<\/strong><br \/>\nLinus Kasudluak<br \/>\nMartha May Naktialuk<br \/>\nSarah Samisak<br \/>\nPJ Attagootak<br \/>\nLevi Kautaq<br \/>\nArnarulunnguaq Audlaluk<br \/>\nPauline Akeeagok<br \/>\nKristine Audlaluk-Watsko<\/p>\n<p><strong>Still Photography<\/strong><br \/>\n\u00c9vang\u00e9line De Pas<br \/>\nGenevi\u00e8ve Thibert<br \/>\nMarquise Lepage<\/p>\n<p><strong>Administrators<\/strong><br \/>\nAngelo Mannetta (Makivik Corporation)<br \/>\nMarquise Lepage<\/p>\n<p><strong>Narration<\/strong><br \/>\nBeatrice Deer<br \/>\nGenevieve Thibert<\/p>\n<p><strong>Voice Over Recording<\/strong><br \/>\nGaelle Kom\u00e0r<\/p>\n<p><strong>Inuktitut Translation and Voice Over<\/strong><br \/>\nJobie Weetaluktuk<br \/>\nMartha Flaherty<br \/>\nBeatrice Deer<br \/>\nCharles Keelan<\/p>\n<p><strong>Translation and Subtitles<\/strong><br \/>\n\u00c9vang\u00e9line De Pas<br \/>\nGenevi\u00e8ve Thibert<br \/>\nNathalie Tannous<br \/>\nJobie Weetaluktuk<br \/>\nBeatrice Deer<br \/>\nGaelle Kom\u00e0r<br \/>\nMartha Flaherty<br \/>\nElisapie Flaherty<br \/>\nCharles Keelan<br \/>\nNo\u00e9mie De Pas<br \/>\nMorgan Arnakallak<br \/>\nFran\u00e7ois Dompierre<br \/>\nMarquise Lepage<br \/>\nPascal Delorme<br \/>\nAlice Le Guern-Lepage<\/p>\n<p><strong>Re-Recording Mixing<\/strong><br \/>\nGaelle Kom\u00e0r<br \/>\nGenevi\u00e8ve Thibert<\/p>\n<p><strong>Color Correction<\/strong><br \/>\nFran\u00e7ois Dompierre<br \/>\nGenevi\u00e8ve Thibert<\/p>\n<p><strong>Graphic Design<\/strong><br \/>\nMargarita Mezza<\/p>\n<p><strong>Illustrations<\/strong><br \/>\nSt\u00e9phan Daigle<\/p>\n<p><strong>Web Design<\/strong><br \/>\nMartin Comeau<\/p>\n<p><strong>Logo and Graphic Design<\/strong><br \/>\nLemstyle<\/p>\n<p>&nbsp;<\/p>\n<h3>FOR THE NATIONAL FILM BOARD<\/h3>\n<p><strong>Marketing<\/strong><br \/>\nFran\u00e7ois Jacques<br \/>\nwith the help of Catherine Benoit<\/p>\n<p><strong>Administrator<\/strong><br \/>\nSia Koukoulas<\/p>\n<p><strong>Production Coordinator<\/strong><br \/>\nH\u00e9l\u00e8ne Regimbal<\/p>\n<p><strong>Administrative assistants<\/strong><br \/>\nPerrine Bral<br \/>\nSophie Dupuis<\/p>\n<p><strong>Special Thanks<\/strong><\/p>\n<p>From the bottom of our hearts, a warm thank you to Pita Aatami who always believed in and supported this project, as well as to Monique Simard.<\/p>\n<p>We would also like to sincerely thank all the people who decided to share their story with us, as well as the wonderful communities that welcomed us and made us feel at home. Likewise, a special thank you to <a title=\"Sponsors\" href=\"http:\/\/www.iqqaumavara.com\/en\/sponsors\/\">our partners. <\/a>for their solidarity throughout the project.<\/p>\n<p>Copyright \u00a9MAKIVIK 2014<\/p>\n<p><\/center><\/p>\n","protected":false},"excerpt":{"rendered":"<p>IQQAUMAVARA A co-production of Makivik Corporation and The National Film Board of Canada Producers Marquise Lepage Jean-Fran\u00e7ois Arteau Fran\u00e7ois Dorval Johanne Bergeron (ONF) Associate Producers Les Productions du\u00a0 Cerf-Volant \u00c9vang\u00e9line De Pas Genevi\u00e8ve Thibert Original Idea Marquise Lepage Martha Flaherty CREATIVE TEAM Site Design and Directing Marquise Lepage \u00c9vang\u00e9line De Pas Genevi\u00e8ve Thibert Production Coordinators [&hellip;]<\/p>\n","protected":false},"author":6,"featured_media":0,"parent":0,"menu_order":0,"comment_status":"open","ping_status":"open","template":"page-fullwidth.php","meta":{"ngg_post_thumbnail":0,"footnotes":""},"class_list":["post-4752","page","type-page","status-publish","hentry"],"jetpack_shortlink":"https:\/\/wp.me\/P2YleB-1eE","jetpack_sharing_enabled":true,"_links":{"self":[{"href":"https:\/\/iqqaumavara.com\/en\/iu\/wp-json\/wp\/v2\/pages\/4752","targetHints":{"allow":["GET"]}}],"collection":[{"href":"https:\/\/iqqaumavara.com\/en\/iu\/wp-json\/wp\/v2\/pages"}],"about":[{"href":"https:\/\/iqqaumavara.com\/en\/iu\/wp-json\/wp\/v2\/types\/page"}],"author":[{"embeddable":true,"href":"https:\/\/iqqaumavara.com\/en\/iu\/wp-json\/wp\/v2\/users\/6"}],"replies":[{"embeddable":true,"href":"https:\/\/iqqaumavara.com\/en\/iu\/wp-json\/wp\/v2\/comments?post=4752"}],"version-history":[{"count":0,"href":"https:\/\/iqqaumavara.com\/en\/iu\/wp-json\/wp\/v2\/pages\/4752\/revisions"}],"wp:attachment":[{"href":"https:\/\/iqqaumavara.com\/en\/iu\/wp-json\/wp\/v2\/media?parent=4752"}],"curies":[{"name":"wp","href":"https:\/\/api.w.org\/{rel}","templated":true}]}}