{"id":4299,"date":"2013-02-22T08:27:23","date_gmt":"2013-02-22T12:27:23","guid":{"rendered":"https:\/\/www.iqqaumavara.com\/en\/%e1%90%83%e1%93%84%e1%91%a6%e1%91%8e%e1%92%8d%e1%91%a6-%e1%92%aa%e1%91%ad%e1%91%89%e1%90%b8%e1%93%95%e1%90%8a%e1%92%90%e1%93%b1%e1%90%8a%e1%95%90%e1%91%90%e1%93%95%e1%95%86%e1%93%82%e1%95%90%e1%92%a5\/"},"modified":"2013-02-22T08:27:23","modified_gmt":"2013-02-22T12:27:23","slug":"%e1%90%83%e1%93%84%e1%91%a6%e1%91%8e%e1%92%8d%e1%91%a6-%e1%92%aa%e1%91%ad%e1%91%89%e1%90%b8%e1%93%95%e1%90%8a%e1%92%90%e1%93%b1%e1%90%8a%e1%95%90%e1%91%90%e1%93%95%e1%95%86%e1%93%82%e1%95%90%e1%92%a5","status":"publish","type":"page","link":"https:\/\/iqqaumavara.com\/en\/iu\/%e1%90%83%e1%93%84%e1%91%a6%e1%91%8e%e1%92%8d%e1%91%a6-%e1%92%aa%e1%91%ad%e1%91%89%e1%90%b8%e1%93%95%e1%90%8a%e1%92%90%e1%93%b1%e1%90%8a%e1%95%90%e1%91%90%e1%93%95%e1%95%86%e1%93%82%e1%95%90%e1%92%a5\/","title":{"rendered":"\u1403\u14c4\u1466\u144e\u148d\u1466 \u14aa\u146d\u1449\u1438\u14d5\u140a\u1490\u14f1\u140a\u1550\u1450\u14d5\u1546\u14c2\u1550\u14a5\u1483"},"content":{"rendered":"<p style=\"text-align: center;\"><img loading=\"lazy\" decoding=\"async\" class=\"size-full wp-image-814 aligncenter\" src=\"http:\/\/www.iqqaumavara.com\/en\/wp-content\/uploads\/2012\/07\/Markoosie_Patsauq.jpg\" alt=\"Markoosie Patsauq\" width=\"563\" height=\"329\" srcset=\"https:\/\/iqqaumavara.com\/en\/wp-content\/uploads\/2012\/07\/Markoosie_Patsauq.jpg 563w, https:\/\/iqqaumavara.com\/en\/wp-content\/uploads\/2012\/07\/Markoosie_Patsauq-300x175.jpg 300w\" sizes=\"auto, (max-width: 563px) 100vw, 563px\" \/><\/p>\n<p style=\"text-align: center;\"><a class=\"fancybox-vimeo\" href=\"https:\/\/player.vimeo.com\/video\/60018098\">Voir la premi\u00e8re partie<\/a> | <a href=\"https:\/\/player.vimeo.com\/video\/55107997\">2\u00e8me partie<\/a> | <a href=\"http:\/\/player.vimeo.com\/video\/55115742\">3\u00e8me partie<\/a> <a href=\"http:\/\/www.iqqaumavara.com\/en\/collection-simeonie-amagoalik-2\/\">Consulter la banque d&#8217;images de Markoosie Patsauq<\/a> | <a href=\"http:\/\/www.iqqaumavara.com\/en\/wp-content\/uploads\/2012\/12\/Verb_EN_MarkoosiePatsauq_FINAL.pdf\">T\u00e9l\u00e9charger le verbatim<\/a><\/p>\n<hr>\n<p><strong>Markoosie a \u00e9t\u00e9 d\u00e9plac\u00e9 \u00e0 Resolute Bay en 1953 avec ses parents; Edith et Alex Patsauq et ses trois fr\u00e8res.<\/strong> <\/p>\n<blockquote >\n<p class=\"qp\">\n<p>\u00ab&nbsp; \u144e\u14a5\u1405\u152a\u1585 \u152d \u14aa\u146d\u155d\u1555\u1405\u1449 \u144e\u14d5\u152d\u1405\u14ef\u14aa\u148d\u144e\u1593 \u1431\u14c2\u140a\u1550\u14c2\u14d5\u1546\u14c2\u144e\u148d\u1466, \u1403\u14d7\u1550\u1581\u14ef\u1550\u144e\u148d\u1466 \u14aa\u146d\u1455\u1490\u14f1\u140a\u1550\u14c2\u144e\u148d\u14ea\u14d7 \u14aa\u146d\u155d\u1555\u1483 \u14ef\u1557\u14d5\u1550\u144e\u1405\u1559\u1466\u1450\u1585 \u1431\u1548\u1550\u144e\u14ef\u14c2\u1550\u14a5\u1483 \u14f4\u1550\u157f\u144e\u1466\u14ef\u14c2\u1550\u14a5 \u14d7 \u14c4\u14c7\u1405\u152a\u14a5\u1483 \u144c\u152d\u1405\u14c2\u1583\u1550\u1450\u14a5\u1483 \u14c4\u14c7\u1555\u14bb\u14a5\u1483, \u1472\u14c7\u1455\u14a5\u1405\u1591\u1466\u14f1\u144e\u1483 \u146f\u142f\u14bb\u14a5\u1405\u1591\u1466\u14f1\u144e\u14ea\u14d7 \u1403\u14c4\u1403\u1466 \u14c4\u14c7\u148b\u152d\u1593\u14c2\u1483 \u140a\u1466\u1528\u1405\u158f\u1466\u1451\u148d\u144e\u148b\u1466\u14f1\u148d \u146d\u14c7\u1405\u14c2\u158f\u14d0\u14c2\u14d7 \u1583\u1405\u1528\u14aa\u1405\u144e\u148b\u1466\u14f1\u148d. \u14aa\u146d\u155d\u1555\u1483 \u1403\u14c4\u1466\u144e\u1450\u1466 \u1450\u146d\u1583\u1550\u1450\u1585 \u201c\u14aa\u146d\u14d0\u14c2\u14a5\u1483\u201d \u140a\u1466\u14ef\u1455\u1405\u14ef\u14aa\u148d\u144e\u1593 \u1455\u14a1\u148d\u1593 \u144e\u14a5\u1405\u152a\u14a7\u1466 \u14c8\u14bb\u14aa\u14c8\u1466\u14ef\u140a\u14f1\u14c2 \u144e\u14d5\u152d\u1405\u148d\u144e\u1583\u1550\u14ef\u14aa\u14bb\u14aa\u1466 \u14f4\u1433\u14bb\u14a5\u14c2\u140a\u1550\u14d7\u14c2 \u1431\u148d\u14d0\u14c7\u1405\u144e\u148b\u152d\u1405\u152a\u14c2\u1483, \u1431\u14c7\u14f1\u140a\u1548\u14aa\u152d\u1405\u152a\u14c2\u1483 \u146e\u14c7\u1405\u152d\u1550\u1456\u1546\u152d\u1405\u14ef\u14aa\u152a\u14c2\u14ea\u14d7 \u1403\u14c4\u14d0\u14c4\u1466 1975-\u1591\u144e\u14ea\u14d7\u148d \u1526\u14a5\u14ef \u142f\u1449 \u146f\u142f\u14ea\u14d7 \u1455\u1550\u154b\u1593\u1455 \u140a\u158f\u1583\u144e\u148c\u14d0\u14c2\u1593\u148d\u1466, \u1456\u14d0\u14c7 \u14ef\u1557\u14ea\u14d5\u1439\u1591\u1466\u14f1\u14c2 \u14c4\u14c7\u1456\u1550\u14c2\u14a7\u1466 \u140a\u158f\u1583\u144e\u148c\u148d\u144e\u1405\u14ef\u14aa\u152a\u1585 \u1472\u14c7\u1455\u14a5 \u1583\u14bb\u14a5\u1405\u14c2\u1550\u14f4\u146f\u14ea\u14d7 \u1455\u1546\u1405\u14a6\u1466\u1450\u14c4\u1466 \u140a\u158f\u1583\u144e\u148c\u148d\u144e\u14d5\u1405\u1550\u1583\u14a5\u14da\u1405\u152a\u1466\u14f1\u144e\u1483 \u14c4\u14c7\u1555\u14bb\u14a5 \u1403\u14c4\u1403\u1466 \u14c4\u14c7\u1456\u1550\u14c2\u14a7\u1466 \u140a\u158f\u1583\u144e\u148c\u148d\u144e\u1593\u148d\u1466 \u1456\u14d0\u14c7 \u140a\u1450\u14d5\u1550\u144e\u1455\u1405\u14da\u1405\u152a\u1585 2008-\u14a5. \u144e\u14a5\u1405\u152b\u1449 \u144e\u14d5\u152d\u1405\u14ef\u14aa\u148d\u144e\u1593\u1455 \u140a\u1466\u1528\u1405\u158f\u1466\u1451\u152a\u1585 \u14c7\u14bb\u14a5\u14c2\u1581\u144e\u1583\u1550\u14f1\u14c2 \u1403\u158f\u1550\u154b\u144e\u1466\u14ef\u14f1\u14c2\u14d7 \u1584\u158f\u1550\u14c2\u146f\u14d5\u1405\u1550\u144e\u14aa\u1546\u14d0\u14c2\u1483 \u1431\u14c7\u14f1\u1490\u1583\u1548\u144e\u1405\u148d\u14d0\u14c7\u1450\u14c2\u1483; \u00bb <\/p>\n<p><cite>Markoosie Patsauq<\/cite><\/p><\/blockquote>\n","protected":false},"excerpt":{"rendered":"<p>Voir la premi\u00e8re partie | 2\u00e8me partie | 3\u00e8me partie Consulter la banque d&#8217;images de Markoosie Patsauq | T\u00e9l\u00e9charger le verbatim Markoosie a \u00e9t\u00e9 d\u00e9plac\u00e9 \u00e0 Resolute Bay en 1953 avec ses parents; Edith et Alex Patsauq et ses trois fr\u00e8res.<\/p>\n","protected":false},"author":6,"featured_media":0,"parent":0,"menu_order":0,"comment_status":"open","ping_status":"open","template":"page-fullwidth.php","meta":{"ngg_post_thumbnail":0,"footnotes":""},"class_list":["post-4299","page","type-page","status-publish","hentry"],"jetpack_shortlink":"https:\/\/wp.me\/P2YleB-17l","jetpack_sharing_enabled":true,"_links":{"self":[{"href":"https:\/\/iqqaumavara.com\/en\/iu\/wp-json\/wp\/v2\/pages\/4299","targetHints":{"allow":["GET"]}}],"collection":[{"href":"https:\/\/iqqaumavara.com\/en\/iu\/wp-json\/wp\/v2\/pages"}],"about":[{"href":"https:\/\/iqqaumavara.com\/en\/iu\/wp-json\/wp\/v2\/types\/page"}],"author":[{"embeddable":true,"href":"https:\/\/iqqaumavara.com\/en\/iu\/wp-json\/wp\/v2\/users\/6"}],"replies":[{"embeddable":true,"href":"https:\/\/iqqaumavara.com\/en\/iu\/wp-json\/wp\/v2\/comments?post=4299"}],"version-history":[{"count":0,"href":"https:\/\/iqqaumavara.com\/en\/iu\/wp-json\/wp\/v2\/pages\/4299\/revisions"}],"wp:attachment":[{"href":"https:\/\/iqqaumavara.com\/en\/iu\/wp-json\/wp\/v2\/media?parent=4299"}],"curies":[{"name":"wp","href":"https:\/\/api.w.org\/{rel}","templated":true}]}}