{"id":4762,"date":"2014-02-19T20:43:31","date_gmt":"2014-02-20T00:43:31","guid":{"rendered":"https:\/\/www.iqqaumavara.com\/en\/archives-2\/"},"modified":"2014-02-19T20:43:31","modified_gmt":"2014-02-20T00:43:31","slug":"archives-2","status":"publish","type":"page","link":"https:\/\/iqqaumavara.com\/en\/fr\/archives-2\/","title":{"rendered":"Archives"},"content":{"rendered":"<p><center><\/p>\n<h4>Voici des photos d\u2019archive personnelles qui ont \u00e9t\u00e9 g\u00e9n\u00e9reusement fournies par des gens qui ont v\u00e9cu la reinstallation.<\/h4>\n<p><\/center><\/p>\n<hr>\n<table cellspacing=\"30*\">\n<tbody>\n<tr>\n<td width=\"50%\"><a href=\"http:\/\/www.iqqaumavara.com\/en\/fr\/1078-2\/\"><img loading=\"lazy\" decoding=\"async\" class=\"size-full wp-image-1326 aligncenter\" alt=\"Photo Gallery\" src=\"http:\/\/www.iqqaumavara.com\/en\/wp-content\/uploads\/2014\/02\/Simeonie.jpg\" width=\"418\" height=\"262\" \/><\/a><\/p>\n<h4 style=\"text-align: center;\">Galerie photo de Simeonie Amagoalik<\/h4>\n<\/td>\n<td><img loading=\"lazy\" decoding=\"async\" class=\"aligncenter size-full wp-image-1338\" alt=\"spacer\" src=\"http:\/\/www.iqqaumavara.com\/en\/wp-content\/uploads\/2013\/10\/spacer.jpg\" width=\"55\" height=\"14\" \/><\/td>\n<td width=\"50%\"><a href=\"http:\/\/www.iqqaumavara.com\/en\/fr\/collection-of-louisa-sudlovenick-gillespie\/\"><img loading=\"lazy\" decoding=\"async\" class=\"size-full wp-image-1368 aligncenter\" alt=\"Photo Gallery\" src=\"http:\/\/www.iqqaumavara.com\/en\/wp-content\/uploads\/2014\/02\/Louisa.jpg\" width=\"418\" height=\"262\" \/><\/a><\/p>\n<h4 style=\"text-align: center;\">Galerie photo de Louisa Sudlovenick Gillespie<\/h4>\n<\/td>\n<\/tr>\n<tr>\n<td width=\"50%\"><a href=\"http:\/\/www.iqqaumavara.com\/en\/fr\/collection-of-ziphorah-kalluk\/\"><img loading=\"lazy\" decoding=\"async\" class=\"aligncenter size-full wp-image-1377\" alt=\"Photo Gallery\" src=\"http:\/\/www.iqqaumavara.com\/en\/wp-content\/uploads\/2014\/02\/Zipporah.jpg\" width=\"418\" height=\"262\" \/><\/a><\/p>\n<h4 style=\"text-align: center;\">Galerie photo de Zipporah Kalluk<\/h4>\n<\/td>\n<td><img loading=\"lazy\" decoding=\"async\" class=\"aligncenter size-full wp-image-1338\" alt=\"spacer\" src=\"http:\/\/www.iqqaumavara.com\/en\/wp-content\/uploads\/2013\/10\/spacer.jpg\" width=\"55\" height=\"14\" \/><\/td>\n<td width=\"50%\"><a href=\"http:\/\/www.iqqaumavara.com\/en\/fr\/elizabeth-allakariallak-roberts-gallery\/\"><img loading=\"lazy\" decoding=\"async\" class=\"aligncenter size-full wp-image-1379\" alt=\"Photo Gallery\" src=\"http:\/\/www.iqqaumavara.com\/en\/wp-content\/uploads\/2014\/02\/Eliz.jpg\" width=\"418\" height=\"262\" \/><\/a><\/p>\n<h4 style=\"text-align: center;\">Galerie photo de Elizabeth Allakariallak Roberts<\/h4>\n<\/td>\n<\/tr>\n<tr>\n<td width=\"50%\"><a href=\"http:\/\/www.iqqaumavara.com\/en\/fr\/collection-of-others\/\"><img loading=\"lazy\" decoding=\"async\" class=\"aligncenter size-full wp-image-1377\" alt=\"Photo Gallery\" src=\"http:\/\/www.iqqaumavara.com\/en\/wp-content\/uploads\/2014\/02\/Others.jpg\" width=\"418\" height=\"262\" \/><\/a><\/p>\n<h4 style=\"text-align: center;\">Autres photographies<\/h4>\n<\/td>\n<td><img loading=\"lazy\" decoding=\"async\" class=\"aligncenter size-full wp-image-1338\" alt=\"spacer\" src=\"http:\/\/www.iqqaumavara.com\/en\/wp-content\/uploads\/2013\/10\/spacer.jpg\" width=\"55\" height=\"14\" \/><\/td>\n<td width=\"50%\"><a href=\"http:\/\/www.iqqaumavara.com\/en\/fr\/iqqaumavara-gallery\/\"><img loading=\"lazy\" decoding=\"async\" class=\"aligncenter size-full wp-image-1379\" alt=\"Photo Gallery\" src=\"http:\/\/www.iqqaumavara.com\/en\/wp-content\/uploads\/2014\/02\/Iqqaumavara.jpg\" width=\"418\" height=\"262\" \/><\/a><\/p>\n<h4 style=\"text-align: center;\">Galerie photo de Iqqaumavara<\/h4>\n<\/td>\n<\/tr>\n<\/tbody>\n<\/table>\n<p><!--more--><\/p>\n","protected":false},"excerpt":{"rendered":"<p>Voici des photos d\u2019archive personnelles qui ont \u00e9t\u00e9 g\u00e9n\u00e9reusement fournies par des gens qui ont v\u00e9cu la reinstallation. Galerie photo de Simeonie Amagoalik Galerie photo de Louisa Sudlovenick Gillespie Galerie photo de Zipporah Kalluk Galerie photo de Elizabeth Allakariallak Roberts Autres photographies Galerie photo de Iqqaumavara<\/p>\n","protected":false},"author":6,"featured_media":0,"parent":0,"menu_order":0,"comment_status":"open","ping_status":"open","template":"page-fullwidth.php","meta":{"ngg_post_thumbnail":0,"footnotes":""},"class_list":["post-4762","page","type-page","status-publish","hentry"],"jetpack_shortlink":"https:\/\/wp.me\/P2YleB-1eO","jetpack_sharing_enabled":true,"_links":{"self":[{"href":"https:\/\/iqqaumavara.com\/en\/fr\/wp-json\/wp\/v2\/pages\/4762","targetHints":{"allow":["GET"]}}],"collection":[{"href":"https:\/\/iqqaumavara.com\/en\/fr\/wp-json\/wp\/v2\/pages"}],"about":[{"href":"https:\/\/iqqaumavara.com\/en\/fr\/wp-json\/wp\/v2\/types\/page"}],"author":[{"embeddable":true,"href":"https:\/\/iqqaumavara.com\/en\/fr\/wp-json\/wp\/v2\/users\/6"}],"replies":[{"embeddable":true,"href":"https:\/\/iqqaumavara.com\/en\/fr\/wp-json\/wp\/v2\/comments?post=4762"}],"version-history":[{"count":0,"href":"https:\/\/iqqaumavara.com\/en\/fr\/wp-json\/wp\/v2\/pages\/4762\/revisions"}],"wp:attachment":[{"href":"https:\/\/iqqaumavara.com\/en\/fr\/wp-json\/wp\/v2\/media?parent=4762"}],"curies":[{"name":"wp","href":"https:\/\/api.w.org\/{rel}","templated":true}]}}