{"id":4759,"date":"2014-02-19T11:59:01","date_gmt":"2014-02-19T15:59:01","guid":{"rendered":"https:\/\/www.iqqaumavara.com\/en\/partenaires\/"},"modified":"2014-02-19T11:59:01","modified_gmt":"2014-02-19T15:59:01","slug":"partenaires","status":"publish","type":"page","link":"https:\/\/iqqaumavara.com\/en\/fr\/partenaires\/","title":{"rendered":"Partenaires"},"content":{"rendered":"<p><center><strong><a href=\"http:\/\/www.makivik.org\/\" target=\"_blank\" rel=\"noopener\">Soci\u00e9t\u00e9 Makivik et le programme Ungaluk<\/a><\/p>\n<p><a href=\"http:\/\/www.onf.ca\/ \" target=\"_blank\" rel=\"noopener\">Office National du film du Canada<\/a> &#8211; <a href=\"www.onf.ca\/unikkausivut\" target=\"_blank\" rel=\"noopener\">Unikkausivut : transmettre nos histoires<\/a><\/p>\n<p><a href=\"http:\/\/www.productionsducerf-volant.ca\/\" target=\"_blank\" rel=\"noopener\">Les Productions du Cerf-Volant Inc.<\/a><\/p>\n<p><a href=\"https:\/\/www.aadnc-aandc.gc.ca\/\" target=\"_blank\" rel=\"noopener\">Affaires autochtones et D\u00e9veloppement du Nord Canada \u2013 Gouvernement du Canada<\/a><\/p>\n<p><a href=\"http:\/\/www.mineraglan.ca\/FR\/Pages\/default.aspx\" target=\"_blank\" rel=\"noopener\">Mine Raglan<\/a><\/p>\n<p><a href=\"http:\/\/www.autochtones.gouv.qc.ca\/index.asp\" target=\"_blank\" rel=\"noopener\">Secr\u00e9tariat aux affaires autochtones \u2013Gouvernement du Qu\u00e9bec<\/a><\/p>\n<p><a href=\"http:\/\/www.gov.nu.ca\/\" target=\"_blank\" rel=\"noopener\">Gouvernement du Nunavut<\/a><\/p>\n<p><a href=\"http:\/\/www.airinuit.com\/\" target=\"_blank\" rel=\"noopener\">Air Inuit<\/a><\/p>\n<p><a href=\"http:\/\/www.firstair.ca\" target=\"_blank\" rel=\"noopener\">First Air<\/a><\/p>\n<p><a href=\"http:\/\/www.grisefiord.ca\/eng\/index.html\" target=\"_blank\" rel=\"noopener\">Communaut\u00e9 de Grise Fiord<\/a><\/p>\n<p><a href=\"http:\/\/www.krg.ca\/\" target=\"_blank\" rel=\"noopener\">Administration R\u00e9gionale Kativik<\/a><\/p>\n<p><a href=\"http:\/\/www.fcnq.ca\/webconcepteur\/web\/fcnq\" target=\"_blank\" rel=\"noopener\">La\u00a0F\u00e9d\u00e9ration des coop\u00e9ratives du Nouveau-Qu\u00e9bec<\/a><\/p>\n<p><a href=\"http:\/\/www.southcampinn.com\" target=\"_blank\" rel=\"noopener\">South Camp Inn<\/a><\/p>\n<p><a href=\"http:\/\/www.borekair.com\/\" target=\"_blank\" rel=\"noopener\">Kenn Borek Air Ltd.<\/a><\/strong><\/center><\/p>\n<p><!--more--><\/p>\n","protected":false},"excerpt":{"rendered":"<p>Soci\u00e9t\u00e9 Makivik et le programme Ungaluk Office National du film du Canada &#8211; Unikkausivut : transmettre nos histoires Les Productions du Cerf-Volant Inc. Affaires autochtones et D\u00e9veloppement du Nord Canada \u2013 Gouvernement du Canada Mine Raglan Secr\u00e9tariat aux affaires autochtones \u2013Gouvernement du Qu\u00e9bec Gouvernement du Nunavut Air Inuit First Air Communaut\u00e9 de Grise Fiord Administration [&hellip;]<\/p>\n","protected":false},"author":6,"featured_media":0,"parent":0,"menu_order":0,"comment_status":"open","ping_status":"open","template":"page-fullwidth.php","meta":{"ngg_post_thumbnail":0,"footnotes":""},"class_list":["post-4759","page","type-page","status-publish","hentry"],"jetpack_shortlink":"https:\/\/wp.me\/P2YleB-1eL","jetpack_sharing_enabled":true,"_links":{"self":[{"href":"https:\/\/iqqaumavara.com\/en\/fr\/wp-json\/wp\/v2\/pages\/4759","targetHints":{"allow":["GET"]}}],"collection":[{"href":"https:\/\/iqqaumavara.com\/en\/fr\/wp-json\/wp\/v2\/pages"}],"about":[{"href":"https:\/\/iqqaumavara.com\/en\/fr\/wp-json\/wp\/v2\/types\/page"}],"author":[{"embeddable":true,"href":"https:\/\/iqqaumavara.com\/en\/fr\/wp-json\/wp\/v2\/users\/6"}],"replies":[{"embeddable":true,"href":"https:\/\/iqqaumavara.com\/en\/fr\/wp-json\/wp\/v2\/comments?post=4759"}],"version-history":[{"count":0,"href":"https:\/\/iqqaumavara.com\/en\/fr\/wp-json\/wp\/v2\/pages\/4759\/revisions"}],"wp:attachment":[{"href":"https:\/\/iqqaumavara.com\/en\/fr\/wp-json\/wp\/v2\/media?parent=4759"}],"curies":[{"name":"wp","href":"https:\/\/api.w.org\/{rel}","templated":true}]}}