{"id":4751,"date":"2014-02-19T11:54:17","date_gmt":"2014-02-19T15:54:17","guid":{"rendered":"https:\/\/www.iqqaumavara.com\/en\/equipe\/"},"modified":"2014-02-19T11:54:17","modified_gmt":"2014-02-19T15:54:17","slug":"equipe","status":"publish","type":"page","link":"https:\/\/iqqaumavara.com\/en\/fr\/equipe\/","title":{"rendered":"\u00c9quipe"},"content":{"rendered":"<p><center><\/p>\n<h2 style=\"text-align: center;\">IQQAUMAVARA<\/h2>\n<h3>La Soci\u00e9t\u00e9 Makivik<br \/>\nen coproduction avec<br \/>\nl\u2019Office National du film du Canada<\/h3>\n<hr>\n<h4>Producteurs<\/h4>\n<p>Marquise Lepage<br \/>\nJean-Fran\u00e7ois Arteau<br \/>\nFran\u00e7ois Dorval<br \/>\nJohanne Bergeron (ONF)<\/br><\/br><\/p>\n<h4>Productrices d\u00e9l\u00e9gu\u00e9es <\/h4>\n<p>Les Productions du Cerf-Volant<br \/>\n\u00c9vang\u00e9line De Pas<br \/>\nGenevi\u00e8ve Thibert<\/br><\/br><\/p>\n<h4>Id\u00e9e originale<\/h4>\n<p>Marquise Lepage<br \/>\nMartha Flaherty<\/br><\/br><\/p>\n<h3>\u00c9QUIPE DE CR\u00c9ATION<\/h3>\n<h4>Conception du site<br \/>\net<br \/>\nR\u00e9alisation<\/h4>\n<p>Marquise Lepage<br \/>\n\u00c9vang\u00e9line De Pas<br \/>\nGenevi\u00e8ve Thibert<\/br><\/br><\/p>\n<h4>Coordination<\/h4>\n<p>\u00c9vang\u00e9line De Pas<br \/>\nMarquise Lepage<\/br><\/br><\/p>\n<h4>Direction photo<\/h4>\n<p>\u00c9vang\u00e9line De Pas<br \/>\nGenevi\u00e8ve Thibert<\/br><\/br><\/p>\n<h4>Prise de son<\/h4>\n<p>Genevi\u00e8ve Thibert<br \/>\n\u00c9vang\u00e9line De Pas<\/br><\/br><\/p>\n<h4>Montage<\/h4>\n<p>Genevi\u00e8ve Thibert<\/br><\/br><\/p>\n<h4>Musique<\/h4>\n<p>Guillaume Roux<\/br><\/br><\/p>\n<h4>Chants de gorge<\/h4>\n<p>Larissa Flaherty<br \/>\nKaren Flaherty<\/br><\/br><\/p>\n<h4>Interpr\u00e8tes durant les tournages<\/h4>\n<p>Martha Flaherty<br \/>\nSarah Idlout<br \/>\nEleanore Arreak<\/br><\/br><\/p>\n<h4>Aide \u00e0 la coordination dans les communaut\u00e9s<\/h4>\n<p>Martha Flaherty<br \/>\nSarah Idlout<br \/>\nCharlie Nowkawalk<br \/>\nElizabeth Allakariallak Roberts<br \/>\nEleanore Arreak<br \/>\nLouisa Sudlovenick Gillespie<\/br><\/br><\/p>\n<h4>Formation <\/h4>\n<p>Genevi\u00e8ve Thibert<br \/>\n\u00c9vang\u00e9line De Pas<br \/>\nMarquise Lepage<\/br><\/br><\/p>\n<h4>Stagiaires<\/h4>\n<p>Linus Kasudluak<br \/>\nMartha May Naktialuk<br \/>\nSarah Samisak<br \/>\nPJ Attagootak<br \/>\nLevi Kautaq<br \/>\nArnarulunnguaq Audlaluk<br \/>\nPauline Akeeagok<br \/>\nKristine Audlaluk-Watsko<\/br><\/br><\/p>\n<h4>Photos<\/h4>\n<p>\u00c9vang\u00e9line De Pas<br \/>\nGenevi\u00e8ve Thibert<br \/>\nMarquise Lepage<\/br><\/br><\/p>\n<h4>Administration<\/h4>\n<p>Angelo Mannetta (Soci\u00e9t\u00e9 Makivik)<br \/>\nMarquise Lepage<\/br><\/br><\/p>\n<h4>Narration <\/h4>\n<p>Beatrice Deer<br \/>\nGenevi\u00e8ve Thibert<\/br><\/br><\/p>\n<h4>Enregistrement doublage<\/h4>\n<p>Gaelle Kom\u00e0r<\/br><\/br><\/p>\n<h4>Doublage voix et traduction<\/h4>\n<p>Jobie Weetaluktuk<br \/>\nMartha Flaherty<br \/>\nBeatrice Deer<br \/>\nCharles Keelan<\/br><\/br><\/p>\n<h4>Traduction <\/h4>\n<p>Nathalie Tannous<br \/>\nJobie Weetaluktuk<br \/>\nBeatrice Deer<br \/>\nEvang\u00e9line De Pas<br \/>\nGenevi\u00e8ve Thibert<br \/>\nMartha Flaherty<br \/>\nElisapie Flaherty<br \/>\nCharles Keelan<br \/>\nNo\u00e9mie De Pas<br \/>\nMorgan Arnakallak<br \/>\nFran\u00e7ois Dompierre<br \/>\nMarquise Lepage<br \/>\nPascal Delorme<br \/>\nAlice Le Guern-Lepage<\/br><\/br><\/p>\n<h4>Mixage<\/h4>\n<p>Gaelle Kom\u00e0r<br \/>\nGenevi\u00e8ve Thibert<\/br><\/br><\/p>\n<h4>Colorisation<\/h4>\n<p>Fran\u00e7ois Dompierre<br \/>\nGenevi\u00e8ve Thibert<\/br><\/br><\/p>\n<h4>Sous titrage <\/h4>\n<p>Genevi\u00e8ve Thibert<br \/>\n\u00c9vang\u00e9line De Pas<br \/>\nNo\u00e9mie De Pas<br \/>\nGaelle Kom\u00e0r<\/br><\/br><\/p>\n<h4>Infographie<\/h4>\n<p>Margarita Mezza<\/br><\/br><\/p>\n<h4>Dessins<\/h4>\n<p>St\u00e9phan Daigle<\/br><\/br><\/p>\n<h4>Concepteur web<\/h4>\n<p>Martin Comeau<br \/>\nJeff Tremblay<\/br><\/br><\/p>\n<h4>Cr\u00e9ation du logo et graphisme<\/h4>\n<p>Lemstyle<\/br><\/br><\/p>\n<h3>\u00c9QUIPE ONF<\/h3>\n<h4>Agent de mise en march\u00e9<\/h4>\n<p>Fran\u00e7ois Jacques<br \/>\nassist\u00e9 de Catherine Benoit<\/br><\/br><\/p>\n<h4>Administratrice<\/h4>\n<p>Sia Koukoulas<\/br><\/br><\/p>\n<h4>Coordonnatrice de production<\/h4>\n<p>H\u00e9l\u00e8ne Regimbal<\/br><\/br><\/p>\n<h4>Adjointes administratives<\/h4>\n<p>Perrine Bral<br \/>\nSophie Dupuis<\/br><\/br><\/p>\n<h4>Remerciements\u00a0<\/h4>\n<p>Nous  d\u00e9sirons remercier du  fond du  c\u0153ur Monsieur Pita Aatami qui a toujours cru et  appuy\u00e9 ce projet. Ainsi que Madame Monique Simard.<\/p>\n<p>Nous remercions toutes les personnes qui ont accept\u00e9 de partager leur t\u00e9moignage et toutes les communaut\u00e9s qui nous ont re\u00e7ues ainsi que tous <a href=\"http:\/\/www.iqqaumavara.com\/en\/fr\/sponsors\/\" title=\"Nos partenaires\">nos pr\u00e9cieux partenaires<\/a> pour leur  solidarit\u00e9.<\/p>\n<p>Copyright \u00a9MAKIVIK 2014<\/p>\n<p><!--more--><\/p>\n","protected":false},"excerpt":{"rendered":"<p>IQQAUMAVARA La Soci\u00e9t\u00e9 Makivik en coproduction avec l\u2019Office National du film du Canada Producteurs Marquise Lepage Jean-Fran\u00e7ois Arteau Fran\u00e7ois Dorval Johanne Bergeron (ONF) Productrices d\u00e9l\u00e9gu\u00e9es Les Productions du Cerf-Volant \u00c9vang\u00e9line De Pas Genevi\u00e8ve Thibert Id\u00e9e originale Marquise Lepage Martha Flaherty \u00c9QUIPE DE CR\u00c9ATION Conception du site et R\u00e9alisation Marquise Lepage \u00c9vang\u00e9line De Pas Genevi\u00e8ve Thibert [&hellip;]<\/p>\n","protected":false},"author":6,"featured_media":0,"parent":0,"menu_order":0,"comment_status":"open","ping_status":"open","template":"page-fullwidth.php","meta":{"ngg_post_thumbnail":0,"footnotes":""},"class_list":["post-4751","page","type-page","status-publish","hentry"],"jetpack_shortlink":"https:\/\/wp.me\/P2YleB-1eD","jetpack_sharing_enabled":true,"_links":{"self":[{"href":"https:\/\/iqqaumavara.com\/en\/fr\/wp-json\/wp\/v2\/pages\/4751","targetHints":{"allow":["GET"]}}],"collection":[{"href":"https:\/\/iqqaumavara.com\/en\/fr\/wp-json\/wp\/v2\/pages"}],"about":[{"href":"https:\/\/iqqaumavara.com\/en\/fr\/wp-json\/wp\/v2\/types\/page"}],"author":[{"embeddable":true,"href":"https:\/\/iqqaumavara.com\/en\/fr\/wp-json\/wp\/v2\/users\/6"}],"replies":[{"embeddable":true,"href":"https:\/\/iqqaumavara.com\/en\/fr\/wp-json\/wp\/v2\/comments?post=4751"}],"version-history":[{"count":0,"href":"https:\/\/iqqaumavara.com\/en\/fr\/wp-json\/wp\/v2\/pages\/4751\/revisions"}],"wp:attachment":[{"href":"https:\/\/iqqaumavara.com\/en\/fr\/wp-json\/wp\/v2\/media?parent=4751"}],"curies":[{"name":"wp","href":"https:\/\/api.w.org\/{rel}","templated":true}]}}