{"id":4607,"date":"2013-11-04T11:32:09","date_gmt":"2013-11-04T15:32:09","guid":{"rendered":"https:\/\/www.iqqaumavara.com\/en\/daniel-oweetaluktuk-kasudlak-son-histoire\/"},"modified":"2013-11-04T11:32:09","modified_gmt":"2013-11-04T15:32:09","slug":"daniel-oweetaluktuk-kasudlak-son-histoire","status":"publish","type":"page","link":"https:\/\/iqqaumavara.com\/en\/fr\/daniel-oweetaluktuk-kasudlak-son-histoire\/","title":{"rendered":"Daniel Oweetaluktuk Kasudlak &#8211; Son histoire"},"content":{"rendered":"<p style=\"text-align: center;\"><a href=\"http:\/\/player.vimeo.com\/video\/65593714\"><img loading=\"lazy\" decoding=\"async\" class=\"aligncenter size-full wp-image-1810\" src=\"http:\/\/www.iqqaumavara.com\/en\/wp-content\/uploads\/2013\/11\/DanielOweetaluktukKasudlak.jpg\" alt=\"DanielOweetaluktukKasudlak\" width=\"560\" height=\"313\" srcset=\"https:\/\/iqqaumavara.com\/en\/wp-content\/uploads\/2013\/11\/DanielOweetaluktukKasudlak.jpg 560w, https:\/\/iqqaumavara.com\/en\/wp-content\/uploads\/2013\/11\/DanielOweetaluktukKasudlak-300x167.jpg 300w\" sizes=\"auto, (max-width: 560px) 100vw, 560px\" \/><\/a><\/p>\n<p style=\"text-align: center;\"><a href=\"https:\/\/player.vimeo.com\/video\/65593714\">Visionner l&rsquo;entrevue<\/a><br \/>\n<a href=\"http:\/\/www.iqqaumavara.com\/en\/wp-content\/uploads\/2014\/01\/FR_VERB_Daniel-Oweetaluktuk-Kasudluak.pdf\" target=\"_blank\" rel=\"noopener\">T\u00e9l\u00e9charger la transcription<\/a><\/p>\n<hr>\n<p><strong>Daniel vit \u00e0 Inukjuak. Dans les ann\u00e9es 50, certains membres de sa famille ont \u00e9t\u00e9 r\u00e9install\u00e9s en Extr\u00eame Arctique.<\/strong><\/p>\n<blockquote >\n<p class=\"qp\">\n<p>&nbsp;On nous appelle \u00ab&nbsp;ceux qui ont \u00e9t\u00e9 laiss\u00e9s derri\u00e8re&nbsp;\u00bb; je connaissais tous ceux qui sont partis. Je suis de ceux qui ont \u00e9t\u00e9 laiss\u00e9s derri\u00e8re.&nbsp;\u00bb<\/p>\n<p>\u00ab&nbsp;J\u2019ai vu les gens que l\u2019on a d\u00e9plac\u00e9s, lorsqu\u2019ils \u00e9taient sur le bateau, agitant les mains comme ceci. J\u2019avais les larmes aux yeux.&nbsp;\u00bb<\/p>\n<p>\u00ab&nbsp;Quand ils ont \u00e9t\u00e9 r\u00e9install\u00e9s, ils ont laiss\u00e9 un grand vide. Peu de temps apr\u00e8s leur d\u00e9part, nous avons eu tr\u00e8s faim.&nbsp;\u00bb<\/p>\n<p><cite>Daniel Oweetaluktuk Kasudlak &#8211; Inukjuak, 2011<\/cite><\/p><\/blockquote>\n<p><!--more--><\/p>\n","protected":false},"excerpt":{"rendered":"<p>Visionner l&rsquo;entrevue T\u00e9l\u00e9charger la transcription Daniel vit \u00e0 Inukjuak. Dans les ann\u00e9es 50, certains membres de sa famille ont \u00e9t\u00e9 r\u00e9install\u00e9s en Extr\u00eame Arctique.<\/p>\n","protected":false},"author":6,"featured_media":0,"parent":0,"menu_order":0,"comment_status":"open","ping_status":"open","template":"page-fullwidth.php","meta":{"ngg_post_thumbnail":0,"footnotes":""},"class_list":["post-4607","page","type-page","status-publish","hentry"],"jetpack_shortlink":"https:\/\/wp.me\/P2YleB-1cj","jetpack_sharing_enabled":true,"_links":{"self":[{"href":"https:\/\/iqqaumavara.com\/en\/fr\/wp-json\/wp\/v2\/pages\/4607","targetHints":{"allow":["GET"]}}],"collection":[{"href":"https:\/\/iqqaumavara.com\/en\/fr\/wp-json\/wp\/v2\/pages"}],"about":[{"href":"https:\/\/iqqaumavara.com\/en\/fr\/wp-json\/wp\/v2\/types\/page"}],"author":[{"embeddable":true,"href":"https:\/\/iqqaumavara.com\/en\/fr\/wp-json\/wp\/v2\/users\/6"}],"replies":[{"embeddable":true,"href":"https:\/\/iqqaumavara.com\/en\/fr\/wp-json\/wp\/v2\/comments?post=4607"}],"version-history":[{"count":0,"href":"https:\/\/iqqaumavara.com\/en\/fr\/wp-json\/wp\/v2\/pages\/4607\/revisions"}],"wp:attachment":[{"href":"https:\/\/iqqaumavara.com\/en\/fr\/wp-json\/wp\/v2\/media?parent=4607"}],"curies":[{"name":"wp","href":"https:\/\/api.w.org\/{rel}","templated":true}]}}