{"id":4597,"date":"2013-11-04T11:14:40","date_gmt":"2013-11-04T15:14:40","guid":{"rendered":"https:\/\/www.iqqaumavara.com\/en\/alacee-nungaq-son-histoire\/"},"modified":"2013-11-04T11:14:40","modified_gmt":"2013-11-04T15:14:40","slug":"alacee-nungaq-son-histoire","status":"publish","type":"page","link":"https:\/\/iqqaumavara.com\/en\/fr\/alacee-nungaq-son-histoire\/","title":{"rendered":"Alacee Nungaq &#8211; Son histoire"},"content":{"rendered":"<p style=\"text-align: center;\"><a href=\"http:\/\/player.vimeo.com\/video\/65586148\"><img loading=\"lazy\" decoding=\"async\" class=\"aligncenter size-full wp-image-1800\" src=\"http:\/\/www.iqqaumavara.com\/en\/wp-content\/uploads\/2013\/11\/AlaceeNungaq.jpg\" alt=\"AlaceeNungaq\" width=\"549\" height=\"311\" srcset=\"https:\/\/iqqaumavara.com\/en\/wp-content\/uploads\/2013\/11\/AlaceeNungaq.jpg 549w, https:\/\/iqqaumavara.com\/en\/wp-content\/uploads\/2013\/11\/AlaceeNungaq-300x169.jpg 300w\" sizes=\"auto, (max-width: 549px) 100vw, 549px\" \/><\/a><\/p>\n<p style=\"text-align: center;\"><a href=\"https:\/\/player.vimeo.com\/video\/65586148\">Visionner la premi\u00e8re partie<\/a> | <a href=\"https:\/\/player.vimeo.com\/video\/65587309\">Partie 2<\/a><br \/>\n<a href=\"http:\/\/www.iqqaumavara.com\/en\/wp-content\/uploads\/2014\/01\/FR_VERB_Alacee-Nungaq.pdf\" target=\"_blank\" rel=\"noopener\">T\u00e9l\u00e9charger la transcription<\/a><\/p>\n<hr>\n<p><strong>En 1955, Alacee, son mari Levi Nungaq et leurs quatre enfants; Annie, Minnie, Philip et Anna, ont \u00e9t\u00e9 d\u00e9plac\u00e9 d\u2019Inukjuak \u00e0 Resolute Bay par le gouvernement canadien.<\/strong><\/p>\n<blockquote >\n<p class=\"qp\">\n<p>&nbsp;Nous sommes finalement arriv\u00e9s \u00e0 Resolute. Nous avons \u00e9t\u00e9 sur le bateau tr\u00e8s longtemps. Tr\u00e8s tr\u00e8s longtemps sur le bateau. Puis nous sommes arriv\u00e9s dans ce lieu horrible. Nous avions peur. Si peur. Il n\u2019y avait rien. Absolument rien. Il faisait tr\u00e8s froid. Nous faisions fondre de la glace pour boire de l\u2019eau. Je ne comprenais pas ce que nous allions pouvoir manger. Il n\u2019y avait rien. Pas de nourriture. Rien.&nbsp;\u00bb<\/p>\n<p><cite>Alacee Nungaq &#8211; Inukjuak, 2011<\/cite><\/p><\/blockquote>\n<p><!--more--><\/p>\n","protected":false},"excerpt":{"rendered":"<p>Visionner la premi\u00e8re partie | Partie 2 T\u00e9l\u00e9charger la transcription En 1955, Alacee, son mari Levi Nungaq et leurs quatre enfants; Annie, Minnie, Philip et Anna, ont \u00e9t\u00e9 d\u00e9plac\u00e9 d\u2019Inukjuak \u00e0 Resolute Bay par le gouvernement canadien.<\/p>\n","protected":false},"author":6,"featured_media":0,"parent":0,"menu_order":0,"comment_status":"open","ping_status":"open","template":"page-fullwidth.php","meta":{"ngg_post_thumbnail":0,"footnotes":""},"class_list":["post-4597","page","type-page","status-publish","hentry"],"jetpack_shortlink":"https:\/\/wp.me\/P2YleB-1c9","jetpack_sharing_enabled":true,"_links":{"self":[{"href":"https:\/\/iqqaumavara.com\/en\/fr\/wp-json\/wp\/v2\/pages\/4597","targetHints":{"allow":["GET"]}}],"collection":[{"href":"https:\/\/iqqaumavara.com\/en\/fr\/wp-json\/wp\/v2\/pages"}],"about":[{"href":"https:\/\/iqqaumavara.com\/en\/fr\/wp-json\/wp\/v2\/types\/page"}],"author":[{"embeddable":true,"href":"https:\/\/iqqaumavara.com\/en\/fr\/wp-json\/wp\/v2\/users\/6"}],"replies":[{"embeddable":true,"href":"https:\/\/iqqaumavara.com\/en\/fr\/wp-json\/wp\/v2\/comments?post=4597"}],"version-history":[{"count":0,"href":"https:\/\/iqqaumavara.com\/en\/fr\/wp-json\/wp\/v2\/pages\/4597\/revisions"}],"wp:attachment":[{"href":"https:\/\/iqqaumavara.com\/en\/fr\/wp-json\/wp\/v2\/media?parent=4597"}],"curies":[{"name":"wp","href":"https:\/\/api.w.org\/{rel}","templated":true}]}}