{"id":4592,"date":"2013-11-04T11:03:16","date_gmt":"2013-11-04T15:03:16","guid":{"rendered":"https:\/\/www.iqqaumavara.com\/en\/zipporah-kalluk-son-histoire\/"},"modified":"2013-11-04T11:03:16","modified_gmt":"2013-11-04T15:03:16","slug":"zipporah-kalluk-son-histoire","status":"publish","type":"page","link":"https:\/\/iqqaumavara.com\/en\/fr\/zipporah-kalluk-son-histoire\/","title":{"rendered":"Zipporah Kalluk, son histoire"},"content":{"rendered":"<p style=\"text-align: center;\"><a href=\"http:\/\/player.vimeo.com\/video\/65838815\"><img loading=\"lazy\" decoding=\"async\" src=\"http:\/\/www.iqqaumavara.com\/en\/wp-content\/uploads\/2013\/11\/ZiphorahKalluk.jpg\" alt=\"Zipporah Kalluk\" width=\"562\" height=\"317\" class=\"aligncenter size-full wp-image-1795\" srcset=\"https:\/\/iqqaumavara.com\/en\/wp-content\/uploads\/2013\/11\/ZiphorahKalluk.jpg 562w, https:\/\/iqqaumavara.com\/en\/wp-content\/uploads\/2013\/11\/ZiphorahKalluk-300x169.jpg 300w\" sizes=\"auto, (max-width: 562px) 100vw, 562px\" \/><\/p>\n<p style=\"text-align: center;\">Visionner la premi\u00e8re partie<\/a> | <a href=\"http:\/\/player.vimeo.com\/video\/65838814\">Partie 2<\/a><br \/>\n<a href=\"http:\/\/www.iqqaumavara.com\/en\/fr\/collection-of-ziphorah-kalluk\/\" title=\"Galerie de Zipporah Kalluk\" target=\"_blank\" rel=\"noopener\">Consulter les photographies fournies par Zipporah Kalluk<\/a> | <a href=\"http:\/\/www.iqqaumavara.com\/en\/wp-content\/uploads\/2014\/01\/FR_VERB_ZIPPORAH_KALLUK.pdf\" target=\"_blank\" rel=\"noopener\">T\u00e9l\u00e9charger la transcription<\/a><\/p>\n<hr \/>\n<p><strong>Zipporah et sa famille ont \u00e9t\u00e9 d\u00e9plac\u00e9s de Pond Inlet \u00e0 Resolute Bay en 1959.<\/strong><\/p>\n<blockquote >\n<p class=\"qp\">\n<p>\u00a0Il faisait si froid parce qu\u2019il n\u2019y a que de la roche ici. C\u2019\u00e9tait si froid! Notre terre natale \u00e9tait riche en verdure, il y avait beaucoup de nourriture, des baies l\u2019\u00e9t\u00e9. Mais ici, il n\u2019y avait rien.\u00a0\u00bb<\/p>\n<p><cite>Zipporah Kalluk &#8211; Resolute Bay, 2012<\/cite><\/p><\/blockquote>\n<p><!--more--><\/p>\n","protected":false},"excerpt":{"rendered":"<p>Visionner la premi\u00e8re partie | Partie 2 Consulter les photographies fournies par Zipporah Kalluk | T\u00e9l\u00e9charger la transcription Zipporah et sa famille ont \u00e9t\u00e9 d\u00e9plac\u00e9s de Pond Inlet \u00e0 Resolute Bay en 1959.<\/p>\n","protected":false},"author":6,"featured_media":0,"parent":0,"menu_order":0,"comment_status":"open","ping_status":"open","template":"page-fullwidth.php","meta":{"ngg_post_thumbnail":0,"footnotes":""},"class_list":["post-4592","page","type-page","status-publish","hentry"],"jetpack_shortlink":"https:\/\/wp.me\/P2YleB-1c4","jetpack_sharing_enabled":true,"_links":{"self":[{"href":"https:\/\/iqqaumavara.com\/en\/fr\/wp-json\/wp\/v2\/pages\/4592","targetHints":{"allow":["GET"]}}],"collection":[{"href":"https:\/\/iqqaumavara.com\/en\/fr\/wp-json\/wp\/v2\/pages"}],"about":[{"href":"https:\/\/iqqaumavara.com\/en\/fr\/wp-json\/wp\/v2\/types\/page"}],"author":[{"embeddable":true,"href":"https:\/\/iqqaumavara.com\/en\/fr\/wp-json\/wp\/v2\/users\/6"}],"replies":[{"embeddable":true,"href":"https:\/\/iqqaumavara.com\/en\/fr\/wp-json\/wp\/v2\/comments?post=4592"}],"version-history":[{"count":0,"href":"https:\/\/iqqaumavara.com\/en\/fr\/wp-json\/wp\/v2\/pages\/4592\/revisions"}],"wp:attachment":[{"href":"https:\/\/iqqaumavara.com\/en\/fr\/wp-json\/wp\/v2\/media?parent=4592"}],"curies":[{"name":"wp","href":"https:\/\/api.w.org\/{rel}","templated":true}]}}