{"id":4587,"date":"2013-11-04T10:47:03","date_gmt":"2013-11-04T14:47:03","guid":{"rendered":"https:\/\/www.iqqaumavara.com\/en\/louisa-sudlovenick-gillespie-son-histoire\/"},"modified":"2013-11-04T10:47:03","modified_gmt":"2013-11-04T14:47:03","slug":"louisa-sudlovenick-gillespie-son-histoire","status":"publish","type":"page","link":"https:\/\/iqqaumavara.com\/en\/fr\/louisa-sudlovenick-gillespie-son-histoire\/","title":{"rendered":"Louisa Sudlovenick Gillespie &#8211; Son histoire"},"content":{"rendered":"<p style=\"text-align: center;\"><a href=\"http:\/\/player.vimeo.com\/video\/68859011\"><img loading=\"lazy\" decoding=\"async\" class=\"aligncenter size-full wp-image-1790\" alt=\"LouisaSudlovenickGillespie\" src=\"http:\/\/www.iqqaumavara.com\/en\/wp-content\/uploads\/2013\/11\/LouisaSudlovenickGillespie.jpg\" width=\"543\" height=\"319\" srcset=\"https:\/\/iqqaumavara.com\/en\/wp-content\/uploads\/2013\/11\/LouisaSudlovenickGillespie.jpg 543w, https:\/\/iqqaumavara.com\/en\/wp-content\/uploads\/2013\/11\/LouisaSudlovenickGillespie-300x176.jpg 300w\" sizes=\"auto, (max-width: 543px) 100vw, 543px\" \/><\/p>\n<p style=\"text-align: center;\">Visionner la premi\u00e8re partie<\/a> | <a href=\"http:\/\/player.vimeo.com\/video\/68862506\">Partie 2<\/a> | <a href=\"http:\/\/player.vimeo.com\/video\/68867745\">Partie 3<\/a><br \/>\n<a title=\"Collection of Louisa Sudlovenick Gillespie\" href=\"http:\/\/www.iqqaumavara.com\/en\/collection-of-louisa-sudlovenick-gillespie\/\">Consulter les photographies fournies par Louisa Sudlovenick Gillespie<\/a> | <a href=\"http:\/\/www.iqqaumavara.com\/en\/wp-content\/uploads\/2014\/01\/FR_Verb_Louisa_Sudlovenick-Gillespie.pdf\" target=\"_blank\" rel=\"noopener\">T\u00e9l\u00e9charger la transcription<\/a><\/p>\n<hr \/>\n<p><strong>En 1953, Louisa avait un an et demi lorsqu\u2019elle a \u00e9t\u00e9 d\u00e9plac\u00e9e d\u2019Inukjuak vers Resolute Bay avec ses parents; Daniel et Sarah Salluviniq et son fr\u00e8re Allie<\/strong><\/p>\n<blockquote >\n<p class=\"qp\">\n<p>Je suis privil\u00e9gi\u00e9e et honor\u00e9e de partager mon exp\u00e9rience; \u00e7a aurait pu \u00eatre plus mais\u2026 Il faut que les gens connaissent cette r\u00e9alit\u00e9, qu\u2019ils sachent que ce n\u2019est pas une simple histoire, qu\u2019ils comprennent que tous les gens qui ont \u00e9t\u00e9 \u00e0 Resolute sont impliqu\u00e9s d\u2019une fa\u00e7on ou d\u2019une autre, surtout mes cousins\u2026 M\u00eame s\u2019ils sont n\u00e9s ici ou juste apr\u00e8s la r\u00e9installation, ils doivent reconna\u00eetre que \u00e7a fait partie de leur vie. [\u2026] il y a beaucoup de col\u00e8re et de peur et \u00e7a les concerne tous et ils doivent faire part de leurs sentiments. Ils doivent partager leurs exp\u00e9riences. Ils peuvent nous dire qui ils sont, et ils doivent nous \u00e9couter, nous et leurs parents. Je suis contente que plusieurs aient eu la chance de parler\u2026 mais je suis triste que mon p\u00e8re n\u2019ait jamais eu cette chance.\u201d <\/p>\n<p><cite>Louisa Sudlovenick Gillespie &#8211; Resolute Bay, 2012<\/cite><\/p><\/blockquote>\n<p><!--more--><\/p>\n","protected":false},"excerpt":{"rendered":"<p>Visionner la premi\u00e8re partie | Partie 2 | Partie 3 Consulter les photographies fournies par Louisa Sudlovenick Gillespie | T\u00e9l\u00e9charger la transcription En 1953, Louisa avait un an et demi lorsqu\u2019elle a \u00e9t\u00e9 d\u00e9plac\u00e9e d\u2019Inukjuak vers Resolute Bay avec ses parents; Daniel et Sarah Salluviniq et son fr\u00e8re Allie<\/p>\n","protected":false},"author":6,"featured_media":0,"parent":0,"menu_order":0,"comment_status":"open","ping_status":"open","template":"page-fullwidth.php","meta":{"ngg_post_thumbnail":0,"footnotes":""},"class_list":["post-4587","page","type-page","status-publish","hentry"],"jetpack_shortlink":"https:\/\/wp.me\/P2YleB-1bZ","jetpack_sharing_enabled":true,"_links":{"self":[{"href":"https:\/\/iqqaumavara.com\/en\/fr\/wp-json\/wp\/v2\/pages\/4587","targetHints":{"allow":["GET"]}}],"collection":[{"href":"https:\/\/iqqaumavara.com\/en\/fr\/wp-json\/wp\/v2\/pages"}],"about":[{"href":"https:\/\/iqqaumavara.com\/en\/fr\/wp-json\/wp\/v2\/types\/page"}],"author":[{"embeddable":true,"href":"https:\/\/iqqaumavara.com\/en\/fr\/wp-json\/wp\/v2\/users\/6"}],"replies":[{"embeddable":true,"href":"https:\/\/iqqaumavara.com\/en\/fr\/wp-json\/wp\/v2\/comments?post=4587"}],"version-history":[{"count":0,"href":"https:\/\/iqqaumavara.com\/en\/fr\/wp-json\/wp\/v2\/pages\/4587\/revisions"}],"wp:attachment":[{"href":"https:\/\/iqqaumavara.com\/en\/fr\/wp-json\/wp\/v2\/media?parent=4587"}],"curies":[{"name":"wp","href":"https:\/\/api.w.org\/{rel}","templated":true}]}}