{"id":4582,"date":"2013-11-04T10:36:03","date_gmt":"2013-11-04T14:36:03","guid":{"rendered":"https:\/\/www.iqqaumavara.com\/en\/lazarussie-epoo-son-histoire\/"},"modified":"2013-11-04T10:36:03","modified_gmt":"2013-11-04T14:36:03","slug":"lazarussie-epoo-son-histoire","status":"publish","type":"page","link":"https:\/\/iqqaumavara.com\/en\/fr\/lazarussie-epoo-son-histoire\/","title":{"rendered":"Lazarussie Epoo &#8211; Son histoire"},"content":{"rendered":"<p style=\"text-align: center;\"><a href=\"http:\/\/player.vimeo.com\/video\/65656408\"><img loading=\"lazy\" decoding=\"async\" src=\"http:\/\/www.iqqaumavara.com\/en\/wp-content\/uploads\/2013\/11\/LazarussieEpoo.jpg\" alt=\"LazarussieEpoo\" width=\"528\" height=\"308\" class=\"aligncenter size-full wp-image-1785\" srcset=\"https:\/\/iqqaumavara.com\/en\/wp-content\/uploads\/2013\/11\/LazarussieEpoo.jpg 528w, https:\/\/iqqaumavara.com\/en\/wp-content\/uploads\/2013\/11\/LazarussieEpoo-300x175.jpg 300w\" sizes=\"auto, (max-width: 528px) 100vw, 528px\" \/><\/p>\n<p style=\"text-align: center;\">Visionner la premi\u00e8re partie<\/a> | <a href=\"http:\/\/player.vimeo.com\/video\/65662790\">Partie 2<\/a><br \/>\n<a href=\"http:\/\/www.iqqaumavara.com\/en\/wp-content\/uploads\/2014\/01\/FR_Verb_Lazarussie-Epoo.pdf\" target=\"_blank\" rel=\"noopener\">T\u00e9l\u00e9charger la transcription<\/a><\/p>\n<hr \/>\n<p><strong>En 1953 et 1955, de nombreux proches de Lazarussie ont \u00e9t\u00e9 d\u00e9plac\u00e9s d\u2019Inukjuak \u00e0 Resolute Bay.<\/strong><\/p>\n<blockquote >\n<p class=\"qp\">\n<p>\u00a0J\u2019ai su que \u00e7a n\u2019avait pas \u00e9t\u00e9 facile et qu\u2019ils devaient revenir apr\u00e8s deux ans s\u2019ils le voulaient\u2026 seulement s\u2019ils le voulaient. C\u2019\u00e9tait ainsi que \u00e7a devait se passer. Ils devaient avoir la possibilit\u00e9 de revenir apr\u00e8s deux ans. On leur a menti et c\u2019est \u00e0 ce moment-l\u00e0 que \u00e7a a commenc\u00e9 \u00e0 \u00eatre difficile pour eux.\u00a0\u00bb<\/p>\n<p><cite>Lazarussie Epoo &#8211; Inukjuak, 2011<\/cite><\/p><\/blockquote>\n<p><!--more--><\/p>\n","protected":false},"excerpt":{"rendered":"<p>Visionner la premi\u00e8re partie | Partie 2 T\u00e9l\u00e9charger la transcription En 1953 et 1955, de nombreux proches de Lazarussie ont \u00e9t\u00e9 d\u00e9plac\u00e9s d\u2019Inukjuak \u00e0 Resolute Bay.<\/p>\n","protected":false},"author":6,"featured_media":0,"parent":0,"menu_order":0,"comment_status":"open","ping_status":"open","template":"page-fullwidth.php","meta":{"ngg_post_thumbnail":0,"footnotes":""},"class_list":["post-4582","page","type-page","status-publish","hentry"],"jetpack_shortlink":"https:\/\/wp.me\/P2YleB-1bU","jetpack_sharing_enabled":true,"_links":{"self":[{"href":"https:\/\/iqqaumavara.com\/en\/fr\/wp-json\/wp\/v2\/pages\/4582","targetHints":{"allow":["GET"]}}],"collection":[{"href":"https:\/\/iqqaumavara.com\/en\/fr\/wp-json\/wp\/v2\/pages"}],"about":[{"href":"https:\/\/iqqaumavara.com\/en\/fr\/wp-json\/wp\/v2\/types\/page"}],"author":[{"embeddable":true,"href":"https:\/\/iqqaumavara.com\/en\/fr\/wp-json\/wp\/v2\/users\/6"}],"replies":[{"embeddable":true,"href":"https:\/\/iqqaumavara.com\/en\/fr\/wp-json\/wp\/v2\/comments?post=4582"}],"version-history":[{"count":0,"href":"https:\/\/iqqaumavara.com\/en\/fr\/wp-json\/wp\/v2\/pages\/4582\/revisions"}],"wp:attachment":[{"href":"https:\/\/iqqaumavara.com\/en\/fr\/wp-json\/wp\/v2\/media?parent=4582"}],"curies":[{"name":"wp","href":"https:\/\/api.w.org\/{rel}","templated":true}]}}