{"id":4577,"date":"2013-11-03T10:14:33","date_gmt":"2013-11-03T14:14:33","guid":{"rendered":"https:\/\/www.iqqaumavara.com\/en\/louisa-elijassialuk-son-histoire\/"},"modified":"2013-11-03T10:14:33","modified_gmt":"2013-11-03T14:14:33","slug":"louisa-elijassialuk-son-histoire","status":"publish","type":"page","link":"https:\/\/iqqaumavara.com\/en\/fr\/louisa-elijassialuk-son-histoire\/","title":{"rendered":"Louisa Elijassialuk &#8211; Son histoire"},"content":{"rendered":"<p style=\"text-align: center;\"><a href=\"http:\/\/player.vimeo.com\/video\/65771566\"><img loading=\"lazy\" decoding=\"async\" src=\"http:\/\/www.iqqaumavara.com\/en\/wp-content\/uploads\/2013\/11\/LouisaElijasialuk.jpg\" alt=\"LouisaElijasialuk\" width=\"534\" height=\"321\" class=\"aligncenter size-full wp-image-1779\" srcset=\"https:\/\/iqqaumavara.com\/en\/wp-content\/uploads\/2013\/11\/LouisaElijasialuk.jpg 534w, https:\/\/iqqaumavara.com\/en\/wp-content\/uploads\/2013\/11\/LouisaElijasialuk-300x180.jpg 300w\" sizes=\"auto, (max-width: 534px) 100vw, 534px\" \/><\/p>\n<p style=\"text-align: center;\">Visionner la premi\u00e8re partie<\/a> | <a href=\"http:\/\/player.vimeo.com\/video\/65823559\">Partie 2<\/a><br \/>\n<a href=\"http:\/\/www.iqqaumavara.com\/en\/wp-content\/uploads\/2014\/01\/FR_VERB_Louisa-Elijassialuk.pdf\" target=\"_blank\" rel=\"noopener\">T\u00e9l\u00e9charger la transcription<\/a><\/p>\n<hr \/>\n<p><strong>Louisa et sa famille ont d\u00e9m\u00e9nag\u00e9s \u00e0 Grise Fiord en 1960. Elle avait treize ans. Plus tard elle a \u00e9pous\u00e9 Samwillie Elijassialuk, qui avait \u00e9t\u00e9 d\u00e9plac\u00e9 \u00e0 Grise Fiord en 1953 avec ses parents, fr\u00e8res et s\u0153urs.<\/strong><\/p>\n<blockquote >\n<p class=\"qp\">\n<p>\u00a0Il n\u2019y avait que quelques b\u00e2timents, c\u2019\u00e9tait tr\u00e8s montagneux et tr\u00e8s froid. Nous avons quitt\u00e9 l\u2019\u00e9t\u00e9 pour arriver dans un endroit tr\u00e8s froid. Il y avait peu de b\u00e2timents et d\u2019immenses montagnes. J\u2019ai \u00e9t\u00e9 partie pendant dix-huit ans.\u00a0\u00bb<\/p>\n<p>\u00ab\u00a0La nouvelle g\u00e9n\u00e9ration a \u00e9t\u00e9 autant bless\u00e9e que ses parents. Ils ont vu la douleur de leurs parents. Je veux qu\u2019ils gu\u00e9rissent et qu\u2019ils deviennent vraiment unis avec cette communaut\u00e9.\u00a0\u00bb<\/p>\n<p><cite>Louisa Elijassialuk &#8211; Inukjuak, 2011<\/cite><\/p><\/blockquote>\n<p><!--more--><\/p>\n","protected":false},"excerpt":{"rendered":"<p>Visionner la premi\u00e8re partie | Partie 2 T\u00e9l\u00e9charger la transcription Louisa et sa famille ont d\u00e9m\u00e9nag\u00e9s \u00e0 Grise Fiord en 1960. Elle avait treize ans. Plus tard elle a \u00e9pous\u00e9 Samwillie Elijassialuk, qui avait \u00e9t\u00e9 d\u00e9plac\u00e9 \u00e0 Grise Fiord en 1953 avec ses parents, fr\u00e8res et s\u0153urs.<\/p>\n","protected":false},"author":6,"featured_media":0,"parent":0,"menu_order":0,"comment_status":"open","ping_status":"open","template":"page-fullwidth.php","meta":{"ngg_post_thumbnail":0,"footnotes":""},"class_list":["post-4577","page","type-page","status-publish","hentry"],"jetpack_shortlink":"https:\/\/wp.me\/P2YleB-1bP","jetpack_sharing_enabled":true,"_links":{"self":[{"href":"https:\/\/iqqaumavara.com\/en\/fr\/wp-json\/wp\/v2\/pages\/4577","targetHints":{"allow":["GET"]}}],"collection":[{"href":"https:\/\/iqqaumavara.com\/en\/fr\/wp-json\/wp\/v2\/pages"}],"about":[{"href":"https:\/\/iqqaumavara.com\/en\/fr\/wp-json\/wp\/v2\/types\/page"}],"author":[{"embeddable":true,"href":"https:\/\/iqqaumavara.com\/en\/fr\/wp-json\/wp\/v2\/users\/6"}],"replies":[{"embeddable":true,"href":"https:\/\/iqqaumavara.com\/en\/fr\/wp-json\/wp\/v2\/comments?post=4577"}],"version-history":[{"count":0,"href":"https:\/\/iqqaumavara.com\/en\/fr\/wp-json\/wp\/v2\/pages\/4577\/revisions"}],"wp:attachment":[{"href":"https:\/\/iqqaumavara.com\/en\/fr\/wp-json\/wp\/v2\/media?parent=4577"}],"curies":[{"name":"wp","href":"https:\/\/api.w.org\/{rel}","templated":true}]}}