{"id":4572,"date":"2013-11-03T10:01:32","date_gmt":"2013-11-03T14:01:32","guid":{"rendered":"https:\/\/www.iqqaumavara.com\/en\/larry-audlaluk-son-histoire\/"},"modified":"2013-11-03T10:01:32","modified_gmt":"2013-11-03T14:01:32","slug":"larry-audlaluk-son-histoire","status":"publish","type":"page","link":"https:\/\/iqqaumavara.com\/en\/fr\/larry-audlaluk-son-histoire\/","title":{"rendered":"Larry Audlaluk &#8211; Son histoire"},"content":{"rendered":"<p style=\"text-align: center;\"><a href=\"http:\/\/player.vimeo.com\/video\/68799987\"><img loading=\"lazy\" decoding=\"async\" src=\"http:\/\/www.iqqaumavara.com\/en\/wp-content\/uploads\/2013\/11\/INTERVIEW3.jpg\" alt=\"INTERVIEW3\" width=\"548\" height=\"316\" class=\"aligncenter size-full wp-image-1773\" srcset=\"https:\/\/iqqaumavara.com\/en\/wp-content\/uploads\/2013\/11\/INTERVIEW3.jpg 548w, https:\/\/iqqaumavara.com\/en\/wp-content\/uploads\/2013\/11\/INTERVIEW3-300x172.jpg 300w\" sizes=\"auto, (max-width: 548px) 100vw, 548px\" \/><\/p>\n<p style=\"text-align: center;\">Visionner la premi\u00e8re partie<\/a> | <a href=\"http:\/\/player.vimeo.com\/video\/68801744\">Partie 2<\/a> | <a href=\"http:\/\/player.vimeo.com\/video\/68803147\">Partie 3<\/a><br \/>\n<a href=\"http:\/\/www.iqqaumavara.com\/en\/wp-content\/uploads\/2014\/01\/FR_VERB_FR_Larry-Audlaluk.pdf\" target=\"_blank\" rel=\"noopener\">T\u00e9l\u00e9charger la transcription<\/a><\/p>\n<hr \/>\n<p><strong>Larry avait trois ans lorsqu\u2019il a \u00e9t\u00e9 d\u00e9plac\u00e9 avec sa famille d\u2019Inukjuak \u00e0 Grise Fiord en 1953.<\/strong><\/p>\n<blockquote >\n<p class=\"qp\">\n<p>\u00a0La vraie raison de notre r\u00e9installation, selon eux, du moins c\u2019est ce qui est \u00e9crit sur papier, \u00e9tait une raison \u00e9conomique. \u00ab\u00a0Inukjuak\u2026\u00a0\u00bb C\u2019est indiqu\u00e9 sur les papiers officiels; Inukjuak, Kuujjuaq et Pond Inlet, dans cet ordre, ce sont les communaut\u00e9s dans la r\u00e9gion de l\u2019Arctique de l\u2019Est qui avaient le plus haut taux de ch\u00f4mage, le plus haut taux de prestations d\u2019aide sociale, le plus haut taux d\u2019aide financi\u00e8re du gouvernement. Et ils devaient faire quelque chose pour changer cette situation. C\u2019est ainsi qu\u2019ils ont commenc\u00e9. [&#8230;] Ceux qui ont \u00e9t\u00e9 d\u00e9barqu\u00e9s ici, c\u2019est \u00e0 dire nous, devions faire un retour \u00e0 un mode de vie traditionnel. C\u2019est ce que nous avons fait et \u00e7a nous a presque tu\u00e9s. Pour ceux qui ont \u00e9t\u00e9 envoy\u00e9s \u00e0 Resolute on avait l\u2019ambition qu\u2019ils deviennent de la main d\u2019\u0153uvre inuite bon march\u00e9.\u00a0\u00bb<\/p>\n<p><cite>Larry Audlaluk &#8211; Grise Fiord, 2012<\/cite><\/p><\/blockquote>\n<p><!--more--><\/p>\n","protected":false},"excerpt":{"rendered":"<p>Visionner la premi\u00e8re partie | Partie 2 | Partie 3 T\u00e9l\u00e9charger la transcription Larry avait trois ans lorsqu\u2019il a \u00e9t\u00e9 d\u00e9plac\u00e9 avec sa famille d\u2019Inukjuak \u00e0 Grise Fiord en 1953.<\/p>\n","protected":false},"author":6,"featured_media":0,"parent":0,"menu_order":0,"comment_status":"open","ping_status":"open","template":"page-fullwidth.php","meta":{"ngg_post_thumbnail":0,"footnotes":""},"class_list":["post-4572","page","type-page","status-publish","hentry"],"jetpack_shortlink":"https:\/\/wp.me\/P2YleB-1bK","jetpack_sharing_enabled":true,"_links":{"self":[{"href":"https:\/\/iqqaumavara.com\/en\/fr\/wp-json\/wp\/v2\/pages\/4572","targetHints":{"allow":["GET"]}}],"collection":[{"href":"https:\/\/iqqaumavara.com\/en\/fr\/wp-json\/wp\/v2\/pages"}],"about":[{"href":"https:\/\/iqqaumavara.com\/en\/fr\/wp-json\/wp\/v2\/types\/page"}],"author":[{"embeddable":true,"href":"https:\/\/iqqaumavara.com\/en\/fr\/wp-json\/wp\/v2\/users\/6"}],"replies":[{"embeddable":true,"href":"https:\/\/iqqaumavara.com\/en\/fr\/wp-json\/wp\/v2\/comments?post=4572"}],"version-history":[{"count":0,"href":"https:\/\/iqqaumavara.com\/en\/fr\/wp-json\/wp\/v2\/pages\/4572\/revisions"}],"wp:attachment":[{"href":"https:\/\/iqqaumavara.com\/en\/fr\/wp-json\/wp\/v2\/media?parent=4572"}],"curies":[{"name":"wp","href":"https:\/\/api.w.org\/{rel}","templated":true}]}}