{"id":4547,"date":"2013-11-02T12:56:43","date_gmt":"2013-11-02T16:56:43","guid":{"rendered":"https:\/\/www.iqqaumavara.com\/en\/elisapee-nutara-son-histoire\/"},"modified":"2013-11-02T12:56:43","modified_gmt":"2013-11-02T16:56:43","slug":"elisapee-nutara-son-histoire","status":"publish","type":"page","link":"https:\/\/iqqaumavara.com\/en\/fr\/elisapee-nutara-son-histoire\/","title":{"rendered":"Elisapee Nutara &#8211; Son histoire"},"content":{"rendered":"<p style=\"text-align: center;\"><a href=\"http:\/\/player.vimeo.com\/video\/65643617\"><img loading=\"lazy\" decoding=\"async\" class=\"aligncenter size-full wp-image-1660\" src=\"http:\/\/www.iqqaumavara.com\/en\/wp-content\/uploads\/2013\/11\/Elisapie_Nutara.jpg\" alt=\"Elisapee Nutara\" width=\"534\" height=\"308\" srcset=\"https:\/\/iqqaumavara.com\/en\/wp-content\/uploads\/2013\/11\/Elisapie_Nutara.jpg 534w, https:\/\/iqqaumavara.com\/en\/wp-content\/uploads\/2013\/11\/Elisapie_Nutara-300x173.jpg 300w\" sizes=\"auto, (max-width: 534px) 100vw, 534px\" \/><\/a><\/p>\n<p style=\"text-align: center;\"><a href=\"https:\/\/player.vimeo.com\/video\/65643617\">Visionner la premi\u00e8re partie<\/a> | <a href=\"https:\/\/player.vimeo.com\/video\/65645991\">Partie 2<\/a><br \/>\n<a href=\"http:\/\/www.iqqaumavara.com\/en\/wp-content\/uploads\/2014\/01\/FR_Verb_Elisapee-Nutara.pdf\" target=\"_blank\" rel=\"noopener\">T\u00e9l\u00e9charger la transcription<\/a><\/p>\n<hr>\n<p><strong>En 1953, Elisapee Nutara, alors \u00e2g\u00e9e de neuf ans, a \u00e9t\u00e9 d\u00e9plac\u00e9e d\u2019Inukjuak \u00e0 Grise Fiord avec ses parents et son fr\u00e8re.<\/strong><\/p>\n<blockquote >\n<p class=\"qp\">\n<p>&nbsp;Mon p\u00e8re nous racontait l\u2019histoire et je me souviens de ce qu\u2019il disait. On leur a demand\u00e9 d\u2019aller dans cet endroit o\u00f9 il y aurait beaucoup de nourriture et o\u00f9 personne n\u2019aurait jamais faim. C\u2019est ce qu\u2019on nous avait dit. On leur a dit que c\u2019\u00e9tait un endroit o\u00f9 personne ne serait pauvre. C\u2019est ce que mon p\u00e8re m\u2019a racont\u00e9.&nbsp;\u00bb<\/p>\n<p><cite>Elisapee Nutara &#8211; Inukjuak, 2011<\/cite><\/p><\/blockquote>\n<p><!--more--><\/p>\n","protected":false},"excerpt":{"rendered":"<p>Visionner la premi\u00e8re partie | Partie 2 T\u00e9l\u00e9charger la transcription En 1953, Elisapee Nutara, alors \u00e2g\u00e9e de neuf ans, a \u00e9t\u00e9 d\u00e9plac\u00e9e d\u2019Inukjuak \u00e0 Grise Fiord avec ses parents et son fr\u00e8re.<\/p>\n","protected":false},"author":6,"featured_media":0,"parent":0,"menu_order":0,"comment_status":"open","ping_status":"open","template":"page-fullwidth.php","meta":{"ngg_post_thumbnail":0,"footnotes":""},"class_list":["post-4547","page","type-page","status-publish","hentry"],"jetpack_shortlink":"https:\/\/wp.me\/P2YleB-1bl","jetpack_sharing_enabled":true,"_links":{"self":[{"href":"https:\/\/iqqaumavara.com\/en\/fr\/wp-json\/wp\/v2\/pages\/4547","targetHints":{"allow":["GET"]}}],"collection":[{"href":"https:\/\/iqqaumavara.com\/en\/fr\/wp-json\/wp\/v2\/pages"}],"about":[{"href":"https:\/\/iqqaumavara.com\/en\/fr\/wp-json\/wp\/v2\/types\/page"}],"author":[{"embeddable":true,"href":"https:\/\/iqqaumavara.com\/en\/fr\/wp-json\/wp\/v2\/users\/6"}],"replies":[{"embeddable":true,"href":"https:\/\/iqqaumavara.com\/en\/fr\/wp-json\/wp\/v2\/comments?post=4547"}],"version-history":[{"count":0,"href":"https:\/\/iqqaumavara.com\/en\/fr\/wp-json\/wp\/v2\/pages\/4547\/revisions"}],"wp:attachment":[{"href":"https:\/\/iqqaumavara.com\/en\/fr\/wp-json\/wp\/v2\/media?parent=4547"}],"curies":[{"name":"wp","href":"https:\/\/api.w.org\/{rel}","templated":true}]}}