{"id":4542,"date":"2013-11-02T12:28:47","date_gmt":"2013-11-02T16:28:47","guid":{"rendered":"https:\/\/www.iqqaumavara.com\/en\/moses-kyak-son-histoire\/"},"modified":"2013-11-02T12:28:47","modified_gmt":"2013-11-02T16:28:47","slug":"moses-kyak-son-histoire","status":"publish","type":"page","link":"https:\/\/iqqaumavara.com\/en\/fr\/moses-kyak-son-histoire\/","title":{"rendered":"Moses Kyak &#8211; Son histoire"},"content":{"rendered":"<p style=\"text-align: center;\"><a href=\"http:\/\/player.vimeo.com\/video\/76453573\"><img loading=\"lazy\" decoding=\"async\" src=\"http:\/\/www.iqqaumavara.com\/en\/wp-content\/uploads\/2013\/11\/Moses_Kyak.jpg\" alt=\"Moses_Kyak\" width=\"540\" height=\"309\" class=\"aligncenter size-full wp-image-1655\" srcset=\"https:\/\/iqqaumavara.com\/en\/wp-content\/uploads\/2013\/11\/Moses_Kyak.jpg 540w, https:\/\/iqqaumavara.com\/en\/wp-content\/uploads\/2013\/11\/Moses_Kyak-300x171.jpg 300w\" sizes=\"auto, (max-width: 540px) 100vw, 540px\" \/><\/p>\n<p style=\"text-align: center;\">Visionner la premi\u00e8re partie<\/a> | <a href=\"http:\/\/player.vimeo.com\/video\/76458832\">Partie 2<\/a><br \/>\n<a href=\"http:\/\/www.iqqaumavara.com\/en\/wp-content\/uploads\/2014\/01\/FR_Verb_Moses-Kyak.pdf\" target=\"_blank\" rel=\"noopener\">T\u00e9l\u00e9charger la transcription<\/a><\/p>\n<hr \/>\n<p><strong>Moses et sa famille sont originaires de Pond Inlet. En 1950, le p\u00e8re de Moses; Kyak, travaillait pour la GRC en tant que constable sp\u00e9cial et fut envoy\u00e9 avec sa famille \u00e0 Craig Harbour et ensuite \u00e0 Grise Fiord.<\/strong><\/p>\n<blockquote >\n<p class=\"qp\">\n<p> Il est parti (Kyak) la premi\u00e8re fois l\u00e0-haut pour faire du rep\u00e9rage. Je crois qu&rsquo;on nous a envoy\u00e9s pour pr\u00e9parer les lieux avant l&rsquo;arriv\u00e9e des gens. Ils ont dit que cet endroit devait \u00eatre peupl\u00e9 et ils nous ont envoy\u00e9 l\u00e0-haut. \u00bb  <\/p>\n<p>\u00abJe me souviens du moment o\u00f9 nous avons embarqu\u00e9 sur le bateau. Nous quittions notre communaut\u00e9. J&rsquo;avais environ sept ans. Ma m\u00e8re, mon p\u00e8re, mes fr\u00e8res a\u00een\u00e9s et moi \u00e9tions tous dehors et nous regardions Pond Inlet s&rsquo;\u00e9loigner. Le son de la corne du bateau \u00e9tait strident. \u00bb\u201d <\/p>\n<p><cite>Moses Kyak &#8211; Pond Inlet, 2013<\/cite><\/p><\/blockquote>\n<p><!--more--><\/p>\n","protected":false},"excerpt":{"rendered":"<p>Visionner la premi\u00e8re partie | Partie 2 T\u00e9l\u00e9charger la transcription Moses et sa famille sont originaires de Pond Inlet. En 1950, le p\u00e8re de Moses; Kyak, travaillait pour la GRC en tant que constable sp\u00e9cial et fut envoy\u00e9 avec sa famille \u00e0 Craig Harbour et ensuite \u00e0 Grise Fiord.<\/p>\n","protected":false},"author":6,"featured_media":0,"parent":0,"menu_order":0,"comment_status":"open","ping_status":"open","template":"page-fullwidth.php","meta":{"ngg_post_thumbnail":0,"footnotes":""},"class_list":["post-4542","page","type-page","status-publish","hentry"],"jetpack_shortlink":"https:\/\/wp.me\/P2YleB-1bg","jetpack_sharing_enabled":true,"_links":{"self":[{"href":"https:\/\/iqqaumavara.com\/en\/fr\/wp-json\/wp\/v2\/pages\/4542","targetHints":{"allow":["GET"]}}],"collection":[{"href":"https:\/\/iqqaumavara.com\/en\/fr\/wp-json\/wp\/v2\/pages"}],"about":[{"href":"https:\/\/iqqaumavara.com\/en\/fr\/wp-json\/wp\/v2\/types\/page"}],"author":[{"embeddable":true,"href":"https:\/\/iqqaumavara.com\/en\/fr\/wp-json\/wp\/v2\/users\/6"}],"replies":[{"embeddable":true,"href":"https:\/\/iqqaumavara.com\/en\/fr\/wp-json\/wp\/v2\/comments?post=4542"}],"version-history":[{"count":0,"href":"https:\/\/iqqaumavara.com\/en\/fr\/wp-json\/wp\/v2\/pages\/4542\/revisions"}],"wp:attachment":[{"href":"https:\/\/iqqaumavara.com\/en\/fr\/wp-json\/wp\/v2\/media?parent=4542"}],"curies":[{"name":"wp","href":"https:\/\/api.w.org\/{rel}","templated":true}]}}