{"id":4537,"date":"2013-11-02T12:05:55","date_gmt":"2013-11-02T16:05:55","guid":{"rendered":"https:\/\/www.iqqaumavara.com\/en\/minnie-killiktee-son-histoire\/"},"modified":"2013-11-02T12:05:55","modified_gmt":"2013-11-02T16:05:55","slug":"minnie-killiktee-son-histoire","status":"publish","type":"page","link":"https:\/\/iqqaumavara.com\/en\/fr\/minnie-killiktee-son-histoire\/","title":{"rendered":"Minnie Killiktee &#8211; Son histoire"},"content":{"rendered":"<p style=\"text-align: center;\"><a href=\"http:\/\/player.vimeo.com\/video\/65826228\"><img loading=\"lazy\" decoding=\"async\" src=\"http:\/\/www.iqqaumavara.com\/en\/wp-content\/uploads\/2013\/11\/Minnie_Killiktee.jpg\" alt=\"Minnie_Killiktee\" width=\"549\" height=\"321\" class=\"aligncenter size-full wp-image-1650\" srcset=\"https:\/\/iqqaumavara.com\/en\/wp-content\/uploads\/2013\/11\/Minnie_Killiktee.jpg 549w, https:\/\/iqqaumavara.com\/en\/wp-content\/uploads\/2013\/11\/Minnie_Killiktee-300x175.jpg 300w\" sizes=\"auto, (max-width: 549px) 100vw, 549px\" \/><\/p>\n<p style=\"text-align: center;\">Visionner la premi\u00e8re partie<\/a> | <a href=\"http:\/\/player.vimeo.com\/video\/65827236\">Partie 2<\/a><br \/>\n<a href=\"http:\/\/www.iqqaumavara.com\/en\/wp-content\/uploads\/2014\/01\/FR_VERB_MINNIE_KILLIKTEE.pdf\" target=\"_blank\" rel=\"noopener\">T\u00e9l\u00e9charger la transcription<\/a><\/p>\n<hr \/>\n<p><strong>En 1953, la jeune Minnie, treize ans, est d\u00e9plac\u00e9 d\u2019Inukjuak \u00e0 Grise Fiord avec ses parents; Mary et Paddy Aqiatusuk et ses fr\u00e8res et s\u0153urs.<\/strong><\/p>\n<blockquote >\n<p class=\"qp\">\n<p>Premi\u00e8rement, on nous a fait d\u00e9m\u00e9nager tr\u00e8s loin du Qu\u00e9bec. Nous avons surv\u00e9cu gr\u00e2ce \u00e0 deux hommes, deux familles qui nous ont aid\u00e9es. Les Akpalialik et Arnakallak sont venus de Mittimatalik (Pond Inlet) pour aider les gens d\u2019Inukjuak. Ces deux hommes nous ont aid\u00e9s et c\u2019est gr\u00e2ce \u00e0 cette aide que nous avons surv\u00e9cu. Nous ne connaissions pas cet endroit et ne savions pas comment survivre dans un lieu o\u00f9 il fait nuit si longtemps.\u00a0\u00bb<\/p>\n<p>\u00ab\u00a0Aujourd\u2019hui, beaucoup des gens qui ont v\u00e9cu la r\u00e9installation sont morts. Nous ne sommes plus beaucoup. Nos descendants doivent savoir que cette r\u00e9installation a eu lieu.\u00a0\u00bb<\/p>\n<p><cite>Minnie Killiktee &#8211; Grise Fiord, 2012<\/cite><\/p><\/blockquote>\n<p><!--more--><\/p>\n","protected":false},"excerpt":{"rendered":"<p>Visionner la premi\u00e8re partie | Partie 2 T\u00e9l\u00e9charger la transcription En 1953, la jeune Minnie, treize ans, est d\u00e9plac\u00e9 d\u2019Inukjuak \u00e0 Grise Fiord avec ses parents; Mary et Paddy Aqiatusuk et ses fr\u00e8res et s\u0153urs.<\/p>\n","protected":false},"author":6,"featured_media":0,"parent":0,"menu_order":0,"comment_status":"open","ping_status":"open","template":"page-fullwidth.php","meta":{"ngg_post_thumbnail":0,"footnotes":""},"class_list":["post-4537","page","type-page","status-publish","hentry"],"jetpack_shortlink":"https:\/\/wp.me\/P2YleB-1bb","jetpack_sharing_enabled":true,"_links":{"self":[{"href":"https:\/\/iqqaumavara.com\/en\/fr\/wp-json\/wp\/v2\/pages\/4537","targetHints":{"allow":["GET"]}}],"collection":[{"href":"https:\/\/iqqaumavara.com\/en\/fr\/wp-json\/wp\/v2\/pages"}],"about":[{"href":"https:\/\/iqqaumavara.com\/en\/fr\/wp-json\/wp\/v2\/types\/page"}],"author":[{"embeddable":true,"href":"https:\/\/iqqaumavara.com\/en\/fr\/wp-json\/wp\/v2\/users\/6"}],"replies":[{"embeddable":true,"href":"https:\/\/iqqaumavara.com\/en\/fr\/wp-json\/wp\/v2\/comments?post=4537"}],"version-history":[{"count":0,"href":"https:\/\/iqqaumavara.com\/en\/fr\/wp-json\/wp\/v2\/pages\/4537\/revisions"}],"wp:attachment":[{"href":"https:\/\/iqqaumavara.com\/en\/fr\/wp-json\/wp\/v2\/media?parent=4537"}],"curies":[{"name":"wp","href":"https:\/\/api.w.org\/{rel}","templated":true}]}}