{"id":4527,"date":"2013-11-02T11:48:59","date_gmt":"2013-11-02T15:48:59","guid":{"rendered":"https:\/\/www.iqqaumavara.com\/en\/moses-idlout-son-histoire\/"},"modified":"2013-11-02T11:48:59","modified_gmt":"2013-11-02T15:48:59","slug":"moses-idlout-son-histoire","status":"publish","type":"page","link":"https:\/\/iqqaumavara.com\/en\/fr\/moses-idlout-son-histoire\/","title":{"rendered":"Moses Idlout &#8211; Son histoire"},"content":{"rendered":"<p style=\"text-align: center;\"><a href=\"http:\/\/player.vimeo.com\/video\/65827237\"><img loading=\"lazy\" decoding=\"async\" src=\"http:\/\/www.iqqaumavara.com\/en\/wp-content\/uploads\/2013\/11\/Moses_Idlout.jpg\" alt=\"Moses_Idlout\" width=\"557\" height=\"320\" class=\"aligncenter size-full wp-image-1640\" srcset=\"https:\/\/iqqaumavara.com\/en\/wp-content\/uploads\/2013\/11\/Moses_Idlout.jpg 557w, https:\/\/iqqaumavara.com\/en\/wp-content\/uploads\/2013\/11\/Moses_Idlout-300x172.jpg 300w\" sizes=\"auto, (max-width: 557px) 100vw, 557px\" \/><\/p>\n<p style=\"text-align: center;\">Visionner la premi\u00e8re partie<\/a> | <a href=\"http:\/\/player.vimeo.com\/video\/65828465\">Partie 2<\/a> | <a href=\"http:\/\/player.vimeo.com\/video\/76144884\">Partie 3<\/a><br \/>\n<a href=\"http:\/\/www.iqqaumavara.com\/en\/wp-content\/uploads\/2014\/01\/FR_Verb_Moses-Idlout.pdf\" target=\"_blank\" rel=\"noopener\">T\u00e9l\u00e9charger la transcription<\/a><\/p>\n<hr \/>\n<p><strong>En 1955 Moses Idlout et sa famille furent d\u00e9plac\u00e9s de Pond Inlet \u00e0 Resolute Bay.<\/strong><\/p>\n<blockquote >\n<p class=\"qp\">\n<p>\u00a0Quand quelqu\u2019un grandit dans un lieu, ce lieu devient une partie de la personne. La terre est partie int\u00e9grante de cette personne. Quand ces gens ont quitt\u00e9 leurs familles, qu\u2019ils ont quitt\u00e9 cette r\u00e9gion \u00e0 laquelle ils \u00e9taient si attach\u00e9s, sans pouvoir y retourner, cela a eu un gros impact sur leurs vies.\u00a0\u00bb <\/p>\n<p>\u00ab\u00a0Ce que je ressens c\u2019est que le gouvernement voulait tant la souverainet\u00e9 qu\u2019il a oubli\u00e9 de voir les Inuit comme des \u00eatres humains. J\u2019ai vu les documents qui expliquent que le gouvernement voulait mettre en place une r\u00e9installation et faire une exp\u00e9rience avec les Inuit. Je me retrouve \u00e0 avoir fait partie de cette exp\u00e9rience et \u00e0 \u00eatre touch\u00e9 par les cons\u00e9quences.\u00a0\u00bb<\/p>\n<p><cite>Moses Idlout &#8211; Inukjuak, 2011<\/cite><\/p><\/blockquote>\n<p><!--more--><\/p>\n","protected":false},"excerpt":{"rendered":"<p>Visionner la premi\u00e8re partie | Partie 2 | Partie 3 T\u00e9l\u00e9charger la transcription En 1955 Moses Idlout et sa famille furent d\u00e9plac\u00e9s de Pond Inlet \u00e0 Resolute Bay.<\/p>\n","protected":false},"author":6,"featured_media":0,"parent":0,"menu_order":0,"comment_status":"open","ping_status":"open","template":"page-fullwidth.php","meta":{"ngg_post_thumbnail":0,"footnotes":""},"class_list":["post-4527","page","type-page","status-publish","hentry"],"jetpack_shortlink":"https:\/\/wp.me\/P2YleB-1b1","jetpack_sharing_enabled":true,"_links":{"self":[{"href":"https:\/\/iqqaumavara.com\/en\/fr\/wp-json\/wp\/v2\/pages\/4527","targetHints":{"allow":["GET"]}}],"collection":[{"href":"https:\/\/iqqaumavara.com\/en\/fr\/wp-json\/wp\/v2\/pages"}],"about":[{"href":"https:\/\/iqqaumavara.com\/en\/fr\/wp-json\/wp\/v2\/types\/page"}],"author":[{"embeddable":true,"href":"https:\/\/iqqaumavara.com\/en\/fr\/wp-json\/wp\/v2\/users\/6"}],"replies":[{"embeddable":true,"href":"https:\/\/iqqaumavara.com\/en\/fr\/wp-json\/wp\/v2\/comments?post=4527"}],"version-history":[{"count":0,"href":"https:\/\/iqqaumavara.com\/en\/fr\/wp-json\/wp\/v2\/pages\/4527\/revisions"}],"wp:attachment":[{"href":"https:\/\/iqqaumavara.com\/en\/fr\/wp-json\/wp\/v2\/media?parent=4527"}],"curies":[{"name":"wp","href":"https:\/\/api.w.org\/{rel}","templated":true}]}}