{"id":4522,"date":"2013-11-02T11:23:58","date_gmt":"2013-11-02T15:23:58","guid":{"rendered":"https:\/\/www.iqqaumavara.com\/en\/rynee-flaherty-son-histoire\/"},"modified":"2013-11-02T11:23:58","modified_gmt":"2013-11-02T15:23:58","slug":"rynee-flaherty-son-histoire","status":"publish","type":"page","link":"https:\/\/iqqaumavara.com\/en\/fr\/rynee-flaherty-son-histoire\/","title":{"rendered":"Rynee Flaherty &#8211; Son histoire"},"content":{"rendered":"<p style=\"text-align: center;\"><a href=\"http:\/\/player.vimeo.com\/video\/65836974\"><img loading=\"lazy\" decoding=\"async\" src=\"http:\/\/www.iqqaumavara.com\/en\/wp-content\/uploads\/2013\/11\/Rynee_Flaherty.jpg\" alt=\"Rynee_Flaherty\" width=\"547\" height=\"315\" class=\"aligncenter size-full wp-image-1635\" srcset=\"https:\/\/iqqaumavara.com\/en\/wp-content\/uploads\/2013\/11\/Rynee_Flaherty.jpg 547w, https:\/\/iqqaumavara.com\/en\/wp-content\/uploads\/2013\/11\/Rynee_Flaherty-300x172.jpg 300w\" sizes=\"auto, (max-width: 547px) 100vw, 547px\" \/><\/p>\n<p style=\"text-align: center;\">Visionner l&rsquo;entrevue<\/a> | <a href=\"http:\/\/www.iqqaumavara.com\/en\/wp-content\/uploads\/2014\/01\/FR_Verb_RYNEE_FLAHERTY.pdf\" target=\"_blank\" rel=\"noopener\">T\u00e9l\u00e9charger la transcription<\/a><\/p>\n<hr \/>\n<p><strong>En 1955, Rynee Flaherty, son mari Josephie et leurs enfant; Martha, Mary et Peter, ont \u00e9t\u00e9 d\u00e9plac\u00e9s d\u2019Inukjuak \u00e0 Grise Fiord.<\/strong><\/p>\n<blockquote >\n<p class=\"qp\">\n<p>\u00c0 Aujuittuq (Grise Fiord) ceux qui partaient en traineaux \u00e0 chiens ne connaissaient pas les lieux, ni les conditions\u2026 Comment souffle le vent, par exemple. Alors, nous nous inqui\u00e9tions pour eux. En plus, ils avaient faim eux aussi. Puis, quand nous habitions \u00e0 Aujuittuq, je disais parfois\u00a0: \u00ab\u00a0J\u2019aimerais que ceux qui nous obligent \u00e0 rester \u00e0 Aujuittuq, j\u2019aimerais qu\u2019ils viennent passer du temps ici et hachent la glace pendant la nuit polaire et on verrait s\u2019ils\u00a0abandonnent\u00bb.  <\/p>\n<p>\u00ab\u00a0J\u2019\u00e9tais en col\u00e8re contre ceux qui nous ont envoy\u00e9s \u00e0 Aujuittuq (Grise Fiord). Parfois, nous \u00e9tions heureux l\u2019\u00e9t\u00e9 quand le soleil ne se couchait jamais, mais nous avions toujours faim. \u00c7a n\u2019avait aucun sens.\u00a0\u00bb<\/p>\n<p><cite>Rynee Flaherty &#8211; Iqaluit, 2011<\/cite><\/p><\/blockquote>\n<p><!--more--><\/p>\n","protected":false},"excerpt":{"rendered":"<p>Visionner l&rsquo;entrevue | T\u00e9l\u00e9charger la transcription En 1955, Rynee Flaherty, son mari Josephie et leurs enfant; Martha, Mary et Peter, ont \u00e9t\u00e9 d\u00e9plac\u00e9s d\u2019Inukjuak \u00e0 Grise Fiord.<\/p>\n","protected":false},"author":6,"featured_media":0,"parent":0,"menu_order":0,"comment_status":"open","ping_status":"open","template":"page-fullwidth.php","meta":{"ngg_post_thumbnail":0,"footnotes":""},"class_list":["post-4522","page","type-page","status-publish","hentry"],"jetpack_shortlink":"https:\/\/wp.me\/P2YleB-1aW","jetpack_sharing_enabled":true,"_links":{"self":[{"href":"https:\/\/iqqaumavara.com\/en\/fr\/wp-json\/wp\/v2\/pages\/4522","targetHints":{"allow":["GET"]}}],"collection":[{"href":"https:\/\/iqqaumavara.com\/en\/fr\/wp-json\/wp\/v2\/pages"}],"about":[{"href":"https:\/\/iqqaumavara.com\/en\/fr\/wp-json\/wp\/v2\/types\/page"}],"author":[{"embeddable":true,"href":"https:\/\/iqqaumavara.com\/en\/fr\/wp-json\/wp\/v2\/users\/6"}],"replies":[{"embeddable":true,"href":"https:\/\/iqqaumavara.com\/en\/fr\/wp-json\/wp\/v2\/comments?post=4522"}],"version-history":[{"count":0,"href":"https:\/\/iqqaumavara.com\/en\/fr\/wp-json\/wp\/v2\/pages\/4522\/revisions"}],"wp:attachment":[{"href":"https:\/\/iqqaumavara.com\/en\/fr\/wp-json\/wp\/v2\/media?parent=4522"}],"curies":[{"name":"wp","href":"https:\/\/api.w.org\/{rel}","templated":true}]}}