{"id":4517,"date":"2013-11-02T11:00:51","date_gmt":"2013-11-02T15:00:51","guid":{"rendered":"https:\/\/www.iqqaumavara.com\/en\/noah-echalook-son-histoire\/"},"modified":"2013-11-02T11:00:51","modified_gmt":"2013-11-02T15:00:51","slug":"noah-echalook-son-histoire","status":"publish","type":"page","link":"https:\/\/iqqaumavara.com\/en\/fr\/noah-echalook-son-histoire\/","title":{"rendered":"Noah Echalook &#8211; Son histoire"},"content":{"rendered":"<p style=\"text-align: center;\"><a href=\"http:\/\/player.vimeo.com\/video\/65835589\"><img loading=\"lazy\" decoding=\"async\" src=\"http:\/\/www.iqqaumavara.com\/en\/wp-content\/uploads\/2013\/11\/Noah_Echalook.jpg\" alt=\"Noah_Echalook\" width=\"550\" height=\"314\" class=\"aligncenter size-full wp-image-1630\" srcset=\"https:\/\/iqqaumavara.com\/en\/wp-content\/uploads\/2013\/11\/Noah_Echalook.jpg 550w, https:\/\/iqqaumavara.com\/en\/wp-content\/uploads\/2013\/11\/Noah_Echalook-300x171.jpg 300w\" sizes=\"auto, (max-width: 550px) 100vw, 550px\" \/><\/p>\n<p style=\"text-align: center;\">Visionner la premi\u00e8re partie<\/a> | <a href=\"http:\/\/player.vimeo.com\/video\/65836973\">Partie 2<\/a><br \/>\n<a href=\"http:\/\/www.iqqaumavara.com\/en\/wp-content\/uploads\/2014\/01\/FR_VERB_NOAH-ECHALOOK.pdf\" target=\"_blank\" rel=\"noopener\">T\u00e9l\u00e9charger la transcription<\/a><\/p>\n<hr \/>\n<p><strong>Des amis et des membres de la famille de Noah ont \u00e9t\u00e9 r\u00e9install\u00e9s en Extr\u00eame Arctique en 1953 et 1955.<\/strong><\/p>\n<blockquote >\n<p class=\"qp\">\n<p>Puis, en 1955, nous avons vraiment \u00e9t\u00e9 laiss\u00e9s derri\u00e8re. Les familles de Joanie Echalook et Minnie Allakariallak\u2026Ils sont partis et certains d\u2019entre eux ne sont jamais revenus. Quand ils sont partis, j\u2019ai ressenti le vide pendant plusieurs ann\u00e9es. Ils me manquaient beaucoup. Ils \u00e9taient partis \u00e0 un endroit que je ne connaissais pas. J\u2019avais l\u2019habitude de demander\u00a0: \u00ab\u00a0O\u00f9 sont-ils all\u00e9?\u00a0\u00bb  Je me demandais sans cesse\u00a0; \u00ab\u00a0O\u00f9 sont all\u00e9es nos familles?\u00a0\u00bb <\/p>\n<p><cite>Noah Echalook &#8211; Inukjuak, 2011<\/cite><\/p><\/blockquote>\n<p><!--more--><\/p>\n","protected":false},"excerpt":{"rendered":"<p>Visionner la premi\u00e8re partie | Partie 2 T\u00e9l\u00e9charger la transcription Des amis et des membres de la famille de Noah ont \u00e9t\u00e9 r\u00e9install\u00e9s en Extr\u00eame Arctique en 1953 et 1955.<\/p>\n","protected":false},"author":6,"featured_media":0,"parent":0,"menu_order":0,"comment_status":"open","ping_status":"open","template":"page-fullwidth.php","meta":{"ngg_post_thumbnail":0,"footnotes":""},"class_list":["post-4517","page","type-page","status-publish","hentry"],"jetpack_shortlink":"https:\/\/wp.me\/P2YleB-1aR","jetpack_sharing_enabled":true,"_links":{"self":[{"href":"https:\/\/iqqaumavara.com\/en\/fr\/wp-json\/wp\/v2\/pages\/4517","targetHints":{"allow":["GET"]}}],"collection":[{"href":"https:\/\/iqqaumavara.com\/en\/fr\/wp-json\/wp\/v2\/pages"}],"about":[{"href":"https:\/\/iqqaumavara.com\/en\/fr\/wp-json\/wp\/v2\/types\/page"}],"author":[{"embeddable":true,"href":"https:\/\/iqqaumavara.com\/en\/fr\/wp-json\/wp\/v2\/users\/6"}],"replies":[{"embeddable":true,"href":"https:\/\/iqqaumavara.com\/en\/fr\/wp-json\/wp\/v2\/comments?post=4517"}],"version-history":[{"count":0,"href":"https:\/\/iqqaumavara.com\/en\/fr\/wp-json\/wp\/v2\/pages\/4517\/revisions"}],"wp:attachment":[{"href":"https:\/\/iqqaumavara.com\/en\/fr\/wp-json\/wp\/v2\/media?parent=4517"}],"curies":[{"name":"wp","href":"https:\/\/api.w.org\/{rel}","templated":true}]}}