{"id":4512,"date":"2013-11-02T10:35:32","date_gmt":"2013-11-02T14:35:32","guid":{"rendered":"https:\/\/www.iqqaumavara.com\/en\/minnie-echalook-son-histoire\/"},"modified":"2013-11-02T10:35:32","modified_gmt":"2013-11-02T14:35:32","slug":"minnie-echalook-son-histoire","status":"publish","type":"page","link":"https:\/\/iqqaumavara.com\/en\/fr\/minnie-echalook-son-histoire\/","title":{"rendered":"Minnie Echalook &#8211; Son histoire"},"content":{"rendered":"<p style=\"text-align: center;\"><a href=\"http:\/\/player.vimeo.com\/video\/65825180\"><img loading=\"lazy\" decoding=\"async\" src=\"http:\/\/www.iqqaumavara.com\/en\/wp-content\/uploads\/2013\/11\/Minnie_Echalook.jpg\" alt=\"Minnie_Echalook\" width=\"536\" height=\"315\" class=\"aligncenter size-full wp-image-1625\" srcset=\"https:\/\/iqqaumavara.com\/en\/wp-content\/uploads\/2013\/11\/Minnie_Echalook.jpg 536w, https:\/\/iqqaumavara.com\/en\/wp-content\/uploads\/2013\/11\/Minnie_Echalook-300x176.jpg 300w\" sizes=\"auto, (max-width: 536px) 100vw, 536px\" \/><\/p>\n<p style=\"text-align: center;\">Visionner l&rsquo;entrevue<\/a><br \/>\n<a href=\"http:\/\/www.iqqaumavara.com\/en\/wp-content\/uploads\/2014\/01\/FR_VERB_MINNIE_ECHALOOK.pdf\" target=\"_blank\" rel=\"noopener\">T\u00e9l\u00e9charger la transcription<\/a><\/p>\n<hr \/>\n<p><strong>La tante de Minnie a \u00e9t\u00e9 d\u00e9plac\u00e9e en Extr\u00eame Arctique dans les ann\u00e9es 50.<\/strong><\/p>\n<blockquote >\n<p class=\"qp\">\n<p> Je veux dire aux jeunes que la vie est faite de plusieurs cycles; parfois, il y en a un de tr\u00e8s difficile, mais ce n\u2019est qu\u2019un cycle. Il faut passer au travers des \u00e9preuves. Je veux qu\u2019ils parlent de leurs probl\u00e8mes et qu\u2019ils trouvent des solutions. Certains d&rsquo;entre eux n\u2019arrivent pas \u00e0 se lib\u00e9rer de leurs probl\u00e8mes, ils devraient en parler. \u00bb<\/p>\n<p><cite>Minnie Echalook &#8211; Inukjuak, 2011<\/cite><\/p><\/blockquote>\n<p><!--more--><\/p>\n","protected":false},"excerpt":{"rendered":"<p>Visionner l&rsquo;entrevue T\u00e9l\u00e9charger la transcription La tante de Minnie a \u00e9t\u00e9 d\u00e9plac\u00e9e en Extr\u00eame Arctique dans les ann\u00e9es 50.<\/p>\n","protected":false},"author":6,"featured_media":0,"parent":0,"menu_order":0,"comment_status":"open","ping_status":"open","template":"page-fullwidth.php","meta":{"ngg_post_thumbnail":0,"footnotes":""},"class_list":["post-4512","page","type-page","status-publish","hentry"],"jetpack_shortlink":"https:\/\/wp.me\/P2YleB-1aM","jetpack_sharing_enabled":true,"_links":{"self":[{"href":"https:\/\/iqqaumavara.com\/en\/fr\/wp-json\/wp\/v2\/pages\/4512","targetHints":{"allow":["GET"]}}],"collection":[{"href":"https:\/\/iqqaumavara.com\/en\/fr\/wp-json\/wp\/v2\/pages"}],"about":[{"href":"https:\/\/iqqaumavara.com\/en\/fr\/wp-json\/wp\/v2\/types\/page"}],"author":[{"embeddable":true,"href":"https:\/\/iqqaumavara.com\/en\/fr\/wp-json\/wp\/v2\/users\/6"}],"replies":[{"embeddable":true,"href":"https:\/\/iqqaumavara.com\/en\/fr\/wp-json\/wp\/v2\/comments?post=4512"}],"version-history":[{"count":0,"href":"https:\/\/iqqaumavara.com\/en\/fr\/wp-json\/wp\/v2\/pages\/4512\/revisions"}],"wp:attachment":[{"href":"https:\/\/iqqaumavara.com\/en\/fr\/wp-json\/wp\/v2\/media?parent=4512"}],"curies":[{"name":"wp","href":"https:\/\/api.w.org\/{rel}","templated":true}]}}