{"id":4505,"date":"2013-11-02T03:31:16","date_gmt":"2013-11-02T07:31:16","guid":{"rendered":"https:\/\/www.iqqaumavara.com\/en\/georges-echalook-son-histoire\/"},"modified":"2013-11-02T03:31:16","modified_gmt":"2013-11-02T07:31:16","slug":"georges-echalook-son-histoire","status":"publish","type":"page","link":"https:\/\/iqqaumavara.com\/en\/fr\/georges-echalook-son-histoire\/","title":{"rendered":"Georges Echalook &#8211; Son histoire"},"content":{"rendered":"<p style=\"text-align: center;\"><a href=\"http:\/\/player.vimeo.com\/video\/66181192\"><img loading=\"lazy\" decoding=\"async\" class=\"aligncenter size-full wp-image-1618\" src=\"http:\/\/www.iqqaumavara.com\/en\/wp-content\/uploads\/2013\/11\/Georges_Echalook.jpg\" alt=\"Georges_Echalook\" width=\"529\" height=\"313\" srcset=\"https:\/\/iqqaumavara.com\/en\/wp-content\/uploads\/2013\/11\/Georges_Echalook.jpg 529w, https:\/\/iqqaumavara.com\/en\/wp-content\/uploads\/2013\/11\/Georges_Echalook-300x177.jpg 300w\" sizes=\"auto, (max-width: 529px) 100vw, 529px\" \/><\/a><\/p>\n<p style=\"text-align: center;\"><a href=\"https:\/\/player.vimeo.com\/video\/66181192\">Visionner la premi\u00e8re partie<\/a> | <a href=\"https:\/\/player.vimeo.com\/video\/65647248\">Partie 2<\/a> | <a href=\"https:\/\/player.vimeo.com\/video\/65650767\">Partie 3<\/a><br \/>\n<a href=\"http:\/\/www.iqqaumavara.com\/en\/wp-content\/uploads\/2014\/01\/FR_VERB_Georges-Echalook.pdf\" target=\"_blank\" rel=\"noopener\">T\u00e9l\u00e9charger la transcription<\/a><\/p>\n<hr>\n<p><strong>En 1955, \u00e0 l\u2019\u00e2ge de onze ans, Georges a \u00e9t\u00e9 d\u00e9plac\u00e9 d\u2019Inukjuak \u00e0 Resolute Bay avec ses parents; Joanie Echalook et Minnie Allakariallak, ses fr\u00e8res et s\u0153urs.<\/strong><\/p>\n<blockquote >\n<p class=\"qp\">\n<p>&nbsp;Ceux qui y \u00e9taient d\u00e9j\u00e0, comme ma s\u0153ur ain\u00e9e et John Amagoalik, nous ont demand\u00e9&nbsp;: Avez-vous l\u2019impression d\u2019avoir mis les pieds sur la lune ?&nbsp;\u00bb<\/p>\n<p>\u00ab&nbsp;Je me souviens aussi que des gens du premier groupe, arriv\u00e9 en 1953, pleuraient parce qu\u2019ils croyaient embarquer sur le bateau. Leurs deux ans \u00e9taient compl\u00e9t\u00e9s et ils pensaient que nous venions les remplacer. Ils avaient fait leurs valises et ils protestaient dans les bureaux de la GRC. Ils \u00e9taient pr\u00eats \u00e0 embarquer sur le C.D Howe pour retourner chez eux. C\u2019est probablement pour cela qu\u2019ils pleuraient.&nbsp;\u00bb<\/p>\n<p><cite>Georges Echalook &#8211; Iqaluit, 2011<\/cite><\/p><\/blockquote>\n<p><!--more--><\/p>\n","protected":false},"excerpt":{"rendered":"<p>Visionner la premi\u00e8re partie | Partie 2 | Partie 3 T\u00e9l\u00e9charger la transcription En 1955, \u00e0 l\u2019\u00e2ge de onze ans, Georges a \u00e9t\u00e9 d\u00e9plac\u00e9 d\u2019Inukjuak \u00e0 Resolute Bay avec ses parents; Joanie Echalook et Minnie Allakariallak, ses fr\u00e8res et s\u0153urs.<\/p>\n","protected":false},"author":6,"featured_media":0,"parent":0,"menu_order":0,"comment_status":"open","ping_status":"open","template":"page-fullwidth.php","meta":{"ngg_post_thumbnail":0,"footnotes":""},"class_list":["post-4505","page","type-page","status-publish","hentry"],"jetpack_shortlink":"https:\/\/wp.me\/P2YleB-1aF","jetpack_sharing_enabled":true,"_links":{"self":[{"href":"https:\/\/iqqaumavara.com\/en\/fr\/wp-json\/wp\/v2\/pages\/4505","targetHints":{"allow":["GET"]}}],"collection":[{"href":"https:\/\/iqqaumavara.com\/en\/fr\/wp-json\/wp\/v2\/pages"}],"about":[{"href":"https:\/\/iqqaumavara.com\/en\/fr\/wp-json\/wp\/v2\/types\/page"}],"author":[{"embeddable":true,"href":"https:\/\/iqqaumavara.com\/en\/fr\/wp-json\/wp\/v2\/users\/6"}],"replies":[{"embeddable":true,"href":"https:\/\/iqqaumavara.com\/en\/fr\/wp-json\/wp\/v2\/comments?post=4505"}],"version-history":[{"count":0,"href":"https:\/\/iqqaumavara.com\/en\/fr\/wp-json\/wp\/v2\/pages\/4505\/revisions"}],"wp:attachment":[{"href":"https:\/\/iqqaumavara.com\/en\/fr\/wp-json\/wp\/v2\/media?parent=4505"}],"curies":[{"name":"wp","href":"https:\/\/api.w.org\/{rel}","templated":true}]}}