{"id":4498,"date":"2013-11-02T03:12:01","date_gmt":"2013-11-02T07:12:01","guid":{"rendered":"https:\/\/www.iqqaumavara.com\/en\/aipilie-echalook-son-histoire\/"},"modified":"2013-11-02T03:12:01","modified_gmt":"2013-11-02T07:12:01","slug":"aipilie-echalook-son-histoire","status":"publish","type":"page","link":"https:\/\/iqqaumavara.com\/en\/fr\/aipilie-echalook-son-histoire\/","title":{"rendered":"Aipilie Echalook &#8211; Son histoire"},"content":{"rendered":"<p style=\"text-align: center;\"><a href=\"http:\/\/player.vimeo.com\/video\/65589779\"><img loading=\"lazy\" decoding=\"async\" class=\"aligncenter size-full wp-image-1613\" src=\"http:\/\/www.iqqaumavara.com\/en\/wp-content\/uploads\/2013\/11\/Aipilie_Echalook.jpg\" alt=\"Aipilie_Echalook\" width=\"540\" height=\"317\" srcset=\"https:\/\/iqqaumavara.com\/en\/wp-content\/uploads\/2013\/11\/Aipilie_Echalook.jpg 540w, https:\/\/iqqaumavara.com\/en\/wp-content\/uploads\/2013\/11\/Aipilie_Echalook-300x176.jpg 300w\" sizes=\"auto, (max-width: 540px) 100vw, 540px\" \/><\/a><\/p>\n<p style=\"text-align: center;\"><a href=\"https:\/\/player.vimeo.com\/video\/65589779\">Visionner la premi\u00e8re partie<\/a> | <a href=\"http:\/\/player.vimeo.com\/video\/65591523\">Partie 2<\/a><br \/>\n<a href=\"http:\/\/www.iqqaumavara.com\/en\/wp-content\/uploads\/2014\/01\/FR_VERB_Aipilie-Echalook.pdf\" target=\"_blank\" rel=\"noopener\">T\u00e9l\u00e9charger la transcription<\/a><\/p>\n<hr>\n<p><strong>Lorsqu\u2019il avait douze ans, Aipilie a vu nombreux de ses proches et amis quitter la communaut\u00e9 d\u2019Inukjuak et partir sur le navire C.D. Howe pour aller vivre \u00e0 Resolute Bay.<\/strong><\/p>\n<blockquote >\n<p class=\"qp\">\n<p>&nbsp;Je suis Aipilie Echalook. J\u2019habite Inukjuak depuis toujours. Quand j\u2019avais douze ans, mes pairs et compagnons Inuit ont disparu. Mon p\u00e8re et d\u2019autres personnes ont beaucoup souffert. En ce qui me concerne, j\u2019ai ressenti la douleur de mes parents.&nbsp;\u00bb<\/p>\n<p>\u00ab&nbsp;D\u2019un c\u00f4t\u00e9, il y avait ceux qui sont partis, de l\u2019autre, ceux qui sont rest\u00e9s derri\u00e8re. Je sais \u00e0 quel moment ils sont partis. Il y avait beaucoup de pleurs. Je sais que mon p\u00e8re est mort des suites d\u2019une d\u00e9pression.&nbsp;\u00bb<\/p>\n<p>\u00ab&nbsp;Les s\u00e9ances de gu\u00e9risons sont utiles et doivent avoir lieu. J\u2019ai confiance que je vais gu\u00e9rir. Avant, je pensais que je n\u2019avais pas besoin des s\u00e9ances de gu\u00e9rison. Mais, je me suis rendu compte que j\u2019en avais grandement besoin. [&#8230;] Je pense que les s\u00e9ances de gu\u00e9rison doivent \u00eatre une priorit\u00e9; elles nous aideront \u00e0 nous relever. Ces s\u00e9ances sont n\u00e9cessaires.&nbsp;\u00bb<\/p>\n<p><cite>Aipilie Echalook &#8211; Inukjuak, 2011<\/cite><\/p><\/blockquote>\n<p><!--more--><\/p>\n","protected":false},"excerpt":{"rendered":"<p>Visionner la premi\u00e8re partie | Partie 2 T\u00e9l\u00e9charger la transcription Lorsqu\u2019il avait douze ans, Aipilie a vu nombreux de ses proches et amis quitter la communaut\u00e9 d\u2019Inukjuak et partir sur le navire C.D. Howe pour aller vivre \u00e0 Resolute Bay.<\/p>\n","protected":false},"author":6,"featured_media":0,"parent":0,"menu_order":0,"comment_status":"open","ping_status":"open","template":"page-fullwidth.php","meta":{"ngg_post_thumbnail":0,"footnotes":""},"class_list":["post-4498","page","type-page","status-publish","hentry"],"jetpack_shortlink":"https:\/\/wp.me\/P2YleB-1ay","jetpack_sharing_enabled":true,"_links":{"self":[{"href":"https:\/\/iqqaumavara.com\/en\/fr\/wp-json\/wp\/v2\/pages\/4498","targetHints":{"allow":["GET"]}}],"collection":[{"href":"https:\/\/iqqaumavara.com\/en\/fr\/wp-json\/wp\/v2\/pages"}],"about":[{"href":"https:\/\/iqqaumavara.com\/en\/fr\/wp-json\/wp\/v2\/types\/page"}],"author":[{"embeddable":true,"href":"https:\/\/iqqaumavara.com\/en\/fr\/wp-json\/wp\/v2\/users\/6"}],"replies":[{"embeddable":true,"href":"https:\/\/iqqaumavara.com\/en\/fr\/wp-json\/wp\/v2\/comments?post=4498"}],"version-history":[{"count":0,"href":"https:\/\/iqqaumavara.com\/en\/fr\/wp-json\/wp\/v2\/pages\/4498\/revisions"}],"wp:attachment":[{"href":"https:\/\/iqqaumavara.com\/en\/fr\/wp-json\/wp\/v2\/media?parent=4498"}],"curies":[{"name":"wp","href":"https:\/\/api.w.org\/{rel}","templated":true}]}}