{"id":4493,"date":"2013-11-02T03:00:16","date_gmt":"2013-11-02T07:00:16","guid":{"rendered":"https:\/\/www.iqqaumavara.com\/en\/lizzie-amagoalik-son-histoire\/"},"modified":"2013-11-02T03:00:16","modified_gmt":"2013-11-02T07:00:16","slug":"lizzie-amagoalik-son-histoire","status":"publish","type":"page","link":"https:\/\/iqqaumavara.com\/en\/fr\/lizzie-amagoalik-son-histoire\/","title":{"rendered":"Lizzie Amagoalik &#8211; Son histoire"},"content":{"rendered":"<p style=\"text-align: center;\"><a href=\"http:\/\/player.vimeo.com\/video\/65755013\"><img loading=\"lazy\" decoding=\"async\" src=\"http:\/\/www.iqqaumavara.com\/en\/wp-content\/uploads\/2013\/11\/LIZZIE_AMAGOALIK.jpg\" alt=\"LIZZIE_AMAGOALIK\" width=\"541\" height=\"315\" class=\"aligncenter size-full wp-image-1607\" srcset=\"https:\/\/iqqaumavara.com\/en\/wp-content\/uploads\/2013\/11\/LIZZIE_AMAGOALIK.jpg 541w, https:\/\/iqqaumavara.com\/en\/wp-content\/uploads\/2013\/11\/LIZZIE_AMAGOALIK-300x174.jpg 300w\" sizes=\"auto, (max-width: 541px) 100vw, 541px\" \/><\/p>\n<p style=\"text-align: center;\">Visionner la premi\u00e8re partie<\/a> | <a href=\"http:\/\/player.vimeo.com\/video\/65760322\">Partie 2<\/a> | <a href=\"http:\/\/player.vimeo.com\/video\/65767695\">Partie 3<\/a><br \/>\n<a href=\"http:\/\/www.iqqaumavara.com\/en\/wp-content\/uploads\/2014\/04\/FR_VERB_Lizzie-Amagoalik.pdf\" target=\"_blank\" rel=\"noopener\">T\u00e9l\u00e9charger la transcription<\/a><\/p>\n<hr \/>\n<p><strong>En 1953, la s\u0153ur a\u00een\u00e9e de Lizzie; Sarah Amagoalik et son mari Simeonie Amagoalik font partie du premier groupe de gens d\u00e9plac\u00e9s d\u2019Inukjuak \u00e0 Resolute Bay. Deux ans plus tard c\u2019est au tour de Lizzie d\u2019\u00eatre d\u00e9plac\u00e9e \u00e0 Resolute Bay avec ses parents, fr\u00e8res et s\u0153urs.<\/strong><\/p>\n<blockquote >\n<p class=\"qp\">\n<p>\u00a0Le policier, avec l\u2019aide de son interpr\u00e8te, est venu discuter avec mon p\u00e8re\u00a0: Vous allez \u00eatre r\u00e9install\u00e9 chez Simeonie.\u00a0Vous irez en bateau cet \u00e9t\u00e9.\u00a0Vous serez dans un endroit merveilleux, avec beaucoup de nourriture.\u00a0Il y a une vari\u00e9t\u00e9 de nourriture et c\u2019est un lieu tr\u00e8s plaisant.\u00a0\u00bb <\/p>\n<p>\u00ab Ils nous ont d\u00e9barqu\u00e9s sur le rivage. Il faisait tellement froid. Le C.D Howe est parti apr\u00e8s avoir d\u00e9charg\u00e9 les provisions. Ma m\u00e8re s\u2019est mise \u00e0 pleurer. Elle a dit qu\u2019elle voulait rentrer \u00e0 la maison. \u00bb<\/p>\n<p>\u00ab Le gouvernement n\u2019a pas tenu parole lorsqu\u2019il a promis que nous ne manquerions pas de nourriture. Je ne peux pas faire la paix avec cela. Chaque fois qu\u2019on me pose la question, je reviens l\u00e0-dessus; c\u2019est ma pr\u00e9occupation principale. Pourquoi? Ils nous ont dit que nous n\u2019aurions pas faim l\u00e0-haut. Comment ont-ils pu fermer les yeux sur le sort de ma s\u0153ur alors qu\u2019elle mourait de faim? \u00bb<\/p>\n<p><cite>Lizzie Amagoalik &#8211; Inukjuak, 2011<\/cite><\/p><\/blockquote>\n<p><!--more--><\/p>\n","protected":false},"excerpt":{"rendered":"<p>Visionner la premi\u00e8re partie | Partie 2 | Partie 3 T\u00e9l\u00e9charger la transcription En 1953, la s\u0153ur a\u00een\u00e9e de Lizzie; Sarah Amagoalik et son mari Simeonie Amagoalik font partie du premier groupe de gens d\u00e9plac\u00e9s d\u2019Inukjuak \u00e0 Resolute Bay. Deux ans plus tard c\u2019est au tour de Lizzie d\u2019\u00eatre d\u00e9plac\u00e9e \u00e0 Resolute Bay avec ses [&hellip;]<\/p>\n","protected":false},"author":6,"featured_media":0,"parent":0,"menu_order":0,"comment_status":"open","ping_status":"open","template":"page-fullwidth.php","meta":{"ngg_post_thumbnail":0,"footnotes":""},"class_list":["post-4493","page","type-page","status-publish","hentry"],"jetpack_shortlink":"https:\/\/wp.me\/P2YleB-1at","jetpack_sharing_enabled":true,"_links":{"self":[{"href":"https:\/\/iqqaumavara.com\/en\/fr\/wp-json\/wp\/v2\/pages\/4493","targetHints":{"allow":["GET"]}}],"collection":[{"href":"https:\/\/iqqaumavara.com\/en\/fr\/wp-json\/wp\/v2\/pages"}],"about":[{"href":"https:\/\/iqqaumavara.com\/en\/fr\/wp-json\/wp\/v2\/types\/page"}],"author":[{"embeddable":true,"href":"https:\/\/iqqaumavara.com\/en\/fr\/wp-json\/wp\/v2\/users\/6"}],"replies":[{"embeddable":true,"href":"https:\/\/iqqaumavara.com\/en\/fr\/wp-json\/wp\/v2\/comments?post=4493"}],"version-history":[{"count":0,"href":"https:\/\/iqqaumavara.com\/en\/fr\/wp-json\/wp\/v2\/pages\/4493\/revisions"}],"wp:attachment":[{"href":"https:\/\/iqqaumavara.com\/en\/fr\/wp-json\/wp\/v2\/media?parent=4493"}],"curies":[{"name":"wp","href":"https:\/\/api.w.org\/{rel}","templated":true}]}}