{"id":4399,"date":"2013-11-02T01:00:52","date_gmt":"2013-11-02T05:00:52","guid":{"rendered":"https:\/\/www.iqqaumavara.com\/en\/pond-inlet\/"},"modified":"2013-11-02T01:00:52","modified_gmt":"2013-11-02T05:00:52","slug":"pond-inlet","status":"publish","type":"page","link":"https:\/\/iqqaumavara.com\/en\/fr\/pond-inlet\/","title":{"rendered":"Pond Inlet"},"content":{"rendered":"<p><center><\/p>\n<div id=\"metaslider-id-1539\" style=\"width: 100%;\" class=\"ml-slider-3-108-0 metaslider metaslider-responsive metaslider-1539 ml-slider ms-theme-default\" role=\"region\" aria-label=\"Pond Inlet\" data-height=\"507\" data-width=\"900\">\n<div id=\"metaslider_container_1539\">\n<ul id='metaslider_1539' class='rslides'>\n<li aria-roledescription='slide' aria-labelledby='slide-0'><img loading=\"lazy\" decoding=\"async\" src=\"https:\/\/iqqaumavara.com\/en\/wp-content\/uploads\/2013\/11\/Pond-Inlet_0001-900x507.jpg\" height=\"507\" width=\"900\" alt=\"\" class=\"slider-1539 slide-1540 msDefaultImage\" \/><\/li>\n<li style='display: none;' aria-roledescription='slide' aria-labelledby='slide-1'><img loading=\"lazy\" decoding=\"async\" src=\"https:\/\/iqqaumavara.com\/en\/wp-content\/uploads\/2013\/11\/Pond-Inlet_0002-892x502.jpg\" height=\"507\" width=\"900\" alt=\"\" class=\"slider-1539 slide-1541 msDefaultImage\" \/><\/li>\n<li style='display: none;' aria-roledescription='slide' aria-labelledby='slide-2'><img loading=\"lazy\" decoding=\"async\" src=\"https:\/\/iqqaumavara.com\/en\/wp-content\/uploads\/2013\/11\/Pond-Inlet_0003-889x500.jpg\" height=\"507\" width=\"900\" alt=\"\" class=\"slider-1539 slide-1542 msDefaultImage\" \/><\/li>\n<li style='display: none;' aria-roledescription='slide' aria-labelledby='slide-3'><img loading=\"lazy\" decoding=\"async\" src=\"https:\/\/iqqaumavara.com\/en\/wp-content\/uploads\/2013\/11\/Pond-Inlet_0004-889x500.jpg\" height=\"507\" width=\"900\" alt=\"\" class=\"slider-1539 slide-1543 msDefaultImage\" \/><\/li>\n<li style='display: none;' aria-roledescription='slide' aria-labelledby='slide-4'><img loading=\"lazy\" decoding=\"async\" src=\"https:\/\/iqqaumavara.com\/en\/wp-content\/uploads\/2013\/11\/Pond-Inlet_0005-856x482.jpg\" height=\"507\" width=\"900\" alt=\"\" class=\"slider-1539 slide-1544 msDefaultImage\" \/><\/li>\n<li style='display: none;' aria-roledescription='slide' aria-labelledby='slide-5'><img loading=\"lazy\" decoding=\"async\" src=\"https:\/\/iqqaumavara.com\/en\/wp-content\/uploads\/2013\/11\/Pond-Inlet_0006-889x500.jpg\" height=\"507\" width=\"900\" alt=\"\" class=\"slider-1539 slide-1545 msDefaultImage\" \/><\/li>\n<li style='display: none;' aria-roledescription='slide' aria-labelledby='slide-6'><img loading=\"lazy\" decoding=\"async\" src=\"https:\/\/iqqaumavara.com\/en\/wp-content\/uploads\/2013\/11\/Pond-Inlet_0007-889x500.jpg\" height=\"507\" width=\"900\" alt=\"\" class=\"slider-1539 slide-1546 msDefaultImage\" \/><\/li>\n<li style='display: none;' aria-roledescription='slide' aria-labelledby='slide-7'><img loading=\"lazy\" decoding=\"async\" src=\"https:\/\/iqqaumavara.com\/en\/wp-content\/uploads\/2013\/11\/Pond-Inlet_0008-900x507.jpg\" height=\"507\" width=\"900\" alt=\"\" class=\"slider-1539 slide-1547 msDefaultImage\" \/><\/li>\n<li style='display: none;' aria-roledescription='slide' aria-labelledby='slide-8'><img loading=\"lazy\" decoding=\"async\" src=\"https:\/\/iqqaumavara.com\/en\/wp-content\/uploads\/2013\/11\/Pond-Inlet_0009-889x500.jpg\" height=\"507\" width=\"900\" alt=\"\" class=\"slider-1539 slide-1548 msDefaultImage\" \/><\/li>\n<li style='display: none;' aria-roledescription='slide' aria-labelledby='slide-9'><img loading=\"lazy\" decoding=\"async\" src=\"https:\/\/iqqaumavara.com\/en\/wp-content\/uploads\/2013\/11\/Pond-Inlet_0010-889x500.jpg\" height=\"507\" width=\"900\" alt=\"\" class=\"slider-1539 slide-1549 msDefaultImage\" \/><\/li>\n<li style='display: none;' aria-roledescription='slide' aria-labelledby='slide-10'><img loading=\"lazy\" decoding=\"async\" src=\"https:\/\/iqqaumavara.com\/en\/wp-content\/uploads\/2013\/11\/Pond-Inlet_0011-890x501.jpg\" height=\"507\" width=\"900\" alt=\"\" class=\"slider-1539 slide-1550 msDefaultImage\" \/><\/li>\n<li style='display: none;' aria-roledescription='slide' aria-labelledby='slide-11'><img loading=\"lazy\" decoding=\"async\" src=\"https:\/\/iqqaumavara.com\/en\/wp-content\/uploads\/2013\/11\/Pond-Inlet_0012-900x507.jpg\" height=\"507\" width=\"900\" alt=\"\" class=\"slider-1539 slide-1551 msDefaultImage\" \/><\/li>\n<li style='display: none;' aria-roledescription='slide' aria-labelledby='slide-12'><img loading=\"lazy\" decoding=\"async\" src=\"https:\/\/iqqaumavara.com\/en\/wp-content\/uploads\/2013\/11\/Pond-Inlet_0013.jpg\" height=\"507\" width=\"900\" alt=\"\" class=\"slider-1539 slide-1552 msDefaultImage\" \/><\/li>\n<li style='display: none;' aria-roledescription='slide' aria-labelledby='slide-13'><img loading=\"lazy\" decoding=\"async\" src=\"https:\/\/iqqaumavara.com\/en\/wp-content\/uploads\/2013\/11\/Pond-Inlet_0014.jpg\" height=\"507\" width=\"900\" alt=\"\" class=\"slider-1539 slide-1553 msDefaultImage\" \/><\/li>\n<\/ul><\/div>\n<\/div>\n<p><\/center><br \/>\n\u14a5\u1466\u144e\u14aa\u1455\u14d5\u1483 or Mittimatalik, \u201cL\u00e0 o\u00f9 Mitima a \u00e9t\u00e9 enterr\u00e9\u201d<\/p>\n<p><strong>Population\u00a0:<\/strong> 1315<\/p>\n<p><strong>Latitude:<\/strong> 72\u00b041&rsquo;22\u00a0\u00bb N<br \/>\n<strong>Longitude:<\/strong> 77\u00b058&rsquo;08\u00a0\u00bb W\u2028<\/p>\n<p><strong>Temp\u00e9rature moyenne en ao\u00fbt :<\/strong> 5\u00b0C<br \/>\n<strong>Temp\u00e9rature moyenne en janvier\u00a0:<\/strong> -28,7\u00b0C<\/p>\n<p><img loading=\"lazy\" decoding=\"async\" src=\"http:\/\/www.iqqaumavara.com\/en\/wp-content\/uploads\/2013\/11\/BELUGA.png\" alt=\"BELUGA\" width=\"300\" height=\"250\" class=\"alignleft size-full wp-image-1538\" \/>Joshua Arreak \u2013 Joshua Arreak \u2013 adjoint au maire  <\/p>\n<blockquote><p>\u00a0\u00bb Pond Inlet est situ\u00e9 sur la pointe nord de la Terre de Baffin. Le principal attrait est le paysage, les montagnes. En face, sur l\u2019\u00eele de Bylot, il y a un sanctuaire d\u2019oiseaux. On a aussi des narvals, des ours polaires et il y a le Parc national de Sirmilik. <\/br><\/br><\/p>\n<p>En juin le soleil fait le tour de l\u2019horizon et ne se couche jamais. Et, \u00e7a dure jusqu\u2019\u00e0 la mi-ao\u00fbt, lorsqu\u2019il commence \u00e0 avoir un peu de nuit. Mais, \u00e0 la fin novembre, le soleil se couche et on ne le revoit pas avant trois mois. Nous avons juste une ligne de lumi\u00e8re \u00e0 l\u2019horizon. Il fait alors tr\u00e8s froid, \u00e7a peut aller jusqu\u2019\u00e0 moins 40 degr\u00e9s en hiver. Mais, l\u2019ann\u00e9e derni\u00e8re, je crois que nous avons eu 18\u00b0 en juillet.\u00a0\u00bb <\/br><\/br><\/p>\n<p>L\u2019hiver est froid et hostile. Si vous n\u2019\u00eates pas pr\u00e9par\u00e9 et que vous \u00eates dehors, vous pouvez vous faire surprendre par un blizzard et mourir gel\u00e9. Vous devez \u00eatre bien habill\u00e9 et toujours \u00eatre pr\u00e9par\u00e9. Au printemps, les gens vont dans la nature, chasser et profiter de la vie. Ils passent beaucoup de temps dehors parce qu\u2019il ne fait jamais nuit, qu\u2019il fait plus chaud et que l\u2019on peut s\u2019habiller plus l\u00e9g\u00e8rement. En \u00e9t\u00e9, quand c\u2019est d\u00e9gel\u00e9, on peut prendre notre bateau et, selon la temp\u00e9rature, aller o\u00f9 on veut. <\/br><\/br><\/p>\n<p>Nous habitons un lieu isol\u00e9 et les prix sont tr\u00e8s \u00e9lev\u00e9s. On doit compenser avec du gibier si on veut survivre. Je crois que c\u2019est \u00e7a le plus grand d\u00e9fi quand on vit dans le Nord\u00a0: le co\u00fbt tr\u00e8s \u00e9lev\u00e9 de la vie et le prix des billets d\u2019avion. Si je veux aller \u00e0 Ottawa, c\u2019est plus cher que d\u2019aller \u00e0 l\u2019\u00e9tranger.<\/br><\/br><\/p>\n<p>Dans le pass\u00e9, les Inuit vivaient dans plusieurs camps \u00e9loign\u00e9s. Dans chaque camp vivait une famille un leader, le chef de la famille. \u00c7a pouvait \u00eatre d\u2019assez grandes familles, mais chacun des camps g\u00e9rait ses propres affaires et ils r\u00e9ussissaient \u00e0 survivre, malgr\u00e9 les conditions difficiles du Nord. Il y avait beaucoup de camps dans la r\u00e9gion autour d\u2019ici. Plus tard, les chefs de camps ce sont retrouv\u00e9 dans une m\u00eame communaut\u00e9. Je crois que cette transition a pu apporter pas mal de confusion\u00a0: qui allait maintenant \u00eatre chef? Ils ont \u00e9t\u00e9 d\u00e9pouill\u00e9s de leur leadership et install\u00e9s dans une communaut\u00e9. \u00c0 travers les ans, il y a eu beaucoup de changements et les Inuit ont toujours surv\u00e9cu et ils vont continuer \u00e0 survivre.\u00a0\u00bb<\/p><\/blockquote>\n<p><!--more--><\/p>\n","protected":false},"excerpt":{"rendered":"<p>\u14a5\u1466\u144e\u14aa\u1455\u14d5\u1483 or Mittimatalik, \u201cL\u00e0 o\u00f9 Mitima a \u00e9t\u00e9 enterr\u00e9\u201d Population\u00a0: 1315 Latitude: 72\u00b041&rsquo;22\u00a0\u00bb N Longitude: 77\u00b058&rsquo;08\u00a0\u00bb W\u2028 Temp\u00e9rature moyenne en ao\u00fbt : 5\u00b0C Temp\u00e9rature moyenne en janvier\u00a0: -28,7\u00b0C Joshua Arreak \u2013 Joshua Arreak \u2013 adjoint au maire \u00a0\u00bb Pond Inlet est situ\u00e9 sur la pointe nord de la Terre de Baffin. Le principal attrait est [&hellip;]<\/p>\n","protected":false},"author":6,"featured_media":0,"parent":0,"menu_order":0,"comment_status":"open","ping_status":"open","template":"page-fullwidth.php","meta":{"ngg_post_thumbnail":0,"footnotes":""},"class_list":["post-4399","page","type-page","status-publish","hentry"],"jetpack_shortlink":"https:\/\/wp.me\/P2YleB-18X","jetpack_sharing_enabled":true,"_links":{"self":[{"href":"https:\/\/iqqaumavara.com\/en\/fr\/wp-json\/wp\/v2\/pages\/4399","targetHints":{"allow":["GET"]}}],"collection":[{"href":"https:\/\/iqqaumavara.com\/en\/fr\/wp-json\/wp\/v2\/pages"}],"about":[{"href":"https:\/\/iqqaumavara.com\/en\/fr\/wp-json\/wp\/v2\/types\/page"}],"author":[{"embeddable":true,"href":"https:\/\/iqqaumavara.com\/en\/fr\/wp-json\/wp\/v2\/users\/6"}],"replies":[{"embeddable":true,"href":"https:\/\/iqqaumavara.com\/en\/fr\/wp-json\/wp\/v2\/comments?post=4399"}],"version-history":[{"count":0,"href":"https:\/\/iqqaumavara.com\/en\/fr\/wp-json\/wp\/v2\/pages\/4399\/revisions"}],"wp:attachment":[{"href":"https:\/\/iqqaumavara.com\/en\/fr\/wp-json\/wp\/v2\/media?parent=4399"}],"curies":[{"name":"wp","href":"https:\/\/api.w.org\/{rel}","templated":true}]}}