{"id":4392,"date":"2013-11-02T00:39:41","date_gmt":"2013-11-02T04:39:41","guid":{"rendered":"https:\/\/www.iqqaumavara.com\/en\/iqaluit\/"},"modified":"2013-11-02T00:39:41","modified_gmt":"2013-11-02T04:39:41","slug":"iqaluit","status":"publish","type":"page","link":"https:\/\/iqqaumavara.com\/en\/fr\/iqaluit\/","title":{"rendered":"Iqaluit"},"content":{"rendered":"<p style=\"text-align: center;\">\n<div id=\"metaslider-id-1527\" style=\"width: 100%;\" class=\"ml-slider-3-108-0 metaslider metaslider-responsive metaslider-1527 ml-slider ms-theme-default\" role=\"region\" aria-label=\"Iqaluit\" data-height=\"507\" data-width=\"900\">\n<div id=\"metaslider_container_1527\">\n<ul id='metaslider_1527' class='rslides'>\n<li aria-roledescription='slide' aria-labelledby='slide-0'><img loading=\"lazy\" decoding=\"async\" src=\"https:\/\/iqqaumavara.com\/en\/wp-content\/uploads\/2013\/11\/Iqaluit_0001-900x507.jpg\" height=\"507\" width=\"900\" alt=\"\" class=\"slider-1527 slide-1528 msDefaultImage\" \/><\/li>\n<li style='display: none;' aria-roledescription='slide' aria-labelledby='slide-1'><img loading=\"lazy\" decoding=\"async\" src=\"https:\/\/iqqaumavara.com\/en\/wp-content\/uploads\/2013\/11\/Iqaluit_0002-900x507.jpg\" height=\"507\" width=\"900\" alt=\"\" class=\"slider-1527 slide-1529 msDefaultImage\" \/><\/li>\n<li style='display: none;' aria-roledescription='slide' aria-labelledby='slide-2'><img loading=\"lazy\" decoding=\"async\" src=\"https:\/\/iqqaumavara.com\/en\/wp-content\/uploads\/2013\/11\/Iqaluit_0003-900x507.jpg\" height=\"507\" width=\"900\" alt=\"\" class=\"slider-1527 slide-1530 msDefaultImage\" \/><\/li>\n<li style='display: none;' aria-roledescription='slide' aria-labelledby='slide-3'><img loading=\"lazy\" decoding=\"async\" src=\"https:\/\/iqqaumavara.com\/en\/wp-content\/uploads\/2013\/11\/Iqaluit_0004-900x507.jpg\" height=\"507\" width=\"900\" alt=\"\" class=\"slider-1527 slide-1531 msDefaultImage\" \/><\/li>\n<li style='display: none;' aria-roledescription='slide' aria-labelledby='slide-4'><img loading=\"lazy\" decoding=\"async\" src=\"https:\/\/iqqaumavara.com\/en\/wp-content\/uploads\/2013\/11\/Iqaluit_0005-900x507.jpg\" height=\"507\" width=\"900\" alt=\"\" class=\"slider-1527 slide-1532 msDefaultImage\" \/><\/li>\n<li style='display: none;' aria-roledescription='slide' aria-labelledby='slide-5'><img loading=\"lazy\" decoding=\"async\" src=\"https:\/\/iqqaumavara.com\/en\/wp-content\/uploads\/2013\/11\/Iqaluit_0006-900x507.jpg\" height=\"507\" width=\"900\" alt=\"\" class=\"slider-1527 slide-1533 msDefaultImage\" \/><\/li>\n<\/ul><\/div>\n<\/div>\n<p style=\"text-align: left;\">\u1403\u1583\u14d7\u1403\u1466, \u00ab\u00a0L&rsquo;endroit o\u00f9 il y a beaucoup de poissons\u00a0\u00bb<\/p>\n<p>Capitale du Nunavut<\/p>\n<p><strong>Population\u00a0:<\/strong> 7,250<\/p>\n<p><strong>Longitude:<\/strong> 68\u00b033&rsquo;00\u00a0\u00bb\u00a0O<br \/>\n<strong>Latitude:<\/strong> 63\u00b045&rsquo;00\u00a0\u00bb\u00a0N<\/p>\n<p><strong>Temp\u00e9rature moyenne en ao\u00fbt : <\/strong>7,6\u00b0C<br \/>\n<strong>Temp\u00e9rature moyenne en janvier : <\/strong>-25,7\u00b0C<\/p>\n<p><img loading=\"lazy\" decoding=\"async\" src=\"http:\/\/www.iqqaumavara.com\/en\/wp-content\/uploads\/2013\/11\/MAISON2.png\" alt=\"MAISON2\" width=\"300\" height=\"250\" class=\"alignleft size-full wp-image-1534\" \/><strong>Madeleine Redfern \u2013 Ancienne mairesse d&rsquo;Iqaluit (2012)<\/strong><\/p>\n<blockquote><p>\u00abIqaluit est un lieu tr\u00e8s int\u00e9ressant et diff\u00e9rent. \u00c7a fait partie du Canada, les gens ne se rendent pas compte \u00e0 quel point notre pays est vaste. Juste le Nunavut, c\u2019est 2 millions km2 et Iqaluit est une belle ville en pleine croissance.<\/br><\/br><\/p>\n<p>\u00c0 l\u2019automne les temp\u00e9ratures varient entre z\u00e9ro et environ -15\u00b0. \u00c7a devient plus froid en hiver de -15\u00b0 \u00e0 -40\u00b0 et avec le vent \u00e7a devient glacial. Le printemps est spectaculaire ici. On a beaucoup plus de lumi\u00e8re, mais pour les standards du Sud, c\u2019est encore l\u2019hiver\u2026 Il y a beaucoup de neige et de glace, mais \u00e7a brille de partout. <\/br><\/br><\/p>\n<p>La population d\u2019Iqaluit est d\u2019environ 7,250 habitants et il y a autour de 300 nouveaux r\u00e9sidents par ann\u00e9e, ce qui est ph\u00e9nom\u00e9nal! Depuis 1999, on a doubl\u00e9 notre population. Quand les gens pensent \u00e0 une communaut\u00e9 o\u00f9 il y a autour de 7000 personnes, ils se disent \u00ab\u00a0\u00e7a doit \u00eatre une petite ville tranquille.\u00a0\u00bb Comme ces banlieues ennuyantes. Mais, ici, c\u2019est tr\u00e8s vivant, parce que nous sommes la capitale.<\/br><\/br><\/p>\n<p> Il y a tellement de choses qui se passent ici. Nous avons le seul h\u00f4pital de la r\u00e9gion. On a un palais de justice et une prison.  Nous avons aussi l\u2019Assembl\u00e9e l\u00e9gislative. Beaucoup de conf\u00e9rences et de r\u00e9unions ont lieu ici, que ce soit au niveau r\u00e9gional, national ou international. Il y a beaucoup d\u2019animation et d\u2019activit\u00e9s.<\/br><\/br><\/p>\n<p>Beaucoup de gens ici sont de passage: des gens qui sont ici seulement pour un, deux ou trois ans. Ainsi, nous avons constamment des vagues de nouveaux arrivants qui ne sont pas familiers avec notre environnement, ni notre culture. Nous avons remarqu\u00e9 qu\u2019il faut en g\u00e9n\u00e9ral environ un an avant que les nouvelles personnes aient vraiment une compr\u00e9hension de notre histoire et de ce qui se passe ici. <\/br><\/br><\/p>\n<p>Alors, la r\u00e9sultante de \u00e7a, c\u2019est que souvent les services \u00e0 la population sont perturb\u00e9s \u2026 Vous devez faire affaire avec des nouveaux professeurs pour vos enfants tout le temps, des nouveaux m\u00e9decins, des nouveaux fonctionnaires\u2026 des nouvelles personnes responsables des politiques de d\u00e9veloppement. Cette situation m\u00e8ne parfois \u00e0 des d\u00e9cisions pas totalement ad\u00e9quates, ne refl\u00e9tant pas n\u00e9cessairement notre culture, nos valeurs et nos priorit\u00e9s.<\/p>\n<\/blockquote>\n<p><!--more--><\/p>\n","protected":false},"excerpt":{"rendered":"<p>\u1403\u1583\u14d7\u1403\u1466, \u00ab\u00a0L&rsquo;endroit o\u00f9 il y a beaucoup de poissons\u00a0\u00bb Capitale du Nunavut Population\u00a0: 7,250 Longitude: 68\u00b033&rsquo;00\u00a0\u00bb\u00a0O Latitude: 63\u00b045&rsquo;00\u00a0\u00bb\u00a0N Temp\u00e9rature moyenne en ao\u00fbt : 7,6\u00b0C Temp\u00e9rature moyenne en janvier : -25,7\u00b0C Madeleine Redfern \u2013 Ancienne mairesse d&rsquo;Iqaluit (2012) \u00abIqaluit est un lieu tr\u00e8s int\u00e9ressant et diff\u00e9rent. \u00c7a fait partie du Canada, les gens ne se rendent [&hellip;]<\/p>\n","protected":false},"author":6,"featured_media":0,"parent":0,"menu_order":0,"comment_status":"open","ping_status":"open","template":"page-fullwidth.php","meta":{"ngg_post_thumbnail":0,"footnotes":""},"class_list":["post-4392","page","type-page","status-publish","hentry"],"jetpack_shortlink":"https:\/\/wp.me\/P2YleB-18Q","jetpack_sharing_enabled":true,"_links":{"self":[{"href":"https:\/\/iqqaumavara.com\/en\/fr\/wp-json\/wp\/v2\/pages\/4392","targetHints":{"allow":["GET"]}}],"collection":[{"href":"https:\/\/iqqaumavara.com\/en\/fr\/wp-json\/wp\/v2\/pages"}],"about":[{"href":"https:\/\/iqqaumavara.com\/en\/fr\/wp-json\/wp\/v2\/types\/page"}],"author":[{"embeddable":true,"href":"https:\/\/iqqaumavara.com\/en\/fr\/wp-json\/wp\/v2\/users\/6"}],"replies":[{"embeddable":true,"href":"https:\/\/iqqaumavara.com\/en\/fr\/wp-json\/wp\/v2\/comments?post=4392"}],"version-history":[{"count":0,"href":"https:\/\/iqqaumavara.com\/en\/fr\/wp-json\/wp\/v2\/pages\/4392\/revisions"}],"wp:attachment":[{"href":"https:\/\/iqqaumavara.com\/en\/fr\/wp-json\/wp\/v2\/media?parent=4392"}],"curies":[{"name":"wp","href":"https:\/\/api.w.org\/{rel}","templated":true}]}}