{"id":4374,"date":"2013-10-31T10:53:57","date_gmt":"2013-10-31T14:53:57","guid":{"rendered":"https:\/\/www.iqqaumavara.com\/en\/resolute-bay\/"},"modified":"2013-10-31T10:53:57","modified_gmt":"2013-10-31T14:53:57","slug":"resolute-bay","status":"publish","type":"page","link":"https:\/\/iqqaumavara.com\/en\/fr\/resolute-bay\/","title":{"rendered":"Resolute Bay"},"content":{"rendered":"<p style=\"text-align: center;\">\n<div id=\"metaslider-id-1430\" style=\"width: 100%;\" class=\"ml-slider-3-108-0 metaslider metaslider-responsive metaslider-1430 ml-slider ms-theme-default\" role=\"region\" aria-label=\"Resolute Bay\" data-height=\"598\" data-width=\"900\">\n<div id=\"metaslider_container_1430\">\n<ul id='metaslider_1430' class='rslides'>\n<li aria-roledescription='slide' aria-labelledby='slide-0'><img loading=\"lazy\" decoding=\"async\" src=\"https:\/\/iqqaumavara.com\/en\/wp-content\/uploads\/2013\/10\/Resolute-Bay_0001.jpg\" height=\"598\" width=\"900\" alt=\"\" class=\"slider-1430 slide-1431 msDefaultImage\" \/><\/li>\n<li style='display: none;' aria-roledescription='slide' aria-labelledby='slide-1'><img loading=\"lazy\" decoding=\"async\" src=\"https:\/\/iqqaumavara.com\/en\/wp-content\/uploads\/2013\/10\/Resolute-Bay_0002.jpg\" height=\"598\" width=\"900\" alt=\"\" class=\"slider-1430 slide-1432 msDefaultImage\" \/><\/li>\n<li style='display: none;' aria-roledescription='slide' aria-labelledby='slide-2'><img loading=\"lazy\" decoding=\"async\" src=\"https:\/\/iqqaumavara.com\/en\/wp-content\/uploads\/2013\/10\/Resolute-Bay_0003.jpg\" height=\"598\" width=\"900\" alt=\"\" class=\"slider-1430 slide-1433 msDefaultImage\" \/><\/li>\n<li style='display: none;' aria-roledescription='slide' aria-labelledby='slide-3'><img loading=\"lazy\" decoding=\"async\" src=\"https:\/\/iqqaumavara.com\/en\/wp-content\/uploads\/2013\/10\/Resolute-Bay_0004-895x595.jpg\" height=\"598\" width=\"900\" alt=\"\" class=\"slider-1430 slide-1434 msDefaultImage\" \/><\/li>\n<li style='display: none;' aria-roledescription='slide' aria-labelledby='slide-4'><img loading=\"lazy\" decoding=\"async\" src=\"https:\/\/iqqaumavara.com\/en\/wp-content\/uploads\/2013\/10\/Resolute-Bay_0005.jpg\" height=\"598\" width=\"900\" alt=\"\" class=\"slider-1430 slide-1435 msDefaultImage\" \/><\/li>\n<li style='display: none;' aria-roledescription='slide' aria-labelledby='slide-5'><img loading=\"lazy\" decoding=\"async\" src=\"https:\/\/iqqaumavara.com\/en\/wp-content\/uploads\/2013\/10\/Resolute-Bay_0006.jpg\" height=\"598\" width=\"900\" alt=\"\" class=\"slider-1430 slide-1436 msDefaultImage\" \/><\/li>\n<li style='display: none;' aria-roledescription='slide' aria-labelledby='slide-6'><img loading=\"lazy\" decoding=\"async\" src=\"https:\/\/iqqaumavara.com\/en\/wp-content\/uploads\/2013\/10\/Resolute-Bay_0007.jpg\" height=\"598\" width=\"900\" alt=\"\" class=\"slider-1430 slide-1437 msDefaultImage\" \/><\/li>\n<li style='display: none;' aria-roledescription='slide' aria-labelledby='slide-7'><img loading=\"lazy\" decoding=\"async\" src=\"https:\/\/iqqaumavara.com\/en\/wp-content\/uploads\/2013\/10\/Resolute-Bay_0008.jpg\" height=\"598\" width=\"900\" alt=\"\" class=\"slider-1430 slide-1438 msDefaultImage\" \/><\/li>\n<li style='display: none;' aria-roledescription='slide' aria-labelledby='slide-8'><img loading=\"lazy\" decoding=\"async\" src=\"https:\/\/iqqaumavara.com\/en\/wp-content\/uploads\/2013\/10\/Resolute-Bay_0009.jpg\" height=\"598\" width=\"900\" alt=\"\" class=\"slider-1430 slide-1439 msDefaultImage\" \/><\/li>\n<li style='display: none;' aria-roledescription='slide' aria-labelledby='slide-9'><img loading=\"lazy\" decoding=\"async\" src=\"https:\/\/iqqaumavara.com\/en\/wp-content\/uploads\/2013\/10\/Resolute-Bay_0010-871x579.jpg\" height=\"598\" width=\"900\" alt=\"\" class=\"slider-1430 slide-1441 msDefaultImage\" \/><\/li>\n<li style='display: none;' aria-roledescription='slide' aria-labelledby='slide-10'><img loading=\"lazy\" decoding=\"async\" src=\"https:\/\/iqqaumavara.com\/en\/wp-content\/uploads\/2013\/10\/Resolute-Bay_0011.jpg\" height=\"598\" width=\"900\" alt=\"\" class=\"slider-1430 slide-1442 msDefaultImage\" \/><\/li>\n<li style='display: none;' aria-roledescription='slide' aria-labelledby='slide-11'><img loading=\"lazy\" decoding=\"async\" src=\"https:\/\/iqqaumavara.com\/en\/wp-content\/uploads\/2013\/10\/Resolute-Bay_0012.jpg\" height=\"598\" width=\"900\" alt=\"\" class=\"slider-1430 slide-1443 msDefaultImage\" \/><\/li>\n<li style='display: none;' aria-roledescription='slide' aria-labelledby='slide-12'><img loading=\"lazy\" decoding=\"async\" src=\"https:\/\/iqqaumavara.com\/en\/wp-content\/uploads\/2013\/11\/RESOLUTE_MONUMENT2-900x598.jpg\" height=\"598\" width=\"900\" alt=\"\" class=\"slider-1430 slide-1939 msDefaultImage\" \/><\/li>\n<\/ul><\/div>\n<\/div>\n<p><strong>\u1583\u1405\u14f1\u1403\u1466\u1450\u1585 ou Qausuittuq, \u00ab\u00a0Le lieu sans aube\u00a0\u00bb<\/strong><\/p>\n<p><strong>Population\u00a0:<\/strong> 243<\/p>\n<p><strong>Latitude\u00a0:<\/strong> 74\u00b0 41\u2019 51\u2019\u2019 N<br \/>\n<strong>Longitude\u00a0:<\/strong> 94\u00b0 49\u2019 56\u2019\u2019 W <strong><\/p>\n<p>Temp\u00e9rature moyenne en ao\u00fbt\u00a0:<\/strong> 0,7 degr\u00e9s<br \/>\n<strong>Temp\u00e9rature moyenne en janvier\u00a0:<\/strong> -31degr\u00e9s celcius <\/p>\n<p><img loading=\"lazy\" decoding=\"async\" class=\"alignleft size-full wp-image-1446\" alt=\"MORSE\" src=\"http:\/\/www.iqqaumavara.com\/en\/wp-content\/uploads\/2013\/10\/MORSE.png\" width=\"300\" height=\"250\" \/>Tabitha Mullin\u00a0 &#8211; Mairesse de Resolute Bay (2012)<\/p>\n<blockquote><p>\u00abLa communaut\u00e9 de Resolute Bay est situ\u00e9e juste au sud de l\u2019\u00eele Cornwallis, directement sur le passage du Nord Ouest. C\u2019est un territoire qui a beaucoup d\u2019histoire\u00a0: Les Thule et Dorset ont v\u00e9cu ici. <\/br><\/br><\/p>\n<p>Il n\u2019y a pas beaucoup de personnes qui vivent ici et assez peu de gens viennent s\u2019installer dans notre village. Mais, nos enfants grandissent et veulent fonder une famille\u2026 Alors nous avons besoin de logements pour eux. Les principales personnes \u00e0 d\u00e9barquer ici sont les professeurs et les employ\u00e9s des deux h\u00f4tels\u00a0: Le Narwal et le South Camp inn. <\/br><\/br><\/p>\n<p>Le village a beaucoup chang\u00e9 depuis mon enfance. \u00c0 l\u2019\u00e9poque, on ne voyait presque pas de v\u00e9g\u00e9tation, maintenant il y en a plus. Le r\u00e9chauffement climatique y est pour quelque chose.<\/br><\/br><\/p>\n<p>Au printemps, beaucoup de gens quittent le village pour aller camper et chasser aux alentours. Ils peuvent partir pour une semaine ou deux. \u00c7a d\u00e9pend des conditions m\u00e9t\u00e9o et de l\u2019\u00e9paisseur de la glace. \u00c7a fait 6 ans que le Passage du Nord Ouest n\u2019avait pas gel\u00e9 compl\u00e8tement. Cette ann\u00e9e, \u00e7a l\u2019est!<\/br><\/br><\/p>\n<p>Nous traversons vers l\u2019\u00eele Somerset pour chasser le boeuf musqu\u00e9 ou le caribou. Il y en a aussi un peu autour. Mais les autorit\u00e9s et l\u2019Association des chasseurs ont d\u00e9cid\u00e9 conjointement de ne pas tuer ces animaux sur l\u2019\u00eele Cornwalis.<\/br><\/br><\/p>\n<p>Pendant l\u2019hiver, je travaille \u00e0 temps plein, mais \u00e7a ne m\u2019emp\u00eache pas de faire la chasse aux phoques pour ma famille et aussi pour aider quelques personnes \u00e0 nourrir leurs chiens de traineaux. Il y a quand m\u00eame pas mal d\u2019activit\u00e9s durant les fins de semaine. Et je dois dire qu\u2019il ne fait pas aussi sombre qu\u2019avant, les soirs de pleine lune c\u2019est tr\u00e8s beau.<br \/>\nPendant l\u2019\u00e9t\u00e9, vu que l\u2019oc\u00e9an est d\u00e9gel\u00e9 plus longtemps qu\u2019avant, il y a de plus en plus de gens qui prennent leur bateau pour aller sur d\u2019autres \u00eeles ou faire du camping. Depuis quelque temps nous avons des \u00e9t\u00e9s tr\u00e8s chauds, parfois jusqu\u2019\u00e0 20 degr\u00e9s, ce qui \u00e9tait vraiment rare avant!<\/br><\/br><\/p>\n<p>Pendant l\u2019hiver, il fait tr\u00e8s froid, \u00e7a va jusqu\u2019\u00e0 -40 et sans le facteur vent, alors imaginez!<\/br><\/br><\/p>\n<p>\u00c0 l\u2019automne, une fois que \u00e7a commence \u00e0 geler, c\u2019est tr\u00e8s bien, mais nous avons un probl\u00e8me d\u2019ours polaires. Ils commencent \u00e0 venir dans le village. Ils sont l\u00e0 en octobre, novembre et d\u00e9cembre. C\u2019est comme \u00e7a depuis toujours alors on est habitu\u00e9s.<\/p><\/blockquote>\n<hr \/>\n<h2><em>Sur le toit du monde<\/em><\/h2>\n<p style=\"text-align: left;\"><a href=\"http:\/\/\/\/player.vimeo.com\/video\/77500041\"><img loading=\"lazy\" decoding=\"async\" class=\"alignleft size-full wp-image-1447\" alt=\"ontopoftheworld\" src=\"http:\/\/www.iqqaumavara.com\/en\/wp-content\/uploads\/2013\/10\/ontopoftheworld.jpg\" width=\"500\" height=\"282\" srcset=\"https:\/\/iqqaumavara.com\/en\/wp-content\/uploads\/2013\/10\/ontopoftheworld.jpg 500w, https:\/\/iqqaumavara.com\/en\/wp-content\/uploads\/2013\/10\/ontopoftheworld-300x169.jpg 300w\" sizes=\"auto, (max-width: 500px) 100vw, 500px\" \/><\/a><a title=\"Resolute Bay Training\" href=\"http:\/\/\/\/player.vimeo.com\/video\/77500041\">Visionnez le court m\u00e9trage<\/a> r\u00e9alis\u00e9 par des jeunes talentueux de cette communaut\u00e9 lors de la formation vid\u00e9o!<\/p>\n<p>PJ Attagootak et Levi Kautaq ont fait le tour Resolute Bay en demandant aux gens de parler de ce qu\u2019ils aiment le plus \u00e0 propos de leur communaut\u00e9. Sur le toit du monde, un regard sur une des communaut\u00e9 les plus nordique du Canada \u00e0 travers la richesse et la beaut\u00e9 de ses habitants.<!--more--><\/p>\n","protected":false},"excerpt":{"rendered":"<p>\u1583\u1405\u14f1\u1403\u1466\u1450\u1585 ou Qausuittuq, \u00ab\u00a0Le lieu sans aube\u00a0\u00bb Population\u00a0: 243 Latitude\u00a0: 74\u00b0 41\u2019 51\u2019\u2019 N Longitude\u00a0: 94\u00b0 49\u2019 56\u2019\u2019 W Temp\u00e9rature moyenne en ao\u00fbt\u00a0: 0,7 degr\u00e9s Temp\u00e9rature moyenne en janvier\u00a0: -31degr\u00e9s celcius Tabitha Mullin\u00a0 &#8211; Mairesse de Resolute Bay (2012) \u00abLa communaut\u00e9 de Resolute Bay est situ\u00e9e juste au sud de l\u2019\u00eele Cornwallis, directement sur le [&hellip;]<\/p>\n","protected":false},"author":6,"featured_media":0,"parent":0,"menu_order":0,"comment_status":"open","ping_status":"open","template":"page-fullwidth.php","meta":{"ngg_post_thumbnail":0,"footnotes":""},"class_list":["post-4374","page","type-page","status-publish","hentry"],"jetpack_shortlink":"https:\/\/wp.me\/P2YleB-18y","jetpack_sharing_enabled":true,"_links":{"self":[{"href":"https:\/\/iqqaumavara.com\/en\/fr\/wp-json\/wp\/v2\/pages\/4374","targetHints":{"allow":["GET"]}}],"collection":[{"href":"https:\/\/iqqaumavara.com\/en\/fr\/wp-json\/wp\/v2\/pages"}],"about":[{"href":"https:\/\/iqqaumavara.com\/en\/fr\/wp-json\/wp\/v2\/types\/page"}],"author":[{"embeddable":true,"href":"https:\/\/iqqaumavara.com\/en\/fr\/wp-json\/wp\/v2\/users\/6"}],"replies":[{"embeddable":true,"href":"https:\/\/iqqaumavara.com\/en\/fr\/wp-json\/wp\/v2\/comments?post=4374"}],"version-history":[{"count":0,"href":"https:\/\/iqqaumavara.com\/en\/fr\/wp-json\/wp\/v2\/pages\/4374\/revisions"}],"wp:attachment":[{"href":"https:\/\/iqqaumavara.com\/en\/fr\/wp-json\/wp\/v2\/media?parent=4374"}],"curies":[{"name":"wp","href":"https:\/\/api.w.org\/{rel}","templated":true}]}}