{"id":4308,"date":"2013-10-30T15:05:39","date_gmt":"2013-10-30T19:05:39","guid":{"rendered":"https:\/\/www.iqqaumavara.com\/en\/accueil\/"},"modified":"2013-10-30T15:05:39","modified_gmt":"2013-10-30T19:05:39","slug":"accueil","status":"publish","type":"page","link":"https:\/\/iqqaumavara.com\/en\/fr\/","title":{"rendered":"Accueil"},"content":{"rendered":"<p><a title=\"Iqqaumavara 12 courts m\u00e9trages\" href=\"http:\/\/www.iqqaumavara.com\/en\/fr\/story\/\">&nbsp;<\/a><\/p>\n<p style=\"text-align: center;\"><img loading=\"lazy\" decoding=\"async\" class=\"aligncenter size-full wp-image-1483\" alt=\"BANNER3\" src=\"http:\/\/www.iqqaumavara.com\/en\/wp-content\/uploads\/2014\/01\/banner_franc.png\" width=\"856\" height=\"83\"><\/p>\n<div id=\"metaslider-id-2580\" style=\"width: 100%;\" class=\"ml-slider-3-108-0 metaslider metaslider-responsive metaslider-2580 ml-slider ms-theme-default\" role=\"region\" aria-label=\"HOME_FR2\" data-height=\"507\" data-width=\"900\">\n<div id=\"metaslider_container_2580\">\n<ul id='metaslider_2580' class='rslides'>\n<li aria-roledescription='slide' aria-labelledby='slide-0'><a href=\"http:\/\/www.iqqaumavara.com\/en\/fr\/story\/\" target=\"_self\"><img loading=\"lazy\" decoding=\"async\" src=\"https:\/\/iqqaumavara.com\/en\/wp-content\/uploads\/2014\/02\/ils_se_souviennent1.jpg\" height=\"507\" width=\"900\" alt=\"\" class=\"slider-2580 slide-3219 msDefaultImage\" \/>\n<div class=\"caption-wrap\">\n<div class=\"caption\">\n<h4><b>1 &#8211; ILS SE SOUVIENNENT\u2026<\/b> de ce d\u00e9racinement, de leur souffrance et m\u00eame 60 ans plus tard, l\u2019incompr\u00e9hension et la col\u00e8re restent palpables.<\/h4>\n<\/div>\n<\/div>\n<p><\/a><\/li>\n<li style='display: none;' aria-roledescription='slide' aria-labelledby='slide-1'><a href=\"http:\/\/www.iqqaumavara.com\/en\/fr\/story\/\" target=\"_self\"><img loading=\"lazy\" decoding=\"async\" src=\"https:\/\/iqqaumavara.com\/en\/wp-content\/uploads\/2014\/01\/2_WHY_031013.jpg\" height=\"507\" width=\"900\" alt=\"\" class=\"slider-2580 slide-2581 msDefaultImage\" \/>\n<div class=\"caption-wrap\">\n<div class=\"caption\">\n<h4><b>2 &#8211; POURQUOI?&#8230;<\/b> les a-t-on envoy\u00e9 l\u00e0-haut? Quelles sont les vraies motivations qui ont pouss\u00e9es le<\/h4>\n<\/div>\n<\/div>\n<p><\/a><\/li>\n<li style='display: none;' aria-roledescription='slide' aria-labelledby='slide-2'><a href=\"http:\/\/www.iqqaumavara.com\/en\/fr\/story\/\" target=\"_self\"><img loading=\"lazy\" decoding=\"async\" src=\"https:\/\/iqqaumavara.com\/en\/wp-content\/uploads\/2014\/01\/3_PROMISES_031013.jpg\" height=\"507\" width=\"900\" alt=\"\" class=\"slider-2580 slide-2582 msDefaultImage\" \/>\n<div class=\"caption-wrap\">\n<div class=\"caption\">\n<h4><b>3 &#8211; PROMESSES\u2026 <\/b> d\u2019une vie meilleure, d\u2019une abondance d\u2019animaux, de ne plus avoir faim. Le gouvernement leur a promis bien des choses\u2026<\/h4>\n<\/div>\n<\/div>\n<p><\/a><\/li>\n<li style='display: none;' aria-roledescription='slide' aria-labelledby='slide-3'><a href=\"http:\/\/www.iqqaumavara.com\/en\/fr\/story\/\" target=\"_self\"><img loading=\"lazy\" decoding=\"async\" src=\"https:\/\/iqqaumavara.com\/en\/wp-content\/uploads\/2014\/01\/4_THE_TRIP_031013.jpg\" height=\"507\" width=\"900\" alt=\"\" class=\"slider-2580 slide-2583 msDefaultImage\" \/>\n<div class=\"caption-wrap\">\n<div class=\"caption\">\n<h4><b>4 \u2013 La TRAVERS\u00c9E\u2026 <\/b> fut longue et difficile. Un voyage angoissant de six semaines vers l\u2019inconnu.<\/h4>\n<\/div>\n<\/div>\n<p><\/a><\/li>\n<li style='display: none;' aria-roledescription='slide' aria-labelledby='slide-4'><a href=\"http:\/\/www.iqqaumavara.com\/en\/fr\/story\/\" target=\"_self\"><img loading=\"lazy\" decoding=\"async\" src=\"https:\/\/iqqaumavara.com\/en\/wp-content\/uploads\/2014\/01\/5_COLD_HUNGRY_031013.jpg\" height=\"507\" width=\"900\" alt=\"\" class=\"slider-2580 slide-2584 msDefaultImage\" \/>\n<div class=\"caption-wrap\">\n<div class=\"caption\">\n<h4><b>5 &#8211; LE FROID ET LA FAIM\u2026 <\/b> les ont assaillis d\u00e8s leur arriv\u00e9e en Extr\u00eame Arctique. Les premi\u00e8res ann\u00e9es furent synonymes de privation et de souffrance.<\/h4>\n<\/div>\n<\/div>\n<p><\/a><\/li>\n<li style='display: none;' aria-roledescription='slide' aria-labelledby='slide-5'><a href=\"http:\/\/www.iqqaumavara.com\/en\/fr\/story\/\" target=\"_self\"><img loading=\"lazy\" decoding=\"async\" src=\"https:\/\/iqqaumavara.com\/en\/wp-content\/uploads\/2014\/01\/6_FORSAKEN_031013.jpg\" height=\"507\" width=\"900\" alt=\"\" class=\"slider-2580 slide-2585 msDefaultImage\" \/>\n<div class=\"caption-wrap\">\n<div class=\"caption\">\n<h4><b>6 &#8211; ABANDONN\u00c9S\u2026<\/b> dans cet environnement hostile, les promesses du gouvernement se sont transform\u00e9es en trahison.<\/h4>\n<\/div>\n<\/div>\n<p><\/a><\/li>\n<li style='display: none;' aria-roledescription='slide' aria-labelledby='slide-6'><a href=\"http:\/\/www.iqqaumavara.com\/en\/fr\/story\/\" target=\"_self\"><img loading=\"lazy\" decoding=\"async\" src=\"https:\/\/iqqaumavara.com\/en\/wp-content\/uploads\/2014\/02\/FR_7_IMPACT_071013.jpg\" height=\"507\" width=\"900\" alt=\"\" class=\"slider-2580 slide-3221 msDefaultImage\" \/>\n<div class=\"caption-wrap\">\n<div class=\"caption\">\n<h4><b>7 \u2013 Les IMPACTS \u2026<\/b> sont majeurs pour de nombreuses g\u00e9n\u00e9rations. Selon les rapports officiels \u00ab\u00a0l\u2019exp\u00e9rience\u00a0\u00bb est une r\u00e9ussite, mais derri\u00e8re les sourires polis des Inuit, la blessure est profonde.<\/h4>\n<\/div>\n<\/div>\n<p><\/a><\/li>\n<li style='display: none;' aria-roledescription='slide' aria-labelledby='slide-7'><a href=\"http:\/\/www.iqqaumavara.com\/en\/fr\/story\/\" target=\"_self\"><img loading=\"lazy\" decoding=\"async\" src=\"https:\/\/iqqaumavara.com\/en\/wp-content\/uploads\/2014\/01\/9_HOMELAND_031013.jpg\" height=\"507\" width=\"900\" alt=\"\" class=\"slider-2580 slide-2588 msDefaultImage\" \/>\n<div class=\"caption-wrap\">\n<div class=\"caption\">\n<h4><b>8 \u2013 La TERRE NATALE\u2026<\/b> o\u00f9 sans perdre espoir ils ont esp\u00e9r\u00e9 retourner. Que ce soit \u00e0 Inukjuak, Grise Fiord ou Resolute Bay, chacun a subit \u00e0 sa mani\u00e8re le d\u00e9racinement des siens.<\/h4>\n<\/div>\n<\/div>\n<p><\/a><\/li>\n<li style='display: none;' aria-roledescription='slide' aria-labelledby='slide-8'><a href=\"http:\/\/www.iqqaumavara.com\/en\/fr\/story\/\" target=\"_self\"><img loading=\"lazy\" decoding=\"async\" src=\"https:\/\/iqqaumavara.com\/en\/wp-content\/uploads\/2014\/01\/8_POND_HELP_031013.jpg\" height=\"507\" width=\"900\" alt=\"\" class=\"slider-2580 slide-2587 msDefaultImage\" \/>\n<div class=\"caption-wrap\">\n<div class=\"caption\">\n<h4><b>9 \u2013 L\u2019AIDE DE POND INLET\u2026<\/b> aux familles d\u2019Inukjuak fut crucial, mais les diff\u00e9rents dialectes et habitudes de vie ont cr\u00e9\u00e9 quelques d\u00e9fis dans la cohabitation au bout du monde.<\/h4>\n<\/div>\n<\/div>\n<p><\/a><\/li>\n<li style='display: none;' aria-roledescription='slide' aria-labelledby='slide-9'><a href=\"http:\/\/www.iqqaumavara.com\/en\/fr\/story\/\" target=\"_self\"><img loading=\"lazy\" decoding=\"async\" src=\"https:\/\/iqqaumavara.com\/en\/wp-content\/uploads\/2014\/01\/10_APOLOGY_031013.jpg\" height=\"507\" width=\"900\" alt=\"\" class=\"slider-2580 slide-2589 msDefaultImage\" \/>\n<div class=\"caption-wrap\">\n<div class=\"caption\">\n<h4><b>10 \u2013Les EXCUSES\u2026<\/b> tant attendues de la part du gouvernement canadien furent re\u00e7ues avec soulagement, mais pour certains, il est malheureusement  trop tard.<\/h4>\n<\/div>\n<\/div>\n<p><\/a><\/li>\n<li style='display: none;' aria-roledescription='slide' aria-labelledby='slide-10'><a href=\"http:\/\/www.iqqaumavara.com\/en\/fr\/story\/\" target=\"_self\"><img loading=\"lazy\" decoding=\"async\" src=\"https:\/\/iqqaumavara.com\/en\/wp-content\/uploads\/2014\/01\/11_HEALING_091013.jpg\" height=\"507\" width=\"900\" alt=\"\" class=\"slider-2580 slide-2590 msDefaultImage\" \/>\n<div class=\"caption-wrap\">\n<div class=\"caption\">\n<h4><b>11- La GU\u00c9RISON\u2026<\/b> des blessures laiss\u00e9es par des ann\u00e9es de souffrance est un long processus. Les diff\u00e9rentes g\u00e9n\u00e9rations s\u2019unissent dans un m\u00eame d\u00e9sir de partage, d\u2019unit\u00e9 et de paix.<\/h4>\n<\/div>\n<\/div>\n<p><\/a><\/li>\n<li style='display: none;' aria-roledescription='slide' aria-labelledby='slide-11'><a href=\"http:\/\/www.iqqaumavara.com\/en\/fr\/story\/\" target=\"_self\"><img loading=\"lazy\" decoding=\"async\" src=\"https:\/\/iqqaumavara.com\/en\/wp-content\/uploads\/2014\/01\/12_FUTURE_041013.jpg\" height=\"507\" width=\"900\" alt=\"\" class=\"slider-2580 slide-2591 msDefaultImage\" \/>\n<div class=\"caption-wrap\">\n<div class=\"caption\">\n<h4><b>12 \u2013 L\u2019AVENIR\u2026<\/b> est plein de promesses malgr\u00e9 les grands bouleversements socio-\u00e9conomiques et culturels que vivent ces communaut\u00e9s nordiques. Une force vitale est transmise par la voix de ces Inuit r\u00e9silients et fiers dont une des grandes richesses est la jeunesse de sa population.<\/h4>\n<\/div>\n<\/div>\n<p><\/a><\/li>\n<\/ul><\/div>\n<\/div>\n<p><img loading=\"lazy\" decoding=\"async\" class=\"aligncenter size-full wp-image-1338\" alt=\"spacer\" src=\"http:\/\/www.iqqaumavara.com\/en\/wp-content\/uploads\/2013\/10\/spacer.jpg\" width=\"55\" height=\"14\"><\/p>\n<table cellspacing=\"30*\">\n<tbody>\n<tr>\n<td width=\"50%\"><a href=\"http:\/\/www.iqqaumavara.com\/en\/fr\/interviews\/\"><img loading=\"lazy\" decoding=\"async\" class=\"size-full wp-image-1326 aligncenter\" alt=\"PAGE_2_mosaique\" src=\"http:\/\/www.iqqaumavara.com\/en\/wp-content\/uploads\/2013\/12\/PAGE_2_MOSAIQUE_LABONNE2.jpg\" width=\"418\" height=\"262\"><\/a><\/p>\n<h4 style=\"text-align: center;\">D\u00c9COUVREZ des gens et leurs troublantes exp\u00e9riences \u00e0 travers 40 entrevues.<\/h4>\n<\/td>\n<td><img loading=\"lazy\" decoding=\"async\" class=\"aligncenter size-full wp-image-1338\" alt=\"spacer\" src=\"http:\/\/www.iqqaumavara.com\/en\/wp-content\/uploads\/2013\/10\/spacer.jpg\" width=\"55\" height=\"14\"><\/td>\n<td width=\"50%\"><a href=\"http:\/\/www.iqqaumavara.com\/en\/fr\/timeline-2\/\"><img loading=\"lazy\" decoding=\"async\" class=\"size-full wp-image-1368 aligncenter\" alt=\"PAGE_2_timeline\" src=\"http:\/\/www.iqqaumavara.com\/en\/wp-content\/uploads\/2013\/12\/PAGE_2_timeline.jpg\" width=\"418\" height=\"262\"><\/a><\/p>\n<h4 style=\"text-align: center;\">RETRACEZ les \u00e9v\u00e8nements marquants de cette incontournable page de l\u2019histoire canadienne.<\/h4>\n<\/td>\n<\/tr>\n<tr>\n<td width=\"50%\"><a href=\"http:\/\/www.iqqaumavara.com\/en\/fr\/places\/\"><img loading=\"lazy\" decoding=\"async\" class=\"aligncenter size-full wp-image-1377\" alt=\"PAGE_2_formation\" src=\"http:\/\/www.iqqaumavara.com\/en\/wp-content\/uploads\/2013\/10\/PAGE_2_formation.jpg\" width=\"418\" height=\"262\" srcset=\"https:\/\/iqqaumavara.com\/en\/wp-content\/uploads\/2013\/10\/PAGE_2_formation.jpg 500w, https:\/\/iqqaumavara.com\/en\/wp-content\/uploads\/2013\/10\/PAGE_2_formation-300x187.jpg 300w\" sizes=\"auto, (max-width: 418px) 100vw, 418px\" \/><\/a><\/p>\n<h4 style=\"text-align: center;\">PLONGEZ dans l\u2019univers des communaut\u00e9s li\u00e9es \u00e0 la r\u00e9installation \u00e0 travers des courts m\u00e9trages inspirants r\u00e9alis\u00e9s par de jeunes Inuit.<\/h4>\n<\/td>\n<td><img loading=\"lazy\" decoding=\"async\" class=\"aligncenter size-full wp-image-1338\" alt=\"spacer\" src=\"http:\/\/www.iqqaumavara.com\/en\/wp-content\/uploads\/2013\/10\/spacer.jpg\" width=\"55\" height=\"14\"><\/td>\n<td width=\"50%\"><a href=\"http:\/\/www.iqqaumavara.com\/en\/fr\/archives\/\"><img loading=\"lazy\" decoding=\"async\" class=\"aligncenter size-full wp-image-1379\" alt=\"page_2_archiveslieux\" src=\"http:\/\/www.iqqaumavara.com\/en\/wp-content\/uploads\/2013\/12\/page_2_archiveslieux.jpg\" width=\"418\" height=\"262\"><\/a><\/p>\n<h4 style=\"text-align: center;\">VOYAGEZ dans le temps gr\u00e2ce \u00e0 une collection de photos d\u2019archives et des informations int\u00e9ressantes sur les communaut\u00e9s<\/h4>\n<\/td>\n<\/tr>\n<\/tbody>\n<\/table>\n<hr>\n<p><!--more--><\/p>\n","protected":false},"excerpt":{"rendered":"<p>&nbsp; D\u00c9COUVREZ des gens et leurs troublantes exp\u00e9riences \u00e0 travers 40 entrevues. RETRACEZ les \u00e9v\u00e8nements marquants de cette incontournable page de l\u2019histoire canadienne. PLONGEZ dans l\u2019univers des communaut\u00e9s li\u00e9es \u00e0 la r\u00e9installation \u00e0 travers des courts m\u00e9trages inspirants r\u00e9alis\u00e9s par de jeunes Inuit. VOYAGEZ dans le temps gr\u00e2ce \u00e0 une collection de photos d\u2019archives et [&hellip;]<\/p>\n","protected":false},"author":6,"featured_media":0,"parent":0,"menu_order":0,"comment_status":"open","ping_status":"open","template":"page-fullwidth.php","meta":{"ngg_post_thumbnail":0,"footnotes":""},"class_list":["post-4308","page","type-page","status-publish","hentry"],"jetpack_shortlink":"https:\/\/wp.me\/P2YleB-17u","jetpack_sharing_enabled":true,"_links":{"self":[{"href":"https:\/\/iqqaumavara.com\/en\/fr\/wp-json\/wp\/v2\/pages\/4308","targetHints":{"allow":["GET"]}}],"collection":[{"href":"https:\/\/iqqaumavara.com\/en\/fr\/wp-json\/wp\/v2\/pages"}],"about":[{"href":"https:\/\/iqqaumavara.com\/en\/fr\/wp-json\/wp\/v2\/types\/page"}],"author":[{"embeddable":true,"href":"https:\/\/iqqaumavara.com\/en\/fr\/wp-json\/wp\/v2\/users\/6"}],"replies":[{"embeddable":true,"href":"https:\/\/iqqaumavara.com\/en\/fr\/wp-json\/wp\/v2\/comments?post=4308"}],"version-history":[{"count":0,"href":"https:\/\/iqqaumavara.com\/en\/fr\/wp-json\/wp\/v2\/pages\/4308\/revisions"}],"wp:attachment":[{"href":"https:\/\/iqqaumavara.com\/en\/fr\/wp-json\/wp\/v2\/media?parent=4308"}],"curies":[{"name":"wp","href":"https:\/\/api.w.org\/{rel}","templated":true}]}}