{"id":4230,"date":"2013-01-16T13:04:25","date_gmt":"2013-01-16T17:04:25","guid":{"rendered":"https:\/\/www.iqqaumavara.com\/en\/philip-nungaq-son-histoire\/"},"modified":"2013-01-16T13:04:25","modified_gmt":"2013-01-16T17:04:25","slug":"philip-nungaq-son-histoire","status":"publish","type":"page","link":"https:\/\/iqqaumavara.com\/en\/fr\/philip-nungaq-son-histoire\/","title":{"rendered":"Philip Nungaq &#8211; Son histoire"},"content":{"rendered":"<p style=\"text-align: center;\"><a href=\"http:\/\/player.vimeo.com\/video\/76620890\"><img loading=\"lazy\" decoding=\"async\" class=\"aligncenter size-full wp-image-1038\" alt=\"Philip_Nungaq\" src=\"http:\/\/www.iqqaumavara.com\/en\/wp-content\/uploads\/2013\/01\/Philip_Nungaq.jpg\" width=\"602\" height=\"355\" srcset=\"https:\/\/iqqaumavara.com\/en\/wp-content\/uploads\/2013\/01\/Philip_Nungaq.jpg 602w, https:\/\/iqqaumavara.com\/en\/wp-content\/uploads\/2013\/01\/Philip_Nungaq-300x176.jpg 300w\" sizes=\"auto, (max-width: 602px) 100vw, 602px\" \/><\/p>\n<p style=\"text-align: center;\">Visionner la premi\u00e8re partie<\/a> | <a href=\"http:\/\/player.vimeo.com\/video\/76630374\">Partie 2<\/a><br \/>\n<a href=\"http:\/\/www.iqqaumavara.com\/en\/wp-content\/uploads\/2014\/01\/VERB_FR_Philip-Nungaq.pdf\" target=\"_blank\" rel=\"noopener\">T\u00e9l\u00e9charger la transcription<\/a><\/p>\n<hr \/>\n<p><strong>En 1955, alors \u00e2g\u00e9 de quatre ans, Philip est d\u00e9plac\u00e9 d\u2019Inukjuak \u00e0 Resolute Bay avec ses parents; Levi et Alacee Nungaq et ses trois soeurs. <\/strong><\/p>\n<blockquote >\n<p class=\"qp\">\n<p>\u00a0Je me souviens seulement que le voyage en bateau a \u00e9t\u00e9 tr\u00e8s long. \u00c0 chaque fois que nous arrivions \u00e0 un village, je disais \u00e0 ma m\u00e8re\u00a0: \u00ab\u00a0Oh maman, nous sommes enfin arriv\u00e9s, nous sommes enfin arriv\u00e9s!\u00a0\u00bb Mais non, nous poursuivions notre navigation vers Resolute Bay. Et nous y sommes finalement arriv\u00e9s \u00e0 l\u2019automne 1955.\u00a0\u00bb<\/p>\n<p>\u00ab\u00a0Ce que j\u2019ai compris c\u2019est qu\u2019on leur a dit qu\u2019il y avait de meilleures conditions de chasse et plus d\u2019animaux l\u00e0-haut et qu\u2019on leur fournirait tout ce dont ils auraient besoin pour vivre l\u00e0-haut. C\u2019est pourquoi ils ont accept\u00e9 d\u2019aller l\u00e0-haut. Et on leur avait dit qu\u2019ils pourraient retourner \u00e0 Inukjuak quand ils le voudraient. Peut-\u00eatre dans deux ans. Mais moi j\u2019\u00e9tais vraiment jeune \u00e0 cette \u00e9poque. Je n\u2019ai pas v\u00e9cu la terreur et la d\u00e9tresse comme les adultes. Mais je suis t\u00e9moin de leur d\u00e9tresse, leurs souffrances, leur isolement.\u00a0\u00bb<\/p>\n<p>\u00ab\u00a0\u00c0 Inukjuak, j\u2019ai aim\u00e9 le territoire, les rivi\u00e8res, les lacs, les bleuets, les m\u00fbres, les chicout\u00e9s, la chaleur, l\u2019herbe verte. Je n\u2019avais pas l\u2019intention de revenir, mais j\u2019ai aim\u00e9 cette terre. Je suis donc revenu pour p\u00eacher un peu, pour camper et visiter les gens, rencontrer ceux que nous avions laiss\u00e9s derri\u00e8re. Je suis heureux d\u2019\u00eatre revenu et d\u2019avoir eu la chance de rencontrer mes cousins \u00e9loign\u00e9s, ma famille, mes tantes, mes oncles, ni\u00e8ces, cousins lointains, et tous les autres.\u00a0\u00bb<\/p>\n<p><cite>Philip Nungaq &#8211; Inukjuak, 2011<\/cite><\/p><\/blockquote>\n<p><!--more--><\/p>\n","protected":false},"excerpt":{"rendered":"<p>Visionner la premi\u00e8re partie | Partie 2 T\u00e9l\u00e9charger la transcription En 1955, alors \u00e2g\u00e9 de quatre ans, Philip est d\u00e9plac\u00e9 d\u2019Inukjuak \u00e0 Resolute Bay avec ses parents; Levi et Alacee Nungaq et ses trois soeurs.<\/p>\n","protected":false},"author":6,"featured_media":0,"parent":0,"menu_order":0,"comment_status":"open","ping_status":"open","template":"page-fullwidth.php","meta":{"ngg_post_thumbnail":0,"footnotes":""},"class_list":["post-4230","page","type-page","status-publish","hentry"],"jetpack_shortlink":"https:\/\/wp.me\/P2YleB-16e","jetpack_sharing_enabled":true,"_links":{"self":[{"href":"https:\/\/iqqaumavara.com\/en\/fr\/wp-json\/wp\/v2\/pages\/4230","targetHints":{"allow":["GET"]}}],"collection":[{"href":"https:\/\/iqqaumavara.com\/en\/fr\/wp-json\/wp\/v2\/pages"}],"about":[{"href":"https:\/\/iqqaumavara.com\/en\/fr\/wp-json\/wp\/v2\/types\/page"}],"author":[{"embeddable":true,"href":"https:\/\/iqqaumavara.com\/en\/fr\/wp-json\/wp\/v2\/users\/6"}],"replies":[{"embeddable":true,"href":"https:\/\/iqqaumavara.com\/en\/fr\/wp-json\/wp\/v2\/comments?post=4230"}],"version-history":[{"count":0,"href":"https:\/\/iqqaumavara.com\/en\/fr\/wp-json\/wp\/v2\/pages\/4230\/revisions"}],"wp:attachment":[{"href":"https:\/\/iqqaumavara.com\/en\/fr\/wp-json\/wp\/v2\/media?parent=4230"}],"curies":[{"name":"wp","href":"https:\/\/api.w.org\/{rel}","templated":true}]}}