{"id":4221,"date":"2013-01-16T12:56:40","date_gmt":"2013-01-16T16:56:40","guid":{"rendered":"https:\/\/www.iqqaumavara.com\/en\/moses-nowkawalk-son-histoire\/"},"modified":"2013-01-16T12:56:40","modified_gmt":"2013-01-16T16:56:40","slug":"moses-nowkawalk-son-histoire","status":"publish","type":"page","link":"https:\/\/iqqaumavara.com\/en\/fr\/moses-nowkawalk-son-histoire\/","title":{"rendered":"Moses Nowkawalk &#8211; Son histoire"},"content":{"rendered":"<p style=\"text-align: center;\"><a href=\"http:\/\/player.vimeo.com\/video\/76542287\"><img loading=\"lazy\" decoding=\"async\" class=\"aligncenter size-full wp-image-1026\" alt=\"Moses\" src=\"http:\/\/www.iqqaumavara.com\/en\/wp-content\/uploads\/2013\/01\/Moses.jpg\" width=\"596\" height=\"344\" srcset=\"https:\/\/iqqaumavara.com\/en\/wp-content\/uploads\/2013\/01\/Moses.jpg 596w, https:\/\/iqqaumavara.com\/en\/wp-content\/uploads\/2013\/01\/Moses-300x173.jpg 300w\" sizes=\"auto, (max-width: 596px) 100vw, 596px\" \/><\/p>\n<p style=\"text-align: center;\">Visionner la premi\u00e8re partie<\/a> | <a href=\"http:\/\/player.vimeo.com\/video\/76551550\">Partie 2<\/a><br \/>\n<a href=\"http:\/\/www.iqqaumavara.com\/en\/wp-content\/uploads\/2014\/01\/FR_Verb_Moses-Nowkawalk.pdf\">T\u00e9l\u00e9charger la transcription<\/a><\/p>\n<hr \/>\n<p><strong>Plusieurs membres de la famille de Moses ont \u00e9t\u00e9 d\u00e9plac\u00e9s \u00e0 Resolute Bay et Grise Fiord en 1955.<\/strong><\/p>\n<blockquote >\n<p class=\"qp\">\n<p>\u00a0Des membres de la famille de mon p\u00e8re ont \u00e9t\u00e9 envoy\u00e9s \u00e0 Resolute Bay. En premier lieu, ce sont ses cousins, ses cousins germains, sa tante et leurs familles qui ont \u00e9t\u00e9 envoy\u00e9s par bateau \u00e0 Resolute. La s\u0153ur a\u00een\u00e9e de ma m\u00e8re, Rynee a \u00e9t\u00e9 envoy\u00e9e \u00e0 Grise Fiord pour valider la revendication du gouvernement canadien sur ce territoire. C\u2019\u00e9tait des familles tiss\u00e9es serr\u00e9 et elles ont \u00e9t\u00e9 d\u00e9chir\u00e9es pour satisfaire la revendication du gouvernement sur l\u2019Extr\u00eame Arctique.\u00a0<br \/>\nAujourd\u2019hui, ce serait consid\u00e9r\u00e9 comme une violation des droits humains, non? De briser des familles, de leur mentir, de leur faire croire qu\u2019ils pourraient revenir chez eux.\u00a0\u00bb<\/p>\n<p><cite>Moses Nowkawalk &#8211; Inukjuak, 2011<\/cite><\/p><\/blockquote>\n<p><!--more--><\/p>\n","protected":false},"excerpt":{"rendered":"<p>Visionner la premi\u00e8re partie | Partie 2 T\u00e9l\u00e9charger la transcription Plusieurs membres de la famille de Moses ont \u00e9t\u00e9 d\u00e9plac\u00e9s \u00e0 Resolute Bay et Grise Fiord en 1955.<\/p>\n","protected":false},"author":6,"featured_media":0,"parent":0,"menu_order":0,"comment_status":"open","ping_status":"open","template":"page-fullwidth.php","meta":{"ngg_post_thumbnail":0,"footnotes":""},"class_list":["post-4221","page","type-page","status-publish","hentry"],"jetpack_shortlink":"https:\/\/wp.me\/P2YleB-165","jetpack_sharing_enabled":true,"_links":{"self":[{"href":"https:\/\/iqqaumavara.com\/en\/fr\/wp-json\/wp\/v2\/pages\/4221","targetHints":{"allow":["GET"]}}],"collection":[{"href":"https:\/\/iqqaumavara.com\/en\/fr\/wp-json\/wp\/v2\/pages"}],"about":[{"href":"https:\/\/iqqaumavara.com\/en\/fr\/wp-json\/wp\/v2\/types\/page"}],"author":[{"embeddable":true,"href":"https:\/\/iqqaumavara.com\/en\/fr\/wp-json\/wp\/v2\/users\/6"}],"replies":[{"embeddable":true,"href":"https:\/\/iqqaumavara.com\/en\/fr\/wp-json\/wp\/v2\/comments?post=4221"}],"version-history":[{"count":0,"href":"https:\/\/iqqaumavara.com\/en\/fr\/wp-json\/wp\/v2\/pages\/4221\/revisions"}],"wp:attachment":[{"href":"https:\/\/iqqaumavara.com\/en\/fr\/wp-json\/wp\/v2\/media?parent=4221"}],"curies":[{"name":"wp","href":"https:\/\/api.w.org\/{rel}","templated":true}]}}