{"id":4208,"date":"2013-01-16T12:15:29","date_gmt":"2013-01-16T16:15:29","guid":{"rendered":"https:\/\/www.iqqaumavara.com\/en\/martha-flaherty-son-histoire\/"},"modified":"2013-01-16T12:15:29","modified_gmt":"2013-01-16T16:15:29","slug":"martha-flaherty-son-histoire","status":"publish","type":"page","link":"https:\/\/iqqaumavara.com\/en\/fr\/martha-flaherty-son-histoire\/","title":{"rendered":"Martha Flaherty &#8211; Son histoire"},"content":{"rendered":"<p style=\"text-align: center;\"><a href=\"http:\/\/player.vimeo.com\/video\/76466691\"><img loading=\"lazy\" decoding=\"async\" class=\"aligncenter size-full wp-image-1003\" alt=\"Martha_Flaherty\" src=\"http:\/\/www.iqqaumavara.com\/en\/wp-content\/uploads\/2013\/01\/Martha_Flaherty.jpg\" width=\"590\" height=\"336\" srcset=\"https:\/\/iqqaumavara.com\/en\/wp-content\/uploads\/2013\/01\/Martha_Flaherty.jpg 590w, https:\/\/iqqaumavara.com\/en\/wp-content\/uploads\/2013\/01\/Martha_Flaherty-300x170.jpg 300w\" sizes=\"auto, (max-width: 590px) 100vw, 590px\" \/><\/p>\n<p style=\"text-align: center;\">Visionner la premi\u00e8re partie<\/a> | <a href=\"http:\/\/player.vimeo.com\/video\/76470466\">Partie 2<\/a> | <a href=\"http:\/\/player.vimeo.com\/video\/76520825\">Partie 3<\/a><br \/>\n<a href=\"http:\/\/www.iqqaumavara.com\/en\/wp-content\/uploads\/2014\/01\/FR_VERB_MARTHA_FLAHERTY.pdf\">T\u00e9l\u00e9charger la transcription<\/a><\/p>\n<hr \/>\n<p><strong>En 1955, \u00e0 l\u2019\u00e2ge de cinq ans, Martha a \u00e9t\u00e9 d\u00e9plac\u00e9e d\u2019Inukjuak \u00e0 Grise Fiord avec ses parents; Josephie et Rynee Flaherty, sa soeur Mary et son petit fr\u00e8re Peter.<\/strong><\/p>\n<blockquote >\n<p class=\"qp\">\n<p>\u00a0Je ne sais m\u00eame pas comment d\u00e9crire la vie de ma m\u00e8re, tellement ce fut horrible. Un v\u00e9ritable enfer et ce mot n\u2019est pas assez fort pour d\u00e9crire ce qu\u2019elle a endur\u00e9. Elle a tout fait pour nous nourrir. Elle faisait des miracles avec des petits bouts de chiffon pour nous v\u00eatir. Elle s\u2019inqui\u00e9tait beaucoup quand je devais aller chasser alors que je n\u2019avais que sept ans. Elle s\u2019inqui\u00e9tait pour moi et mon p\u00e8re parce qu\u2019il faisait tellement noir dehors.\u00a0\u00bb<\/p>\n<p>\u00ab\u00a0La gu\u00e9rison est la meilleure chose \u00e0 faire pour se relever. Il ne faut pas l\u00e2cher. Il faut faire sortir cette peine m\u00eame si c\u2019est difficile, m\u00eame si l\u2019on se sent coupable et m\u00eame si l\u2019on est g\u00ean\u00e9. Une fois cette souffrance ext\u00e9rioris\u00e9e, on commence \u00e0 se sentir mieux.\u00a0\u00bb<\/p>\n<p><cite>Martha Flaherty &#8211; Iqaluit, 2011<\/cite><\/p><\/blockquote>\n<p><!--more--><\/p>\n","protected":false},"excerpt":{"rendered":"<p>Visionner la premi\u00e8re partie | Partie 2 | Partie 3 T\u00e9l\u00e9charger la transcription En 1955, \u00e0 l\u2019\u00e2ge de cinq ans, Martha a \u00e9t\u00e9 d\u00e9plac\u00e9e d\u2019Inukjuak \u00e0 Grise Fiord avec ses parents; Josephie et Rynee Flaherty, sa soeur Mary et son petit fr\u00e8re Peter.<\/p>\n","protected":false},"author":6,"featured_media":0,"parent":0,"menu_order":0,"comment_status":"open","ping_status":"open","template":"page-fullwidth.php","meta":{"ngg_post_thumbnail":0,"footnotes":""},"class_list":["post-4208","page","type-page","status-publish","hentry"],"jetpack_shortlink":"https:\/\/wp.me\/P2YleB-15S","jetpack_sharing_enabled":true,"_links":{"self":[{"href":"https:\/\/iqqaumavara.com\/en\/fr\/wp-json\/wp\/v2\/pages\/4208","targetHints":{"allow":["GET"]}}],"collection":[{"href":"https:\/\/iqqaumavara.com\/en\/fr\/wp-json\/wp\/v2\/pages"}],"about":[{"href":"https:\/\/iqqaumavara.com\/en\/fr\/wp-json\/wp\/v2\/types\/page"}],"author":[{"embeddable":true,"href":"https:\/\/iqqaumavara.com\/en\/fr\/wp-json\/wp\/v2\/users\/6"}],"replies":[{"embeddable":true,"href":"https:\/\/iqqaumavara.com\/en\/fr\/wp-json\/wp\/v2\/comments?post=4208"}],"version-history":[{"count":0,"href":"https:\/\/iqqaumavara.com\/en\/fr\/wp-json\/wp\/v2\/pages\/4208\/revisions"}],"wp:attachment":[{"href":"https:\/\/iqqaumavara.com\/en\/fr\/wp-json\/wp\/v2\/media?parent=4208"}],"curies":[{"name":"wp","href":"https:\/\/api.w.org\/{rel}","templated":true}]}}