{"id":4190,"date":"2013-01-16T11:55:34","date_gmt":"2013-01-16T15:55:34","guid":{"rendered":"https:\/\/www.iqqaumavara.com\/en\/susie-harrison-son-histoire\/"},"modified":"2013-01-16T11:55:34","modified_gmt":"2013-01-16T15:55:34","slug":"susie-harrison-son-histoire","status":"publish","type":"page","link":"https:\/\/iqqaumavara.com\/en\/fr\/susie-harrison-son-histoire\/","title":{"rendered":"Susie Harrison &#8211; Son histoire"},"content":{"rendered":"<p style=\"text-align: center;\"><a href=\"http:\/\/player.vimeo.com\/video\/68540708\"><img loading=\"lazy\" decoding=\"async\" class=\"aligncenter size-full wp-image-972\" alt=\"SusieHarrison\" src=\"http:\/\/www.iqqaumavara.com\/en\/wp-content\/uploads\/2013\/01\/SusieHarrison.jpg\" width=\"598\" height=\"343\" srcset=\"https:\/\/iqqaumavara.com\/en\/wp-content\/uploads\/2013\/01\/SusieHarrison.jpg 598w, https:\/\/iqqaumavara.com\/en\/wp-content\/uploads\/2013\/01\/SusieHarrison-300x172.jpg 300w\" sizes=\"auto, (max-width: 598px) 100vw, 598px\" \/><\/p>\n<p style=\"text-align: center;\">Visionner la premi\u00e8re partie<\/a> | <a href=\"http:\/\/player.vimeo.com\/video\/68541441\">Partie 2<\/a> | <a href=\"http:\/\/player.vimeo.com\/video\/68542235\">Partie 3<\/a><br \/>\n<a href=\"http:\/\/www.iqqaumavara.com\/en\/wp-content\/uploads\/2014\/01\/FR_Verb_SUSIE_HARRISON.pdf\" target=\"_blank\" rel=\"noopener\">T\u00e9l\u00e9charger la transcription<\/a><\/p>\n<hr \/>\n<p><strong>Susie est n\u00e9e \u00e0 Resolute Bay. Son p\u00e8re Markoosie Patsauq a \u00e9t\u00e9 d\u00e9plac\u00e9 d\u2019Inukjuak \u00e0 Resolute Bay en 1953. Sa m\u00e8re, Zipporah Kalluk est originaire de Pond Inlet.<\/strong><\/p>\n<blockquote >\n<p class=\"qp\">\n<p>\u00a0Quand j\u2019\u00e9tais petite, quand nous sommes arriv\u00e9s \u00e0 Inukjuak, je trouvais r\u00e9guli\u00e8rement des pierres qui ressemblaient \u00e0 des diamants et je les collectionnais. J\u2019avais un plan\u00a0: quand je serais grande, je serais riche et j\u2019ach\u00e8terais Resolute \u00e0 la Reine. Ce serait ma terre et tout le monde ici serait comme une famille, personne ne se chicanerait. Si quelqu\u2019un voulait se disputer, je l\u2019enverrais dans une plus petite communaut\u00e9 et il devra se d\u00e9brouiller tout seul, sans l\u2019aide de quiconque. J\u2019avais de grandes id\u00e9es quand j\u2019\u00e9tais jeune!\u201d<\/p>\n<p><cite>Susie Harrison &#8211; Resolute Bay, 2012<\/cite><\/p><\/blockquote>\n<p><!--more--><\/p>\n","protected":false},"excerpt":{"rendered":"<p>Visionner la premi\u00e8re partie | Partie 2 | Partie 3 T\u00e9l\u00e9charger la transcription Susie est n\u00e9e \u00e0 Resolute Bay. Son p\u00e8re Markoosie Patsauq a \u00e9t\u00e9 d\u00e9plac\u00e9 d\u2019Inukjuak \u00e0 Resolute Bay en 1953. Sa m\u00e8re, Zipporah Kalluk est originaire de Pond Inlet.<\/p>\n","protected":false},"author":6,"featured_media":0,"parent":0,"menu_order":0,"comment_status":"open","ping_status":"open","template":"page-fullwidth.php","meta":{"ngg_post_thumbnail":0,"footnotes":""},"class_list":["post-4190","page","type-page","status-publish","hentry"],"jetpack_shortlink":"https:\/\/wp.me\/P2YleB-15A","jetpack_sharing_enabled":true,"_links":{"self":[{"href":"https:\/\/iqqaumavara.com\/en\/fr\/wp-json\/wp\/v2\/pages\/4190","targetHints":{"allow":["GET"]}}],"collection":[{"href":"https:\/\/iqqaumavara.com\/en\/fr\/wp-json\/wp\/v2\/pages"}],"about":[{"href":"https:\/\/iqqaumavara.com\/en\/fr\/wp-json\/wp\/v2\/types\/page"}],"author":[{"embeddable":true,"href":"https:\/\/iqqaumavara.com\/en\/fr\/wp-json\/wp\/v2\/users\/6"}],"replies":[{"embeddable":true,"href":"https:\/\/iqqaumavara.com\/en\/fr\/wp-json\/wp\/v2\/comments?post=4190"}],"version-history":[{"count":0,"href":"https:\/\/iqqaumavara.com\/en\/fr\/wp-json\/wp\/v2\/pages\/4190\/revisions"}],"wp:attachment":[{"href":"https:\/\/iqqaumavara.com\/en\/fr\/wp-json\/wp\/v2\/media?parent=4190"}],"curies":[{"name":"wp","href":"https:\/\/api.w.org\/{rel}","templated":true}]}}