{"id":4180,"date":"2013-01-16T11:47:03","date_gmt":"2013-01-16T15:47:03","guid":{"rendered":"https:\/\/www.iqqaumavara.com\/en\/ipelee-patsauq-son-histoire\/"},"modified":"2013-01-16T11:47:03","modified_gmt":"2013-01-16T15:47:03","slug":"ipelee-patsauq-son-histoire","status":"publish","type":"page","link":"https:\/\/iqqaumavara.com\/en\/fr\/ipelee-patsauq-son-histoire\/","title":{"rendered":"Ipelee Patsauq &#8211; Son histoire"},"content":{"rendered":"<p><a href=\"http:\/\/player.vimeo.com\/video\/68781256\"><img loading=\"lazy\" decoding=\"async\" class=\"aligncenter size-full wp-image-960\" alt=\"IpeleePatsauqENT\" src=\"http:\/\/www.iqqaumavara.com\/en\/wp-content\/uploads\/2013\/01\/IpeleePatsauqENT.jpg\" width=\"602\" height=\"341\" srcset=\"https:\/\/iqqaumavara.com\/en\/wp-content\/uploads\/2013\/01\/IpeleePatsauqENT.jpg 602w, https:\/\/iqqaumavara.com\/en\/wp-content\/uploads\/2013\/01\/IpeleePatsauqENT-300x169.jpg 300w\" sizes=\"auto, (max-width: 602px) 100vw, 602px\" \/><\/p>\n<p style=\"text-align: center;\">Visionner la premi\u00e8re partie<\/a> | <a href=\"http:\/\/player.vimeo.com\/video\/68781612\">Partie 2<\/a><br \/>\n<a href=\"http:\/\/www.iqqaumavara.com\/en\/wp-content\/uploads\/2014\/01\/FR_Verb_Ipelee-Patsauq.pdf\" target=\"_blank\" rel=\"noopener\">T\u00e9l\u00e9charger la transcription<\/a><\/p>\n<hr \/>\n<p><strong>Ipelee est n\u00e9 \u00e0 Resolute Bay. Son p\u00e8re Markoosie Patsauq a \u00e9t\u00e9 relocalis\u00e9 d\u2019Inukjuak vers Resolute Bay en 1953 et sa m\u00e8re, Zipporah Kalluk est originaire de Pond Inlet.<\/strong><\/p>\n<p>&nbsp;<\/p>\n<blockquote >\n<p class=\"qp\">\n<p>Je ne me sens chez moi nulle part. Mais il y a deux communaut\u00e9s o\u00f9 je me sens plus \u00e0 l\u2019aise de vivre\u00a0: Inukjuak et Resolute Bay. Malheureusement, j\u2019ai eu beaucoup de difficult\u00e9s dans ces deux endroits. <\/p>\n<p>La famille de mon p\u00e8re vient d\u2019Inukjuak et celle de ma m\u00e8re, de Pond Inlet. Je me souviens qu\u2019ils aimaient passer beaucoup de temps \u00e0 l\u2019ext\u00e9rieur, en plein air. C\u2019\u00e9tait le cas pour toute la communaut\u00e9 d\u2019ailleurs. Mais quand j\u2019avais 4 ans, je pense que c\u2019est \u00e0 ce moment que l\u2019alcool est entr\u00e9 dans la communaut\u00e9, les gens ont commenc\u00e9 \u00e0 boire beaucoup. Alors les enfants se sont retrouv\u00e9s tout seuls. Nous avons grandi tout seuls.\u00a0\u00bb<\/p>\n<p><cite>Ipelee Patsauq &#8211; Resolute Bay, 2012<\/cite><\/p><\/blockquote>\n<p><!--more--><\/p>\n","protected":false},"excerpt":{"rendered":"<p>Visionner la premi\u00e8re partie | Partie 2 T\u00e9l\u00e9charger la transcription Ipelee est n\u00e9 \u00e0 Resolute Bay. Son p\u00e8re Markoosie Patsauq a \u00e9t\u00e9 relocalis\u00e9 d\u2019Inukjuak vers Resolute Bay en 1953 et sa m\u00e8re, Zipporah Kalluk est originaire de Pond Inlet. &nbsp;<\/p>\n","protected":false},"author":6,"featured_media":0,"parent":0,"menu_order":0,"comment_status":"open","ping_status":"open","template":"page-fullwidth.php","meta":{"ngg_post_thumbnail":0,"footnotes":""},"class_list":["post-4180","page","type-page","status-publish","hentry"],"jetpack_shortlink":"https:\/\/wp.me\/P2YleB-15q","jetpack_sharing_enabled":true,"_links":{"self":[{"href":"https:\/\/iqqaumavara.com\/en\/fr\/wp-json\/wp\/v2\/pages\/4180","targetHints":{"allow":["GET"]}}],"collection":[{"href":"https:\/\/iqqaumavara.com\/en\/fr\/wp-json\/wp\/v2\/pages"}],"about":[{"href":"https:\/\/iqqaumavara.com\/en\/fr\/wp-json\/wp\/v2\/types\/page"}],"author":[{"embeddable":true,"href":"https:\/\/iqqaumavara.com\/en\/fr\/wp-json\/wp\/v2\/users\/6"}],"replies":[{"embeddable":true,"href":"https:\/\/iqqaumavara.com\/en\/fr\/wp-json\/wp\/v2\/comments?post=4180"}],"version-history":[{"count":0,"href":"https:\/\/iqqaumavara.com\/en\/fr\/wp-json\/wp\/v2\/pages\/4180\/revisions"}],"wp:attachment":[{"href":"https:\/\/iqqaumavara.com\/en\/fr\/wp-json\/wp\/v2\/media?parent=4180"}],"curies":[{"name":"wp","href":"https:\/\/api.w.org\/{rel}","templated":true}]}}