{"id":4174,"date":"2013-01-16T10:48:50","date_gmt":"2013-01-16T14:48:50","guid":{"rendered":"https:\/\/www.iqqaumavara.com\/en\/elizabeth-allakariallak-roberts-son-histoire\/"},"modified":"2013-01-16T10:48:50","modified_gmt":"2013-01-16T14:48:50","slug":"elizabeth-allakariallak-roberts-son-histoire","status":"publish","type":"page","link":"https:\/\/iqqaumavara.com\/en\/fr\/elizabeth-allakariallak-roberts-son-histoire\/","title":{"rendered":"Elizabeth Allakariallak Roberts &#8211; Son histoire"},"content":{"rendered":"<p style=\"text-align: center;\"><a href=\"http:\/\/player.vimeo.com\/video\/68728509\"><img loading=\"lazy\" decoding=\"async\" class=\"aligncenter size-full wp-image-954\" alt=\"Elizabeth_Allakariallak\" src=\"http:\/\/www.iqqaumavara.com\/en\/wp-content\/uploads\/2013\/01\/Elizabeth_Allakariallak.jpg\" width=\"598\" height=\"341\" srcset=\"https:\/\/iqqaumavara.com\/en\/wp-content\/uploads\/2013\/01\/Elizabeth_Allakariallak.jpg 598w, https:\/\/iqqaumavara.com\/en\/wp-content\/uploads\/2013\/01\/Elizabeth_Allakariallak-300x171.jpg 300w\" sizes=\"auto, (max-width: 598px) 100vw, 598px\" \/><\/a><\/p>\n<p style=\"text-align: center;\"><a href=\"http:\/\/player.vimeo.com\/video\/68728509\">Visionner la premi\u00e8re partie<\/a> | <a href=\"http:\/\/player.vimeo.com\/video\/68776837\">Partie 2<\/a> | <a href=\"http:\/\/player.vimeo.com\/video\/68777994\">Partie 3<\/a><br \/>\n<a title=\"Elizabeth Allakariallak Roberts Gallery\" href=\"http:\/\/www.iqqaumavara.com\/en\/fr\/elizabeth-allakariallak-roberts-gallery\/\">Consulter les photographies fournies par Elizabeth Allakariallak Roberts<\/a> | <a href=\"http:\/\/www.iqqaumavara.com\/en\/wp-content\/uploads\/2014\/01\/FR_VERB_Elizabeth_ALLAKARIALLAK-ROBERTS.pdf\" target=\"_blank\" rel=\"noopener\">T\u00e9l\u00e9charger la transcription<\/a><\/p>\n<hr \/>\n<p><strong>Elizabeth est n\u00e9e \u00e0 Inukjuak et a \u00e9t\u00e9 r\u00e9install\u00e9e avec sa famille \u00e0 Resolute Bay en 1955.<\/strong> <\/p>\n<blockquote >\n<p class=\"qp\">\n<p>Mon nom est Elizabeth Allakariallak Roberts. Je suis une des descendantes de Johnny et Minnie Allakariallak qui auparavant s\u2019appelaient Echalook et je viens de Resolute. J\u2019y suis n\u00e9e et j\u2019y ai grandi.<\/p>\n<p>Derni\u00e8rement, mon plus jeune m\u2019a demand\u00e9 \u00e0 quel moment ses grands-parents avaient \u00e9t\u00e9 r\u00e9install\u00e9s.  Je me suis dit : \u00ab \u00c7a y est, il va vouloir en savoir plus lui aussi. \u00bb C\u2019est une bonne chose!  Les autres ne me l\u2019ont jamais demand\u00e9, mais mon plus jeune l\u2019a fait et c\u2019est une bonne chose. Ma m\u00e8re ne me parlait pas de ces choses parce que si elle l\u2019avait fait, nous qui \u00e9tions d\u00e9j\u00e0 des\u00ab petits durs \u00bb, nous aurions r\u00e9agi avec violence\u2026 J&rsquo;aurais \u00e9t\u00e9 plus violente si j&rsquo;avais su tout cela \u00e0 l&rsquo;\u00e9poque. \u00ab\u00a0<\/p>\n<p><cite>Elizabeth Allakariallak Roberts &#8211; Iqaluit, 2011<\/cite><\/p><\/blockquote>\n<p><!--more--><\/p>\n","protected":false},"excerpt":{"rendered":"<p>Visionner la premi\u00e8re partie | Partie 2 | Partie 3 Consulter les photographies fournies par Elizabeth Allakariallak Roberts | T\u00e9l\u00e9charger la transcription Elizabeth est n\u00e9e \u00e0 Inukjuak et a \u00e9t\u00e9 r\u00e9install\u00e9e avec sa famille \u00e0 Resolute Bay en 1955.<\/p>\n","protected":false},"author":6,"featured_media":0,"parent":0,"menu_order":0,"comment_status":"open","ping_status":"open","template":"page-fullwidth.php","meta":{"ngg_post_thumbnail":0,"footnotes":""},"class_list":["post-4174","page","type-page","status-publish","hentry"],"jetpack_shortlink":"https:\/\/wp.me\/P2YleB-15k","jetpack_sharing_enabled":true,"_links":{"self":[{"href":"https:\/\/iqqaumavara.com\/en\/fr\/wp-json\/wp\/v2\/pages\/4174","targetHints":{"allow":["GET"]}}],"collection":[{"href":"https:\/\/iqqaumavara.com\/en\/fr\/wp-json\/wp\/v2\/pages"}],"about":[{"href":"https:\/\/iqqaumavara.com\/en\/fr\/wp-json\/wp\/v2\/types\/page"}],"author":[{"embeddable":true,"href":"https:\/\/iqqaumavara.com\/en\/fr\/wp-json\/wp\/v2\/users\/6"}],"replies":[{"embeddable":true,"href":"https:\/\/iqqaumavara.com\/en\/fr\/wp-json\/wp\/v2\/comments?post=4174"}],"version-history":[{"count":0,"href":"https:\/\/iqqaumavara.com\/en\/fr\/wp-json\/wp\/v2\/pages\/4174\/revisions"}],"wp:attachment":[{"href":"https:\/\/iqqaumavara.com\/en\/fr\/wp-json\/wp\/v2\/media?parent=4174"}],"curies":[{"name":"wp","href":"https:\/\/api.w.org\/{rel}","templated":true}]}}