{"id":4170,"date":"2013-01-16T10:39:47","date_gmt":"2013-01-16T14:39:47","guid":{"rendered":"https:\/\/www.iqqaumavara.com\/en\/elisapee-flaherty-son-histoire\/"},"modified":"2013-01-16T10:39:47","modified_gmt":"2013-01-16T14:39:47","slug":"elisapee-flaherty-son-histoire","status":"publish","type":"page","link":"https:\/\/iqqaumavara.com\/en\/fr\/elisapee-flaherty-son-histoire\/","title":{"rendered":"Elisapee Flaherty &#8211; Son histoire"},"content":{"rendered":"<p style=\"text-align: center;\"><a href=\"http:\/\/player.vimeo.com\/video\/68728258\"><img loading=\"lazy\" decoding=\"async\" class=\"aligncenter size-full wp-image-948\" alt=\"ElisapeeFlaherty\" src=\"http:\/\/www.iqqaumavara.com\/en\/wp-content\/uploads\/2013\/01\/ElisapeeFlaherty.jpg\" width=\"585\" height=\"339\" srcset=\"https:\/\/iqqaumavara.com\/en\/wp-content\/uploads\/2013\/01\/ElisapeeFlaherty.jpg 585w, https:\/\/iqqaumavara.com\/en\/wp-content\/uploads\/2013\/01\/ElisapeeFlaherty-300x173.jpg 300w\" sizes=\"auto, (max-width: 585px) 100vw, 585px\" \/><\/p>\n<p style=\"text-align: center;\">Visionner l&rsquo;entrevue<\/a><br \/>\n<a href=\"http:\/\/www.iqqaumavara.com\/en\/wp-content\/uploads\/2014\/01\/FR_VERB_Elisapee-Flaherty.pdf\" target=\"_blank\" rel=\"noopener\">T\u00e9l\u00e9charger la transcription<\/a><\/p>\n<hr \/>\n<p><strong>Elisapee est la fille de Josephie et Rynee Flaherty qui ont \u00e9t\u00e9 d\u00e9plac\u00e9s d\u2019Inukjuak \u00e0 Grise Fiord en 1955.<\/strong><\/p>\n<blockquote >\n<p class=\"qp\">\n<p>\u00a0Il faut se mettre au d\u00e9fi pour se d\u00e9passer dans la vie. Je veux dire aux jeunes que l\u2019\u00e9ducation c\u2019est la cl\u00e9 de l\u2019ind\u00e9pendance. Devenir une personne autonome permet d\u2019explorer le monde, de voir ce qui se passe dans le monde. Les jeunes passent \u00e0 c\u00f4t\u00e9 des grandes opportunit\u00e9s que les \u00e9tudes rendent possibles. Souvent parce qu\u2019ils ont peur, qu\u2019ils ne croient pas pouvoir y arriver. Mais ils sont capables! Je pense que c\u2019est la peur qui les arr\u00eate.\u00a0\u00bb<\/p>\n<p><cite>Elisapee Flaherty &#8211; Iqaluit, 2011<\/cite><\/p><\/blockquote>\n<p><!--more--><\/p>\n","protected":false},"excerpt":{"rendered":"<p>Visionner l&rsquo;entrevue T\u00e9l\u00e9charger la transcription Elisapee est la fille de Josephie et Rynee Flaherty qui ont \u00e9t\u00e9 d\u00e9plac\u00e9s d\u2019Inukjuak \u00e0 Grise Fiord en 1955.<\/p>\n","protected":false},"author":6,"featured_media":0,"parent":0,"menu_order":0,"comment_status":"open","ping_status":"open","template":"page-fullwidth.php","meta":{"ngg_post_thumbnail":0,"footnotes":""},"class_list":["post-4170","page","type-page","status-publish","hentry"],"jetpack_shortlink":"https:\/\/wp.me\/P2YleB-15g","jetpack_sharing_enabled":true,"_links":{"self":[{"href":"https:\/\/iqqaumavara.com\/en\/fr\/wp-json\/wp\/v2\/pages\/4170","targetHints":{"allow":["GET"]}}],"collection":[{"href":"https:\/\/iqqaumavara.com\/en\/fr\/wp-json\/wp\/v2\/pages"}],"about":[{"href":"https:\/\/iqqaumavara.com\/en\/fr\/wp-json\/wp\/v2\/types\/page"}],"author":[{"embeddable":true,"href":"https:\/\/iqqaumavara.com\/en\/fr\/wp-json\/wp\/v2\/users\/6"}],"replies":[{"embeddable":true,"href":"https:\/\/iqqaumavara.com\/en\/fr\/wp-json\/wp\/v2\/comments?post=4170"}],"version-history":[{"count":0,"href":"https:\/\/iqqaumavara.com\/en\/fr\/wp-json\/wp\/v2\/pages\/4170\/revisions"}],"wp:attachment":[{"href":"https:\/\/iqqaumavara.com\/en\/fr\/wp-json\/wp\/v2\/media?parent=4170"}],"curies":[{"name":"wp","href":"https:\/\/api.w.org\/{rel}","templated":true}]}}