{"id":4164,"date":"2013-01-16T10:29:51","date_gmt":"2013-01-16T14:29:51","guid":{"rendered":"https:\/\/www.iqqaumavara.com\/en\/charlie-nowkawalk-son-histoire\/"},"modified":"2013-01-16T10:29:51","modified_gmt":"2013-01-16T14:29:51","slug":"charlie-nowkawalk-son-histoire","status":"publish","type":"page","link":"https:\/\/iqqaumavara.com\/en\/fr\/charlie-nowkawalk-son-histoire\/","title":{"rendered":"Charlie Nowkawalk &#8211; Son histoire"},"content":{"rendered":"<p style=\"text-align: center;\"><a href=\"http:\/\/player.vimeo.com\/video\/68725031\"><img loading=\"lazy\" decoding=\"async\" class=\"aligncenter size-full wp-image-942\" alt=\"CharlieNowkawalk\" src=\"http:\/\/www.iqqaumavara.com\/en\/wp-content\/uploads\/2013\/01\/CharlieNowkawalk.jpg\" width=\"598\" height=\"344\" srcset=\"https:\/\/iqqaumavara.com\/en\/wp-content\/uploads\/2013\/01\/CharlieNowkawalk.jpg 598w, https:\/\/iqqaumavara.com\/en\/wp-content\/uploads\/2013\/01\/CharlieNowkawalk-300x172.jpg 300w\" sizes=\"auto, (max-width: 598px) 100vw, 598px\" \/><\/p>\n<p style=\"text-align: center;\">Visionner la premi\u00e8re partie<\/a> | <a href=\"http:\/\/player.vimeo.com\/video\/68726627\">Partie 2<\/a><br \/>\n<a href=\"http:\/\/www.iqqaumavara.com\/en\/wp-content\/uploads\/2014\/01\/FR_VERB_Charlie-Nowkawalk.pdf\" target=\"_blank\" rel=\"noopener\">T\u00e9l\u00e9charger la transcription<\/a><\/p>\n<hr \/>\n<p><strong>Charlie habite \u00e0 Inukjuak. Sa tante, Rynee Flaherty a \u00e9t\u00e9 r\u00e9install\u00e9e avec son mari et ses enfants, d\u2019Inukjuak \u00e0 Grise Fiord en 1955.<\/strong><\/p>\n<blockquote >\n<p class=\"qp\">\n<p>\u00a0C\u2019est difficile de comprendre \u00e0 quoi pensait le gouvernement quand ils ont d\u00e9cid\u00e9 de r\u00e9installer des gens d\u2019un endroit \u00e0 l\u2019autre. Et quand on regarde tous les effets n\u00e9gatifs encourus, c\u2019est immense! Je ne peux pas raconter \u00e7a en quelques minutes. C\u2019est une longue histoire, les effets sont tr\u00e8s douloureux pour les familles, les individus, les descendants et m\u00eame les petits-enfants. C\u2019est fou! Un drame comme \u00e7a ne peut pas se r\u00e9soudre rapidement ou simplement. Le fait que les gens en parlent ouvre des blessures, mais c\u2019est un bon d\u00e9part.\u00a0\u00bb<\/p>\n<p><cite>Charlie Nowkawalk &#8211; Inukjuak, 2011<\/cite><\/p><\/blockquote>\n<p><!--more--><\/p>\n","protected":false},"excerpt":{"rendered":"<p>Visionner la premi\u00e8re partie | Partie 2 T\u00e9l\u00e9charger la transcription Charlie habite \u00e0 Inukjuak. Sa tante, Rynee Flaherty a \u00e9t\u00e9 r\u00e9install\u00e9e avec son mari et ses enfants, d\u2019Inukjuak \u00e0 Grise Fiord en 1955.<\/p>\n","protected":false},"author":6,"featured_media":0,"parent":0,"menu_order":0,"comment_status":"open","ping_status":"open","template":"page-fullwidth.php","meta":{"ngg_post_thumbnail":0,"footnotes":""},"class_list":["post-4164","page","type-page","status-publish","hentry"],"jetpack_shortlink":"https:\/\/wp.me\/P2YleB-15a","jetpack_sharing_enabled":true,"_links":{"self":[{"href":"https:\/\/iqqaumavara.com\/en\/fr\/wp-json\/wp\/v2\/pages\/4164","targetHints":{"allow":["GET"]}}],"collection":[{"href":"https:\/\/iqqaumavara.com\/en\/fr\/wp-json\/wp\/v2\/pages"}],"about":[{"href":"https:\/\/iqqaumavara.com\/en\/fr\/wp-json\/wp\/v2\/types\/page"}],"author":[{"embeddable":true,"href":"https:\/\/iqqaumavara.com\/en\/fr\/wp-json\/wp\/v2\/users\/6"}],"replies":[{"embeddable":true,"href":"https:\/\/iqqaumavara.com\/en\/fr\/wp-json\/wp\/v2\/comments?post=4164"}],"version-history":[{"count":0,"href":"https:\/\/iqqaumavara.com\/en\/fr\/wp-json\/wp\/v2\/pages\/4164\/revisions"}],"wp:attachment":[{"href":"https:\/\/iqqaumavara.com\/en\/fr\/wp-json\/wp\/v2\/media?parent=4164"}],"curies":[{"name":"wp","href":"https:\/\/api.w.org\/{rel}","templated":true}]}}