{"id":4160,"date":"2013-01-16T10:19:43","date_gmt":"2013-01-16T14:19:43","guid":{"rendered":"https:\/\/www.iqqaumavara.com\/en\/anna-nungaq-son-histoire\/"},"modified":"2013-01-16T10:19:43","modified_gmt":"2013-01-16T14:19:43","slug":"anna-nungaq-son-histoire","status":"publish","type":"page","link":"https:\/\/iqqaumavara.com\/en\/fr\/anna-nungaq-son-histoire\/","title":{"rendered":"Anna Nungaq &#8211; Son histoire"},"content":{"rendered":"<p style=\"text-align: center;\"><a href=\"http:\/\/player.vimeo.com\/video\/68625922\"><img loading=\"lazy\" decoding=\"async\" class=\"aligncenter size-full wp-image-938\" alt=\"Anna_Nungaq_Entrevue\" src=\"http:\/\/www.iqqaumavara.com\/en\/wp-content\/uploads\/2013\/01\/Anna_Nungaq_Entrevue.jpg\" width=\"596\" height=\"347\" srcset=\"https:\/\/iqqaumavara.com\/en\/wp-content\/uploads\/2013\/01\/Anna_Nungaq_Entrevue.jpg 596w, https:\/\/iqqaumavara.com\/en\/wp-content\/uploads\/2013\/01\/Anna_Nungaq_Entrevue-300x174.jpg 300w\" sizes=\"auto, (max-width: 596px) 100vw, 596px\" \/><\/p>\n<p style=\"text-align: center;\">Visionner la premi\u00e8re partie<\/a> | <a href=\"http:\/\/player.vimeo.com\/video\/68634112\">Partie 2<\/a><br \/>\n<a href=\"http:\/\/www.iqqaumavara.com\/en\/wp-content\/uploads\/2014\/01\/FR_VERB_Anna_Nungaq1.pdf\" target=\"_blank\" rel=\"noopener\">T\u00e9l\u00e9charger la transcription<\/a><\/p>\n<hr \/>\n<p><strong>En 1955 le gouvernement d\u00e9place d\u2019Inukjuak \u00e0 Resolute Bay, Anna, \u00e2g\u00e9e de huit mois, ses parents; Levi et Alacee Nungaq, son fr\u00e8re et ses soeurs.<\/strong><\/p>\n<blockquote >\n<p class=\"qp\">\n<p>\u00a0Je suis Anna Levi Nungaq. Ils nous ont d\u00e9m\u00e9nag\u00e9s. Nous \u00e9tions le deuxi\u00e8me groupe. Nous avons \u00e9t\u00e9 r\u00e9install\u00e9s en 1955.\u00a0\u00bb<\/p>\n<p>\u00abMa m\u00e8re est celle qui&#8230; je me souviens qu\u2019elle disait : \u00ab Je veux retourner chez moi, je veux retourner chez moi \u00bb Elle voulait toujours retourner \u00e0 la maison. Quand mon p\u00e8re a eu sa crise cardiaque et qu\u2019il ne pouvait plus travailler, ils sont retourn\u00e9s direct l\u00e0-bas, de retour chez eux \u00e0 Inukjuak. Maintenant, elle est \u00e0 la maison. \u00bb<\/p>\n<p><cite>Anna Nungaq &#8211; Resolute Bay, 2012<\/cite><\/p><\/blockquote>\n<p><!--more--><\/p>\n","protected":false},"excerpt":{"rendered":"<p>Visionner la premi\u00e8re partie | Partie 2 T\u00e9l\u00e9charger la transcription En 1955 le gouvernement d\u00e9place d\u2019Inukjuak \u00e0 Resolute Bay, Anna, \u00e2g\u00e9e de huit mois, ses parents; Levi et Alacee Nungaq, son fr\u00e8re et ses soeurs.<\/p>\n","protected":false},"author":6,"featured_media":0,"parent":0,"menu_order":0,"comment_status":"open","ping_status":"open","template":"page-fullwidth.php","meta":{"ngg_post_thumbnail":0,"footnotes":""},"class_list":["post-4160","page","type-page","status-publish","hentry"],"jetpack_shortlink":"https:\/\/wp.me\/P2YleB-156","jetpack_sharing_enabled":true,"_links":{"self":[{"href":"https:\/\/iqqaumavara.com\/en\/fr\/wp-json\/wp\/v2\/pages\/4160","targetHints":{"allow":["GET"]}}],"collection":[{"href":"https:\/\/iqqaumavara.com\/en\/fr\/wp-json\/wp\/v2\/pages"}],"about":[{"href":"https:\/\/iqqaumavara.com\/en\/fr\/wp-json\/wp\/v2\/types\/page"}],"author":[{"embeddable":true,"href":"https:\/\/iqqaumavara.com\/en\/fr\/wp-json\/wp\/v2\/users\/6"}],"replies":[{"embeddable":true,"href":"https:\/\/iqqaumavara.com\/en\/fr\/wp-json\/wp\/v2\/comments?post=4160"}],"version-history":[{"count":0,"href":"https:\/\/iqqaumavara.com\/en\/fr\/wp-json\/wp\/v2\/pages\/4160\/revisions"}],"wp:attachment":[{"href":"https:\/\/iqqaumavara.com\/en\/fr\/wp-json\/wp\/v2\/media?parent=4160"}],"curies":[{"name":"wp","href":"https:\/\/api.w.org\/{rel}","templated":true}]}}