{"id":4155,"date":"2013-01-04T08:44:22","date_gmt":"2013-01-04T12:44:22","guid":{"rendered":"https:\/\/www.iqqaumavara.com\/en\/angie-amagoalik-son-histoire\/"},"modified":"2013-01-04T08:44:22","modified_gmt":"2013-01-04T12:44:22","slug":"angie-amagoalik-son-histoire","status":"publish","type":"page","link":"https:\/\/iqqaumavara.com\/en\/fr\/angie-amagoalik-son-histoire\/","title":{"rendered":"Angie Amagoalik &#8211; Son histoire"},"content":{"rendered":"<p style=\"text-align: center;\"><a href=\"http:\/\/player.vimeo.com\/video\/68639357\"><img loading=\"lazy\" decoding=\"async\" class=\"wp-image-814 aligncenter\" alt=\"Angie Amagoalik\" src=\"http:\/\/www.iqqaumavara.com\/en\/wp-content\/uploads\/2013\/01\/Angie_Amagoalik_1a.jpg\" width=\"565\" height=\"310\" \/><\/a><\/p>\n<p style=\"text-align: center;\"><a href=\"http:\/\/player.vimeo.com\/video\/68639357\">Visionner la premi\u00e8re partie<\/a> | <a href=\"http:\/\/\/\/player.vimeo.com\/video\/68640064\">Partie 2<\/a><br \/>\n<a title=\"Elizabeth Allakariallak Roberts Gallery\" href=\"http:\/\/www.iqqaumavara.com\/en\/simeonie-amagoalik-angie-amagolik-gallery\/\">Consulter les photographies fournies par Elizabeth Allakariallak<\/a> | <a href=\"hhttp:\/\/www.iqqaumavara.com\/en\/wp-content\/uploads\/2014\/01\/FR_VERB_Angie-Amagoalik.pdf\">T\u00e9l\u00e9charger la transcription<\/a><\/p>\n<hr \/>\n<p><strong>Angie est n\u00e9e \u00e0 Resolute Bay. Ses parents; Simeonie et Sarah Amagoalik ont \u00e9t\u00e9 d\u00e9plac\u00e9s d\u2019Inukjuak \u00e0 Resolute Bay en 1953.<\/strong><\/p>\n<blockquote >\n<p class=\"qp\">\n<p>\u00a0La vie \u00e0 Resolute a \u00e9t\u00e9 tr\u00e8s difficile. Je suis d\u00e9sol\u00e9e car je vais devenir \u00e9motive. C\u2019est la premi\u00e8re fois que je suis capable de raconter comment \u00e9tait la vie \u00e0 Resolute Bay, comment nous avons grandi \u00e0 Resolute Bay. C\u2019\u00e9tait tr\u00e8s difficile; bien s\u00fbr, il y avait des hauts et des bas comme pour tout le monde. Il y avait de la joie et beaucoup de tristesse, mais particuli\u00e8rement dans mon cas, c\u2019\u00e9tait, tr\u00e8s tr\u00e8s triste. C\u2019\u00e9tait effrayant, c\u2019\u00e9tait horrible, c\u2019\u00e9tait\u2026 C\u2019\u00e9tait tr\u00e8s effrayant de vivre dans cet endroit.\u00a0\u00bb<\/p>\n<p><cite>Angie Amagoalik &#8211; Iqaluit, 2011<\/cite><\/p><\/blockquote>\n<p><!--more--><\/p>\n","protected":false},"excerpt":{"rendered":"<p>Visionner la premi\u00e8re partie | Partie 2 Consulter les photographies fournies par Elizabeth Allakariallak | T\u00e9l\u00e9charger la transcription Angie est n\u00e9e \u00e0 Resolute Bay. Ses parents; Simeonie et Sarah Amagoalik ont \u00e9t\u00e9 d\u00e9plac\u00e9s d\u2019Inukjuak \u00e0 Resolute Bay en 1953.<\/p>\n","protected":false},"author":6,"featured_media":0,"parent":0,"menu_order":0,"comment_status":"open","ping_status":"open","template":"page-fullwidth.php","meta":{"ngg_post_thumbnail":0,"footnotes":""},"class_list":["post-4155","page","type-page","status-publish","hentry"],"jetpack_shortlink":"https:\/\/wp.me\/P2YleB-151","jetpack_sharing_enabled":true,"_links":{"self":[{"href":"https:\/\/iqqaumavara.com\/en\/fr\/wp-json\/wp\/v2\/pages\/4155","targetHints":{"allow":["GET"]}}],"collection":[{"href":"https:\/\/iqqaumavara.com\/en\/fr\/wp-json\/wp\/v2\/pages"}],"about":[{"href":"https:\/\/iqqaumavara.com\/en\/fr\/wp-json\/wp\/v2\/types\/page"}],"author":[{"embeddable":true,"href":"https:\/\/iqqaumavara.com\/en\/fr\/wp-json\/wp\/v2\/users\/6"}],"replies":[{"embeddable":true,"href":"https:\/\/iqqaumavara.com\/en\/fr\/wp-json\/wp\/v2\/comments?post=4155"}],"version-history":[{"count":0,"href":"https:\/\/iqqaumavara.com\/en\/fr\/wp-json\/wp\/v2\/pages\/4155\/revisions"}],"wp:attachment":[{"href":"https:\/\/iqqaumavara.com\/en\/fr\/wp-json\/wp\/v2\/media?parent=4155"}],"curies":[{"name":"wp","href":"https:\/\/api.w.org\/{rel}","templated":true}]}}