{"id":4144,"date":"2012-12-14T12:14:49","date_gmt":"2012-12-14T16:14:49","guid":{"rendered":"https:\/\/www.iqqaumavara.com\/en\/madeleine-allakariallak-son-histoire\/"},"modified":"2012-12-14T12:14:49","modified_gmt":"2012-12-14T16:14:49","slug":"madeleine-allakariallak-son-histoire","status":"publish","type":"page","link":"https:\/\/iqqaumavara.com\/en\/fr\/madeleine-allakariallak-son-histoire\/","title":{"rendered":"Madeleine Allakariallak &#8211; Son histoire"},"content":{"rendered":"<p>&nbsp;<\/p>\n<p style=\"text-align: center;\"><a href=\"http:\/\/player.vimeo.com\/video\/68877263\"><img loading=\"lazy\" decoding=\"async\" class=\"size-full wp-image-814 aligncenter\" alt=\"Madeleine Allakariallak\" src=\"http:\/\/www.iqqaumavara.com\/en\/wp-content\/uploads\/2013\/01\/Madeleine_Allakariallak_a.jpg\" width=\"565\" height=\"321\" \/><\/a><\/p>\n<p style=\"text-align: center;\"><a href=\"http:\/\/player.vimeo.com\/video\/68877263\">Visionner la premi\u00e8re partie<\/a> | <a href=\"http:\/\/player.vimeo.com\/video\/68877755\">Partie 2<\/a><br \/>\n<a href=\"http:\/\/www.iqqaumavara.com\/en\/wp-content\/uploads\/2014\/01\/FR_Verb_Madeleine_Allakariallak.pdf\">T\u00e9l\u00e9charger la transcription<\/a><\/p>\n<hr \/>\n<p><strong>Madeleine est n\u00e9e \u00e0 Resolute Bay. Sa m\u00e8re a \u00e9t\u00e9 d\u00e9plac\u00e9e d\u2019Inukjuak \u00e0 Resolute Bay en 1955. <\/strong><\/p>\n<p>&nbsp;<\/p>\n<blockquote >\n<p class=\"qp\">\n<p>\u00a0Je m\u2019appelle Madeleine Allakariallak. Je vis \u00e0 Iqaluit, mais je suis n\u00e9e et j\u2019ai grandi \u00e0 Resolute Bay en Extr\u00eame Arctique. Je suis la fille d\u2019Elizabeth Roberts et Paul Charest et la petite fille de Minnie Allakariallak, avec qui j\u2019ai grandi. Elle \u00e9tait ma meilleure amie.\u00a0\u00bb<\/p>\n<p>\u00ab\u00a0Je sais aujourd\u2019hui que Minnie Allakariallak a travers\u00e9 de terribles \u00e9preuves. J&rsquo;ai regard\u00e9 des photos, depuis qu&rsquo;elle est d\u00e9c\u00e9d\u00e9e\u2026et depuis le d\u00e9c\u00e8s de mes deux magnifiques tantes, dans les derni\u00e8res ann\u00e9es. J\u2019ai lu des lettres de mon d\u00e9funt grand-p\u00e8re qui raconte combien la vie a \u00e9t\u00e9 difficile lorsqu\u2019ils ont \u00e9t\u00e9 d\u00e9plac\u00e9s.\u00a0\u00bb<\/p>\n<p><cite>Madeleine Allakariallak &#8211; Iqaluit, 2011<\/cite><\/p><\/blockquote>\n<p><!--more--><\/p>\n","protected":false},"excerpt":{"rendered":"<p>&nbsp; Visionner la premi\u00e8re partie | Partie 2 T\u00e9l\u00e9charger la transcription Madeleine est n\u00e9e \u00e0 Resolute Bay. Sa m\u00e8re a \u00e9t\u00e9 d\u00e9plac\u00e9e d\u2019Inukjuak \u00e0 Resolute Bay en 1955. &nbsp;<\/p>\n","protected":false},"author":6,"featured_media":0,"parent":0,"menu_order":0,"comment_status":"open","ping_status":"open","template":"page-fullwidth.php","meta":{"ngg_post_thumbnail":0,"footnotes":""},"class_list":["post-4144","page","type-page","status-publish","hentry"],"jetpack_shortlink":"https:\/\/wp.me\/P2YleB-14Q","jetpack_sharing_enabled":true,"_links":{"self":[{"href":"https:\/\/iqqaumavara.com\/en\/fr\/wp-json\/wp\/v2\/pages\/4144","targetHints":{"allow":["GET"]}}],"collection":[{"href":"https:\/\/iqqaumavara.com\/en\/fr\/wp-json\/wp\/v2\/pages"}],"about":[{"href":"https:\/\/iqqaumavara.com\/en\/fr\/wp-json\/wp\/v2\/types\/page"}],"author":[{"embeddable":true,"href":"https:\/\/iqqaumavara.com\/en\/fr\/wp-json\/wp\/v2\/users\/6"}],"replies":[{"embeddable":true,"href":"https:\/\/iqqaumavara.com\/en\/fr\/wp-json\/wp\/v2\/comments?post=4144"}],"version-history":[{"count":0,"href":"https:\/\/iqqaumavara.com\/en\/fr\/wp-json\/wp\/v2\/pages\/4144\/revisions"}],"wp:attachment":[{"href":"https:\/\/iqqaumavara.com\/en\/fr\/wp-json\/wp\/v2\/media?parent=4144"}],"curies":[{"name":"wp","href":"https:\/\/api.w.org\/{rel}","templated":true}]}}