{"id":4140,"date":"2012-07-15T14:56:13","date_gmt":"2012-07-15T18:56:13","guid":{"rendered":"https:\/\/www.iqqaumavara.com\/en\/markoosie-patsauq-son-histoire\/"},"modified":"2012-07-15T14:56:13","modified_gmt":"2012-07-15T19:56:13","slug":"markoosie-patsauq-son-histoire","status":"publish","type":"page","link":"https:\/\/iqqaumavara.com\/en\/fr\/markoosie-patsauq-son-histoire\/","title":{"rendered":"Markoosie Patsauq &#8211; Son histoire"},"content":{"rendered":"<p style=\"text-align: center;\"><a href=\"http:\/\/player.vimeo.com\/video\/68878550\"><img loading=\"lazy\" decoding=\"async\" class=\"size-full wp-image-814 aligncenter\" src=\"http:\/\/www.iqqaumavara.com\/en\/wp-content\/uploads\/2012\/07\/Markoosie_Patsauq.jpg\" alt=\"Markoosie Patsauq\" width=\"563\" height=\"329\" srcset=\"https:\/\/iqqaumavara.com\/en\/wp-content\/uploads\/2012\/07\/Markoosie_Patsauq.jpg 563w, https:\/\/iqqaumavara.com\/en\/wp-content\/uploads\/2012\/07\/Markoosie_Patsauq-300x175.jpg 300w\" sizes=\"auto, (max-width: 563px) 100vw, 563px\" \/><\/a><\/p>\n<p style=\"text-align: center;\"><a href=\"http:\/\/player.vimeo.com\/video\/68878550\">Visionner la premi\u00e8re partie<\/a> | <a href=\"http:\/\/player.vimeo.com\/video\/69088699\">Partie 2<\/a> | <a href=\"http:\/\/player.vimeo.com\/video\/69093702\">Partie 3<\/a><br \/>\n<a href=\"http:\/\/www.iqqaumavara.com\/en\/wp-content\/uploads\/2014\/01\/FR_Verb_MarkoosiePatsauq.pdf\">T\u00e9l\u00e9charger la transcription<\/a><\/p>\n<hr>\n<p><strong>Markoosie a \u00e9t\u00e9 d\u00e9plac\u00e9 \u00e0 Resolute Bay en 1953 avec ses parents; Edith et Alex Patsauq et ses trois fr\u00e8res.<\/strong><\/p>\n<blockquote >\n<p class=\"qp\">\n<p>&nbsp;Mon nom est Markoosie Patsauq, j\u2019avais 12 ans quand nous avons \u00e9t\u00e9 d\u00e9plac\u00e9s d\u2019Inukjuak vers Resolute Bay en 1953. Nous avons \u00e9t\u00e9 d\u00e9plac\u00e9s avec quatre familles. D\u2019autres familles sont all\u00e9es \u00e0 un autre endroit. Chez nous il y avait mon p\u00e8re, ma m\u00e8re, une s\u0153ur, deux fr\u00e8res et moi.&nbsp;\u00bb<\/p>\n<p>\u00ab&nbsp;Six semaines plus tard, nous sommes arriv\u00e9s \u00e0 Resolute. C\u2019\u00e9tait au d\u00e9but du mois de septembre. Je me souviens que c\u2019\u00e9tait t\u00f4t le matin, ils nous ont d\u00e9barqu\u00e9s sur la plage et d\u00e8s que nous avons mis le pied \u00e0 terre, la neige a commenc\u00e9 \u00e0 tomber.[\u2026] C\u2019\u00e9tait une terre sans vie. Comme une plan\u00e8te morte. Pas de vie visible nulle part.&nbsp;\u00bb<\/p>\n<p><cite>Markoosie Patsauq &#8211; Inukjuak, 2011<\/cite><\/p><\/blockquote>\n<p><!--more--><\/p>\n","protected":false},"excerpt":{"rendered":"<p>Visionner la premi\u00e8re partie | Partie 2 | Partie 3 T\u00e9l\u00e9charger la transcription Markoosie a \u00e9t\u00e9 d\u00e9plac\u00e9 \u00e0 Resolute Bay en 1953 avec ses parents; Edith et Alex Patsauq et ses trois fr\u00e8res.<\/p>\n","protected":false},"author":6,"featured_media":0,"parent":0,"menu_order":0,"comment_status":"closed","ping_status":"closed","template":"page-fullwidth.php","meta":{"ngg_post_thumbnail":0,"footnotes":""},"class_list":["post-4140","page","type-page","status-publish","hentry"],"jetpack_shortlink":"https:\/\/wp.me\/P2YleB-14M","jetpack_sharing_enabled":true,"_links":{"self":[{"href":"https:\/\/iqqaumavara.com\/en\/fr\/wp-json\/wp\/v2\/pages\/4140","targetHints":{"allow":["GET"]}}],"collection":[{"href":"https:\/\/iqqaumavara.com\/en\/fr\/wp-json\/wp\/v2\/pages"}],"about":[{"href":"https:\/\/iqqaumavara.com\/en\/fr\/wp-json\/wp\/v2\/types\/page"}],"author":[{"embeddable":true,"href":"https:\/\/iqqaumavara.com\/en\/fr\/wp-json\/wp\/v2\/users\/6"}],"replies":[{"embeddable":true,"href":"https:\/\/iqqaumavara.com\/en\/fr\/wp-json\/wp\/v2\/comments?post=4140"}],"version-history":[{"count":0,"href":"https:\/\/iqqaumavara.com\/en\/fr\/wp-json\/wp\/v2\/pages\/4140\/revisions"}],"wp:attachment":[{"href":"https:\/\/iqqaumavara.com\/en\/fr\/wp-json\/wp\/v2\/media?parent=4140"}],"curies":[{"name":"wp","href":"https:\/\/api.w.org\/{rel}","templated":true}]}}